{"id":1977,"date":"2024-07-29T14:34:55","date_gmt":"2024-07-29T18:34:55","guid":{"rendered":"https:\/\/bi.mtess.gov.py\/v1\/?page_id=1977"},"modified":"2026-03-25T08:20:15","modified_gmt":"2026-03-25T11:20:15","slug":"ley-n5189-2014","status":"publish","type":"page","link":"https:\/\/www.mtess.gov.py\/?page_id=1977","title":{"rendered":"LEY N\u00b05189\/2014"},"content":{"rendered":"\n<div class=\"wp-block-uagb-container uagb-block-f560655f alignfull uagb-is-root-container\"><div class=\"uagb-container-inner-blocks-wrap\">\n<div class=\"wp-block-uagb-container uagb-block-1dc4384a\">\n<h5 class=\"mtess-header\"> QUE ESTABLECE LA OBLIGATORIEDAD DE LA PROVISI\u00d3N DE INFORMACIONES EN EL USO DE LOS RECURSOS P\u00daBLICOS SOBRE REMUNERACIONES Y OTRAS RETRIBUCIONES ASIGNADAS AL SERVIDOR P\u00daBLICO DE LA REP\u00daBLICA DEL PARAGUAY<\/h5>\n<\/div>\n<\/div><\/div>\n\n\n\n<div class=\"wp-block-uagb-container uagb-block-04b5946b alignfull uagb-is-root-container\"><div class=\"uagb-container-inner-blocks-wrap\">\n<div class=\"transparencia-container\">\n    <style>\n        \/* Todos los estilos ahora dependen del padre .transparencia-container *\/\n        .transparencia-container {\n            --mtess-azul: #002053;\n            --mtess-gris-fondo: #f8f9fa;\n            width: 100%;\n            max-width: 1100px;\n            margin: 20px auto;\n            font-family: 'Calibri', sans-serif;\n            line-height: 1.5;\n            color: #333;\n        }\n\n        .transparencia-container .mtess-card {\n            background: #ffffff;\n            padding: 25px;\n            border-radius: 8px;\n            box-shadow: 0 2px 10px rgba(0,0,0,0.05);\n            margin-bottom: 25px;\n            border-top: 4px solid var(--mtess-azul);\n            border-left: 1px solid #eee;\n            border-right: 1px solid #eee;\n            border-bottom: 1px solid #eee;\n        }\n\n        .transparencia-container .mtess-header {\n            font-weight: bold;\n            font-size: 19px;\n            color: var(--mtess-azul);\n            margin-bottom: 1.5rem;\n            border-bottom: 1px solid #eee;\n            padding-bottom: 0.5rem;\n            text-align: left;\n        }\n\n        .transparencia-container .mtess-table {\n            width: 100%;\n            border-collapse: collapse;\n            margin-bottom: 1rem;\n            background-color: transparent;\n        }\n\n        .transparencia-container .mtess-table th {\n            background-color: #f1f3f5;\n            color: var(--mtess-azul);\n            text-align: center;\n            font-size: 13px;\n            border: 1px solid #dee2e6;\n            padding: 10px;\n        }\n\n        .transparencia-container .mtess-table td {\n            text-align: center;\n            border: 1px solid #dee2e6;\n            padding: 8px;\n            font-size: 14px;\n        }\n\n        .transparencia-container a {\n            color: var(--mtess-azul) !important;\n            text-decoration: none !important;\n            font-weight: 500;\n        }\n\n        .transparencia-container a:hover {\n            text-decoration: underline !important;\n        }\n\n        .transparencia-container .mtess-btn-resumen {\n            display: inline-block;\n            background-color: #fff;\n            border: 2px solid #ccc;\n            color: #333 !important;\n            padding: 10px 30px;\n            font-weight: bold;\n            border-radius: 4px;\n            transition: all 0.3s;\n            text-align: center;\n        }\n\n        .transparencia-container .mtess-btn-resumen:hover {\n            background-color: var(--mtess-azul);\n            color: #fff !important;\n            border-color: var(--mtess-azul);\n            text-decoration: none !important;\n        }\n        \n        \/* Ajuste para que no herede bullets si hay resets globales *\/\n        .transparencia-container p { margin-bottom: 10px; }\n    <\/style>\n\n    <div class=\"mtess-card\">\n        <h2 class=\"mtess-header\">a) Estructura org\u00e1nica y funciones de cada una de las dependencias.<\/h2>\n        <a href=\"https:\/\/www.mtess.gov.py\/wp-content\/uploads\/2025\/07\/Resolucion-MTESS-Nro-941-24-ORGANIGRAMA-MTESS.pdf\" target=\"_blank\">\ud83d\udcc4 RESOLUCI\u00d3N MTESS Nro 941-24 &#8211; ORGANIGRAMA MTESS.<\/a>\n    <\/div>\n\n    <div class=\"mtess-card\">\n        <h2 class=\"mtess-header\">b) Direcci\u00f3n y tel\u00e9fono de la entidad y de todas las dependencias<\/h2>\n        <p>\ud83d\udccd Sede Central: <a href=\"https:\/\/www.mtess.gov.py\/wp-content\/uploads\/2025\/07\/Telefonos-MTESS-Sede-central.pdf\" target=\"_blank\">Ir al Documento<\/a><\/p>\n        <p>\ud83d\udccd Sede VMESS: <a href=\"https:\/\/www.mtess.gov.py\/wp-content\/uploads\/2025\/07\/Telefonos-MTESS-Sede-VMESS.pdf\" target=\"_blank\">Ir al Documento<\/a><\/p>\n    <\/div>\n\n    <div class=\"mtess-card\">\n        <h2 class=\"mtess-header\">c) N\u00f3mina completa de los funcionarios<\/h2>\n        <table class=\"mtess-table\">\n            <thead><tr><th>Mes<\/th><th>Nomina de funcionarios<\/th><\/tr><\/thead>\n            <tbody>\n                <tr><td>Enero<\/td><td><a href=\"https:\/\/www.mtess.gov.py\/wp-content\/uploads\/2026\/02\/01.-LEY-DE-TRANSPARENCIA-ENERO-2026.xlsx\">descargar<\/a><\/td><\/tr>\n                <tr><td>Febrero<\/td><td><a href=\"https:\/\/www.mtess.gov.py\/wp-content\/uploads\/2026\/03\/02._LEY_DE_TRANSPARENCIA_-_FEBRERO_2026.xlsx\">descargar<\/a><\/td><\/tr>\n                <tr><td>Marzo<\/td><td><a href=\"\"><\/a><\/td><\/tr>\n                <tr><td>Abril<\/td><td><a href=\"\"><\/a><\/td><\/tr>\n                <tr><td>Mayo<\/td><td><a href=\"\"><\/a><\/td><\/tr>\n                <tr><td>Junio<\/td><td><a href=\"\"><\/a><\/td><\/tr>\n                <tr><td>Julio<\/td><td><a href=\"\"><\/a><\/td><\/tr>\n                <tr><td>Agosto<\/td><td><a href=\"\"><\/a><\/td><\/tr>\n                <tr><td>Septiembre<\/td><td><a href=\"\"><\/a><\/td><\/tr>\n                <tr><td>Octubre<\/td><td><a href=\"\"><\/a><\/td><\/tr>\n                <tr><td>Noviembre<\/td><td><a href=\"\"><\/a><\/td><\/tr>\n                <tr><td>Diciembre<\/td><td><a href=\"\"><\/a><\/td><\/tr>\n            <\/tbody>\n        <\/table>\n    <\/div>\n\n    <div class=\"mtess-card\">\n        <h2 class=\"mtess-header\">d) Presupuesto de ingresos, gastos asignados y anexo de personal<\/h2>\n        <table class=\"mtess-table\">\n            <thead>\n                <tr>\n                    <th>Mes<\/th>\n                    <th>Ejecuci\u00f3n de Gastos<\/th>\n                    <th>Ejecuci\u00f3n de Ingresos<\/th>\n                    <th>Vacancias<\/th>\n                    <th>Anexo de Personal<\/th>\n                <\/tr>\n            <\/thead>\n            <tbody>\n                <tr><td>Enero<\/td><td><a href=\"https:\/\/www.mtess.gov.py\/wp-content\/uploads\/2026\/02\/EJECUCION-GASTO-ENERO.pdf\">descargar<\/a><\/td><td><a href=\"https:\/\/www.mtess.gov.py\/wp-content\/uploads\/2026\/02\/EJEUCION-INGRESO-ENERO.pdf\">descargar<\/a><\/td><td><a href=\"https:\/\/www.mtess.gov.py\/wp-content\/uploads\/2026\/02\/VACANCIAS-111-Y-113-ENERO-2026.xlsx\">descargar<\/a><\/td><td><a href=\"https:\/\/www.mtess.gov.py\/wp-content\/uploads\/2026\/02\/Anexo-de-personal-2026-Ministerio-del-Trabajo-Empleo-y-Seguridad-Social.pdf\">descargar<\/a><\/td><\/tr>\n                <tr><td>Febrero<\/td><td><a href=\"https:\/\/www.mtess.gov.py\/wp-content\/uploads\/2026\/03\/EJECUCION-GASTO-FEBRERO-2026.pdf\">descargar<\/a><\/td><td><a href=\"https:\/\/www.mtess.gov.py\/wp-content\/uploads\/2026\/03\/EJEUCION-INGRESO-FEBRERO-2026.pdf\">descargar<\/a><\/td><td><a href=\"https:\/\/www.mtess.gov.py\/wp-content\/uploads\/2026\/03\/VACANCIAS_111_Y_113_-_FEBRERO_2026.xlsx\">descargar<\/a><\/td><td><a href=\"https:\/\/www.mtess.gov.py\/wp-content\/uploads\/2026\/03\/Anexo-de-personal-2026-Ministerio-del-Trabajo-Empleo-y-Seguridad-Social.pdf\">descargar<\/a><\/td><\/tr>\n                <tr><td>Marzo<\/td><td><a href=\"\"><\/a><\/td><td><a href=\"\"><\/a><\/td><td><a href=\"\"><\/a><\/td><td><a href=\"\"><\/a><\/td><\/tr>\n                <tr><td>Abril<\/td><td><a href=\"\"><\/a><\/td><td><a href=\"\"><\/a><\/td><td><a href=\"\"><\/a><\/td><td><a href=\"\"><\/a><\/td><\/tr>\n                <tr><td>Mayo<\/td><td><a href=\"\"><\/a><\/td><td><a href=\"\"><\/a><\/td><td><a href=\"\"><\/a><\/td><td><a href=\"\"><\/a><\/td><\/tr>\n                <tr><td>Junio<\/td><td><a href=\"\"><\/a><\/td><td><a href=\"\"><\/a><\/td><td><a href=\"\"><\/a><\/td><td><a href=\"\"><\/a><\/td><\/tr>\n                <tr><td>Julio<\/td><td><a href=\"\"><\/a><\/td><td><a href=\"\"><\/a><\/td><td><a href=\"\"><\/a><\/td><td><a href=\"\"><\/a><\/td><\/tr>\n                <tr><td>Agosto<\/td><td><a href=\"\"><\/a><\/td><td><a href=\"\"><\/a><\/td><td><a href=\"\"><\/a><\/td><td><a href=\"\"><\/a><\/td><\/tr>\n                <tr><td>Septiembre<\/td><td><a href=\"\"><\/a><\/td><td><a href=\"\"><\/a><\/td><td><a href=\"\"><\/a><\/td><td><a href=\"\"><\/a><\/td><\/tr>\n                <tr><td>Octubre<\/td><td><a href=\"\"><\/a><\/td><td><a href=\"\"><\/a><\/td><td><a href=\"\"><\/a><\/td><td><a href=\"\"><\/a><\/td><\/tr>\n                <tr><td>Noviembre<\/td><td><a href=\"\"><\/a><\/td><td><a href=\"\"><\/a><\/td><td><a href=\"\"><\/a><\/td><td><a href=\"\"><\/a><\/td><\/tr>\n                <tr><td>Diciembre<\/td><td><a href=\"\"><\/a><\/td><td><a href=\"\"><\/a><\/td><td><a href=\"\"><\/a><\/td><td><a href=\"\"><\/a><\/td><\/tr>\n            <\/tbody>\n        <\/table>\n    <\/div>\n\n    <div class=\"mtess-card\">\n        <h2 class=\"mtess-header\">e) Detalles de viajes nacionales e internacionales<\/h2>\n        <table class=\"mtess-table\">\n            <thead>\n                <tr>\n                    <th>Mes<\/th>\n                    <th>Vi\u00e1ticos I<\/th>\n                    <th>Vi\u00e1ticos II<\/th>\n                    <th>Vi\u00e1ticos III<\/th>\n                <\/tr>\n            <\/thead>\n            <tbody>\n                <tr><td>Enero<\/td><td><a href=\"https:\/\/www.mtess.gov.py\/wp-content\/uploads\/2026\/02\/VIATICO-I-ENERO_2026_PLANILLA.pdf\">descargar<\/a><\/td><td><a href=\"https:\/\/www.mtess.gov.py\/wp-content\/uploads\/2026\/02\/VIATICOS-II-ENERO_ANEXO.pdf\">descargar<\/a><\/td><td><a href=\"https:\/\/www.mtess.gov.py\/wp-content\/uploads\/2026\/02\/Viaticos-III-Resoluciones.pdf\">descargar<\/a><\/td><\/tr>\n                <tr><td>Febrero<\/td><td><a href=\"https:\/\/www.mtess.gov.py\/wp-content\/uploads\/2026\/03\/viaticos-TRANSPARENCIA-FEBRERO-2026.pdf\">descargar<\/a><\/td><td><a href=\"\"><\/a><\/td><td><a href=\"\"><\/a><\/td><\/tr>\n                <tr><td>Marzo<\/td><td><a href=\"\"><\/a><\/td><td><a href=\"\"><\/a><\/td><td><a href=\"\"><\/a><\/td><\/tr>\n                <tr><td>Abril<\/td><td><a href=\"\"><\/a><\/td><td><a href=\"\"><\/a><\/td><td><a href=\"\"><\/a><\/td><\/tr>\n                <tr><td>Mayo<\/td><td><a href=\"\"><\/a><\/td><td><a href=\"\"><\/a><\/td><td><a href=\"\"><\/a><\/td><\/tr>\n                <tr><td>Junio<\/td><td><a href=\"\"><\/a><\/td><td><a href=\"\"><\/a><\/td><td><a href=\"\"><\/a><\/td><\/tr>\n                <tr><td>Julio<\/td><td><a href=\"\"><\/a><\/td><td><a href=\"\"><\/a><\/td><td><a href=\"\"><\/a><\/td><\/tr>\n                <tr><td>Agosto<\/td><td><a href=\"\"><\/a><\/td><td><a href=\"\"><\/a><\/td><td><a href=\"\"><\/a><\/td><\/tr>\n                <tr><td>Septiembre<\/td><td><a href=\"\"><\/a><\/td><td><a href=\"\"><\/a><\/td><td><a href=\"\"><\/a><\/td><\/tr>\n                <tr><td>Octubre<\/td><td><a href=\"\"><\/a><\/td><td><a href=\"\"><\/a><\/td><td><a href=\"\"><\/a><\/td><\/tr>\n                <tr><td>Noviembre<\/td><td><a href=\"\"><\/a><\/td><td><a href=\"\"><\/a><\/td><td><a href=\"\"><\/a><\/td><\/tr>\n                <tr><td>Diciembre<\/td><td><a href=\"\"><\/a><\/td><td><a href=\"\"><\/a><\/td><td><a href=\"\"><\/a><\/td><\/tr>\n            <\/tbody>\n        <\/table>\n    <\/div>\n\n    <div class=\"mtess-card\">\n        <h2 class=\"mtess-header\">f) Inventario de bienes muebles, inmuebles y veh\u00edculos<\/h2>\n        <p>\ud83d\udccb Inventario de Bienes de uso periodo 2025\/6 <a href=\"https:\/\/www.mtess.gov.py\/wp-content\/uploads\/2026\/03\/Movimiento-de-bienes-febrero-2026.pdf\">Ir al Documento<\/a><\/p>\n        <p>\ud83d\udccb Consolidaci\u00f3n de Bienes 2025\/6 <a href=\"https:\/\/www.mtess.gov.py\/wp-content\/uploads\/2026\/03\/Consolidacion-de-Bienes-de-uso-febrero-2026.pdf\">Ir al Documento<\/a><\/p>\n    <\/div>\n        <div class=\"mtess-card\">\n        <h2 class=\"mtess-header\">I) Cualquier otra informaci\u00f3n que la entidad considere necesaria para dar a conocer el cumplimiento de su misi\u00f3n y objetivos institucionales<\/h2>\n        <p>\ud83d\udccb Balance Anual de Gesti\u00f3n P\u00fablica 2025 (BAGP 2025)<a href=\"https:\/\/www.mtess.gov.py\/wp-content\/uploads\/2026\/03\/Balance-Anual-de-Gestion-Publica-2025-MTESS-BAGP_2025-1.pdf\"> Ir al Documento<\/a><\/p>\n        \n    <\/div>\n\n    <div class=\"mtess-card\" style=\"text-align: center;\">\n        <h2 class=\"mtess-header\" style=\"text-align: center;\">Resumen Anual<\/h2>\n        <a class=\"mtess-btn-resumen\" href=\"https:\/\/www.mtess.gov.py\/wp-content\/uploads\/2026\/03\/LEY_DE_TRANSPARENCIA_GENERAL_2025_-_RESUMEN_ANUAL.xlsx\">Descargar Resumen Anual<\/a>\n    <\/div>\n\n<\/div>\n<\/div><\/div>\n\n\n\n<div class=\"wp-block-uagb-container uagb-block-a411a63a alignfull uagb-is-root-container\"><div class=\"uagb-container-inner-blocks-wrap\">\n<!DOCTYPE html>\n<html lang=\"es\">\n<head>\n    <meta charset=\"UTF-8\">\n    <meta name=\"viewport\" content=\"width=device-width, initial-scale=1.0\">\n    <title>Historial de publicaciones<\/title>\n    <style>\n        .historial-publicaciones-container {\n            font-family: Calibri, sans-serif; \/* Cambia la fuente a Calibri o sans-serif *\/\n            margin: 0;\n            padding: 20px;\n        }\n\n        .historial-publicaciones {\n            max-width: 600px;\n            margin: 0 auto;\n            background-color: white;\n            padding: 20px;\n            border-radius: 8px;\n            box-shadow: 0 2px 4px rgba(0, 0, 0, 0.1);\n        }\n\n        .historial-publicaciones h2 {\n            text-align: left;\n            font-size: 1.5rem;\n            color: #333;\n            font-weight: bold; \/* Hace el t\u00edtulo en negritas *\/\n            font-family: Calibri, sans-serif; \/* Mantiene la fuente en Calibri *\/\n        }\n\n        .historial-list .historial-card {\n            display: flex;\n            justify-content: space-between;\n            align-items: center;\n            background-color: #fff;\n            padding: 15px 20px;\n            margin-bottom: 10px;\n            border-radius: 8px;\n            box-shadow: 0 1px 3px rgba(0, 0, 0, 0.1);\n        }\n\n        .historial-list .historial-card a {\n            font-size: 1rem;\n            color: #000; \/* Cambia el color del enlace a negro *\/\n            text-decoration: none;\n            font-family: Calibri, sans-serif; \/* Cambia la fuente a Calibri o sans-serif *\/\n        }\n\n        .historial-list .historial-card a:hover {\n            color: #0056b3; \/* Cambia el color del enlace al pasar el mouse *\/\n            text-decoration: underline;\n        }\n\n        .historial-menu-button {\n            background-color: transparent;\n            border: none;\n            font-size: 1.5rem;\n            color: #666;\n            cursor: pointer;\n            font-family: Calibri, sans-serif; \/* Cambia la fuente a Calibri o sans-serif *\/\n        }\n    <\/style>\n<\/head>\n<body>\n    <div class=\"historial-publicaciones-container\">\n        <div class=\"historial-publicaciones\">\n            <h2>Historial de publicaciones<\/h2>\n            <div class=\"historial-list\">\n             <div class=\"historial-card\">\n                    <a href=\"https:\/\/www.mtess.gov.py\/?page_id=30483\">Historial 2025<\/a>\n                    <button class=\"historial-menu-button\">&#8230;<\/button>\n                <\/div>\n                <div class=\"historial-card\">\n                    <a href=\"https:\/\/www.mtess.gov.py\/?page_id=2706\">Historial 2024<\/a>\n                    <button class=\"historial-menu-button\">&#8230;<\/button>\n                <\/div>\n                <div class=\"historial-card\">\n                    <a href=\"https:\/\/www.mtess.gov.py\/?page_id=2964\">Historial 2023<\/a>\n                    <button class=\"historial-menu-button\">&#8230;<\/button>\n                <\/div>\n                <div class=\"historial-card\">\n                    <a href=\"https:\/\/www.mtess.gov.py\/?page_id=3220\">Historial 2022<\/a>\n                    <button class=\"historial-menu-button\">&#8230;<\/button>\n                <\/div>\n                <div class=\"historial-card\">\n                    <a href=\"https:\/\/www.mtess.gov.py\/?page_id=27470\">Historial 2021<\/a>\n                    <button class=\"historial-menu-button\">&#8230;<\/button>\n                <\/div>\n                <div class=\"historial-card\">\n                    <a href=\"https:\/\/www.mtess.gov.py\/?page_id=28006\">Historial 2020<\/a>\n                    <button class=\"historial-menu-button\">&#8230;<\/button>\n                <\/div>\n                <div class=\"historial-card\">\n                    <a href=\"https:\/\/www.mtess.gov.py\/?page_id=28201\">Historial 2019<\/a>\n                    <button class=\"historial-menu-button\">&#8230;<\/button>\n                <\/div>\n            <\/div>\n        <\/div>\n    <\/div>\n<\/body>\n<\/html>\n<\/div><\/div>\n\n\n\n<p><\/p>\n","protected":false},"excerpt":{"rendered":"<p>QUE ESTABLECE LA OBLIGATORIEDAD DE LA PROVISI\u00d3N DE INFORMACIONES EN EL USO DE LOS RECURSOS P\u00daBLICOS SOBRE REMUNERACIONES Y OTRAS RETRIBUCIONES ASIGNADAS AL SERVIDOR P\u00daBLICO DE LA REP\u00daBLICA DEL PARAGUAY a) Estructura org\u00e1nica y funciones de cada una de las dependencias. \ud83d\udcc4 RESOLUCI\u00d3N MTESS Nro 941-24 &#8211; ORGANIGRAMA MTESS. b) Direcci\u00f3n y tel\u00e9fono de la [&hellip;]<\/p>\n","protected":false},"author":3,"featured_media":0,"parent":0,"menu_order":0,"comment_status":"closed","ping_status":"closed","template":"","meta":{"_acf_changed":false,"_uag_custom_page_level_css":"","footnotes":""},"class_list":["post-1977","page","type-page","status-publish","hentry"],"acf":[],"uagb_featured_image_src":{"full":false,"thumbnail":false,"medium":false,"medium_large":false,"large":false,"1536x1536":false,"2048x2048":false,"depicter-thumbnail":false},"uagb_author_info":{"display_name":"Santiago Barrios","author_link":"https:\/\/www.mtess.gov.py\/?author=3"},"uagb_comment_info":0,"uagb_excerpt":"QUE ESTABLECE LA OBLIGATORIEDAD DE LA PROVISI\u00d3N DE INFORMACIONES EN EL USO DE LOS RECURSOS P\u00daBLICOS SOBRE REMUNERACIONES Y OTRAS RETRIBUCIONES ASIGNADAS AL SERVIDOR P\u00daBLICO DE LA REP\u00daBLICA DEL PARAGUAY a) Estructura org\u00e1nica y funciones de cada una de las dependencias. \ud83d\udcc4 RESOLUCI\u00d3N MTESS Nro 941-24 &#8211; ORGANIGRAMA MTESS. b) Direcci\u00f3n y tel\u00e9fono de la&hellip;","_links":{"self":[{"href":"https:\/\/www.mtess.gov.py\/index.php?rest_route=\/wp\/v2\/pages\/1977","targetHints":{"allow":["GET"]}}],"collection":[{"href":"https:\/\/www.mtess.gov.py\/index.php?rest_route=\/wp\/v2\/pages"}],"about":[{"href":"https:\/\/www.mtess.gov.py\/index.php?rest_route=\/wp\/v2\/types\/page"}],"author":[{"embeddable":true,"href":"https:\/\/www.mtess.gov.py\/index.php?rest_route=\/wp\/v2\/users\/3"}],"replies":[{"embeddable":true,"href":"https:\/\/www.mtess.gov.py\/index.php?rest_route=%2Fwp%2Fv2%2Fcomments&post=1977"}],"version-history":[{"count":158,"href":"https:\/\/www.mtess.gov.py\/index.php?rest_route=\/wp\/v2\/pages\/1977\/revisions"}],"predecessor-version":[{"id":35493,"href":"https:\/\/www.mtess.gov.py\/index.php?rest_route=\/wp\/v2\/pages\/1977\/revisions\/35493"}],"wp:attachment":[{"href":"https:\/\/www.mtess.gov.py\/index.php?rest_route=%2Fwp%2Fv2%2Fmedia&parent=1977"}],"curies":[{"name":"wp","href":"https:\/\/api.w.org\/{rel}","templated":true}]}}