{"id":2131,"date":"2024-07-31T08:20:19","date_gmt":"2024-07-31T12:20:19","guid":{"rendered":"https:\/\/bi.mtess.gov.py\/v1\/?page_id=2131"},"modified":"2026-03-25T08:26:08","modified_gmt":"2026-03-25T11:26:08","slug":"ley-n5282-2014","status":"publish","type":"page","link":"https:\/\/www.mtess.gov.py\/?page_id=2131","title":{"rendered":"LEY N\u00b0 5282\/2014"},"content":{"rendered":"\n<div class=\"wp-block-uagb-container uagb-block-04b5946b alignfull uagb-is-root-container\"><div class=\"uagb-container-inner-blocks-wrap\"><\/div><\/div>\n\n\n\n<div class=\"wp-block-uagb-container uagb-block-09ca1858 alignfull uagb-is-root-container\"><div class=\"uagb-container-inner-blocks-wrap\"><\/div><\/div>\n\n\n\n<div class=\"wp-block-uagb-container uagb-block-ffee3b9b alignfull uagb-is-root-container\"><div class=\"uagb-container-inner-blocks-wrap\">\n<div class=\"mtess-transparencia-final\">\n    <style>\n        .mtess-transparencia-final {\n            --azul-mtess: #002053;\n            --fondo-gris: #f8f9fa;\n            width: 100%;\n            max-width: 1100px;\n            margin: 20px auto;\n            font-family: 'Calibri', sans-serif;\n            color: #333;\n        }\n\n        .mtess-transparencia-final .card-seccion {\n            background: #ffffff;\n            padding: 30px;\n            border-radius: 8px;\n            box-shadow: 0 4px 15px rgba(0,0,0,0.05);\n            margin-bottom: 30px;\n            border-top: 6px solid var(--azul-mtess);\n            border-left: 1px solid #ddd;\n            border-right: 1px solid #ddd;\n            border-bottom: 1px solid #ddd;\n        }\n\n        .mtess-transparencia-final .titulo-seccion {\n            font-weight: bold;\n            font-size: 20px;\n            color: var(--azul-mtess);\n            margin-bottom: 20px;\n            border-bottom: 1px solid #eee;\n            padding-bottom: 10px;\n            text-transform: uppercase;\n        }\n\n        .mtess-transparencia-final .tabla-datos {\n            width: 100%;\n            border-collapse: collapse;\n            margin: 15px 0;\n        }\n\n        .mtess-transparencia-final .tabla-datos th {\n            background-color: #f1f3f5;\n            color: var(--azul-mtess);\n            border: 1px solid #dee2e6;\n            padding: 12px;\n            text-align: left;\n            font-size: 14px;\n        }\n\n        .mtess-transparencia-final .tabla-datos td {\n            border: 1px solid #dee2e6;\n            padding: 10px;\n            font-size: 14px;\n        }\n\n        .mtess-transparencia-final a {\n            color: var(--azul-mtess) !important;\n            text-decoration: none !important;\n            font-weight: bold;\n        }\n\n        .mtess-transparencia-final a:hover {\n            text-decoration: underline !important;\n        }\n\n        .mtess-transparencia-final .link-unico {\n            display: block;\n            margin: 10px 0;\n            font-size: 15px;\n        }\n    <\/style>\n\n    <div class=\"card-seccion\">\n        <h2 class=\"titulo-seccion\">A) Estructura Org\u00e1nica<\/h2>\n        <div class=\"link-unico\">\ud83d\udcc4 <a href=\"https:\/\/www.mtess.gov.py\/wp-content\/uploads\/2025\/07\/LEY_Nro_5115-13_DE_CREACION_DEL_MTESS.pdf\" target=\"_blank\">Ley N\u00b0 5115\/13 DE CREACI\u00d3N DEL MINISTERIO DE TRABAJO, EMPLEO Y SEGURIDAD SOCIAL<\/a><\/div>\n        <div class=\"link-unico\">\ud83d\udcc4 <a href=\"https:\/\/www.mtess.gov.py\/wp-content\/uploads\/2025\/07\/Decreto_Nro_6157-16_Por_el_cual_se_aprueba_la_Estructura_Organica.pdf\" target=\"_blank\">DECRETO N\u00b0 6157\/16: Por el cu\u00e1l se aprueba la Estructura Org\u00e1nica del Ministerio<\/a><\/div>\n        <div class=\"link-unico\">\ud83d\udcc4 <a href=\"https:\/\/www.mtess.gov.py\/wp-content\/uploads\/2025\/07\/Resolucion_MTESS_N_941_24_ORGANIGRAMA_MTESS_2024.pdf\" target=\"_blank\">RESOLUCI\u00d3N MTESS N\u00b0 941\/24 &#8211; ORGANIGRAMA MTESS 2024<\/a><\/div>\n    <\/div>\n\n    <div class=\"card-seccion\">\n        <h2 class=\"titulo-seccion\">B) Facultades, deberes, funciones y atribuciones<\/h2>\n        <div class=\"link-unico\">\u2699\ufe0f <a href=\"https:\/\/www.mtess.gov.py\/wp-content\/uploads\/2025\/07\/Guia_General_de_Operacion_MTESS_Version_2024.pdf\" target=\"_blank\">GU\u00cdA GENERAL DE OPERACI\u00d3N &#8211; VERSI\u00d3N 2024<\/a><\/div>\n        <table class=\"tabla-datos\">\n            <thead><tr><th>Nombre del Documento<\/th><th>Acci\u00f3n<\/th><\/tr><\/thead>\n            <tbody>\n                <tr><td>Manual de funciones y atribuciones de \u00f3rganos y dependencias &#8211; Parte 1<\/td><td><a href=\"https:\/\/www.mtess.gov.py\/wp-content\/uploads\/2025\/07\/Manual_de_funciones_y_atribuciones_de_organos_y_dependencias_internas_Parte1.pdf\">Descargar Archivo<\/a><\/td><\/tr>\n                <tr><td>Manual de funciones y atribuciones de \u00f3rganos y dependencias &#8211; Parte 2<\/td><td><a href=\"https:\/\/www.mtess.gov.py\/wp-content\/uploads\/2025\/07\/Manual_de_funciones_y_atribuciones_de_organos_y_dependencias_internas_Parte2.pdf\">Descargar Archivo<\/a><\/td><\/tr>\n                <tr><td>Manual de funciones y atribuciones de \u00f3rganos y dependencias &#8211; Parte 3<\/td><td><a href=\"https:\/\/bi.mtess.gov.py\/grande\/manual_de_funciones.pdf\">Descargar Archivo<\/a><\/td><\/tr>\n                <tr><td>Manual de funciones y atribuciones de \u00f3rganos y dependencias &#8211; Parte 4<\/td><td><a href=\"https:\/\/www.mtess.gov.py\/wp-content\/uploads\/2025\/07\/Manual_de_funciones_y_atribuciones_de_organos_y_dependencias_internas_Parte4.pdf\">Descargar Archivo<\/a><\/td><\/tr>\n                <tr><td>Manual de funciones y atribuciones de \u00f3rganos y dependencias &#8211; Parte 5<\/td><td><a href=\"https:\/\/www.mtess.gov.py\/wp-content\/uploads\/2025\/07\/Manual_de_funciones_y_atribuciones_de_organos_y_dependencias_internas_Parte5.pdf\">Descargar Archivo<\/a><\/td><\/tr>\n                <tr><td>Manual de funciones y atribuciones de \u00f3rganos y dependencias &#8211; Parte 6<\/td><td><a href=\"https:\/\/www.mtess.gov.py\/wp-content\/uploads\/2025\/07\/Manual_de_funciones_y_atribuciones_de_organos_y_dependencias_internas_Parte6.pdf\">Descargar Archivo<\/a><\/td><\/tr>\n                <tr><td>Manual de funciones y atribuciones de \u00f3rganos y dependencias &#8211; Parte 7<\/td><td><a href=\"https:\/\/www.mtess.gov.py\/wp-content\/uploads\/2025\/07\/Manual_de_funciones_y_atribuciones_de_organos_y_dependencias_internas_Parte7.pdf\">Descargar Archivo<\/a><\/td><\/tr>\n                <tr><td>Manual de funciones y atribuciones de \u00f3rganos y dependencias &#8211; Parte 8<\/td><td><a href=\"https:\/\/www.mtess.gov.py\/wp-content\/uploads\/2025\/07\/Manual_de_funciones_y_atribuciones_de_organos_y_dependencias_internas_Parte8.pdf\">Descargar Archivo<\/a><\/td><\/tr>\n                <tr><td>Manual de funciones y atribuciones de \u00f3rganos y dependencias &#8211; Parte 9<\/td><td><a href=\"https:\/\/www.mtess.gov.py\/wp-content\/uploads\/2025\/07\/Manual_de_funciones_y_atribuciones_de_organos_y_dependencias_internas_Parte9.pdf\">Descargar Archivo<\/a><\/td><\/tr>\n            <\/tbody>\n        <\/table>\n    <\/div>\n\n    <div class=\"card-seccion\">\n        <h2 class=\"titulo-seccion\">C) Marco normativo que rija su funcionamiento<\/h2>\n        <table class=\"tabla-datos\">\n            <thead><tr><th>Nombre del Documento<\/th><th>Enlace<\/th><\/tr><\/thead>\n            <tbody>\n                <tr><td>D.G. DE ADMINISTRACI\u00d3N Y FINANZAS (DGAF)<\/td><td><a href=\"https:\/\/www.mtess.gov.py\/wp-content\/uploads\/2024\/10\/F_42_-_DGAF.pdf\" target=\"_blank\">Ver Marco<\/a><\/td><\/tr>\n                <tr><td>D.G. DE AUDITOR\u00cdA INTERNA (DGAI)<\/td><td><a href=\"https:\/\/www.mtess.gov.py\/wp-content\/uploads\/2024\/10\/F_42_-_DGAI.pdf\" target=\"_blank\">Ver Marco<\/a><\/td><\/tr>\n                <tr><td>D.G. DE INSPECCI\u00d3N Y FISCALIZACI\u00d3N (DGIF)<\/td><td><a href=\"https:\/\/www.mtess.gov.py\/wp-content\/uploads\/2024\/10\/F_42_-_DGIF.pdf\" target=\"_blank\">Ver Marco<\/a><\/td><\/tr>\n                <tr><td>MODELO DE GESTI\u00d3N POR PROCESO V4<\/td><td><a href=\"https:\/\/www.mtess.gov.py\/wp-content\/uploads\/2025\/07\/Resolucion-MTESS-N\u00b0-437-2023-Modelo-de-Gestion-por-Proceso-V4.pdf\" target=\"_blank\">Ver Marco<\/a><\/td><\/tr>\n            <\/tbody>\n        <\/table>\n    <\/div>\n\n    <div class=\"card-seccion\">\n        <h2 class=\"titulo-seccion\">D) Proceso de toma de decisiones<\/h2>\n        <div class=\"link-unico\">\ud83d\udcc4 <a href=\"https:\/\/www.mtess.gov.py\/wp-content\/uploads\/2024\/10\/LEY5115-13CREA-MTESS-1.pdf\" target=\"_blank\">Ley N\u00b0 5115\/13 DE CREACI\u00d3N DEL MINISTERIO<\/a><\/div>\n        <div class=\"link-unico\">\ud83d\udcc4 <a href=\"https:\/\/www.mtess.gov.py\/wp-content\/uploads\/2024\/10\/DECRETO6157_estructura_organica-1.pdf\" target=\"_blank\">DECRETO N\u00b0 6157\/16: Estructura Org\u00e1nica<\/a><\/div>\n    <\/div>\n\n    <div class=\"card-seccion\">\n        <h2 class=\"titulo-seccion\">E) N\u00f3mina de Funcionarios 2025<\/h2>\n        <table class=\"tabla-datos\">\n            <thead><tr><th>Mes<\/th><th>Enlace<\/th><\/tr><\/thead>\n            <tbody>\n                <tr>\n                    <td>Enero<\/td>\n                    <td>\n                        <a title= \"descargar archivo\" href=\"https:\/\/www.mtess.gov.py\/wp-content\/uploads\/2026\/02\/01.-LEY-DE-TRANSPARENCIA-ENERO-2026.xlsx\">  Descargar <\/a>\n                    <\/td>\n                <\/tr>\n                <tr>\n                    <td>Febrero<\/td>\n                    <td>\n                        <a title= \"descargar archivo\" href=\"https:\/\/www.mtess.gov.py\/wp-content\/uploads\/2026\/03\/Nomina_de_Funcionarios_febrero_2026.xlsx\">  Descargar <\/a>\n                    <\/td>\n                <\/tr>\n                <tr><td>Marzo<\/td><td><\/td><\/tr>\n                <tr><td>Abril<\/td><td><\/td><\/tr>\n                <tr><td>Mayo<\/td><td><\/td><\/tr>\n                <tr><td>Junio<\/td><td><\/td><\/tr>\n                <tr><td>Julio<\/td><td><\/td><\/tr>\n                <tr><td>Agosto<\/td><td><\/td><\/tr>\n                <tr><td>Septiembre<\/td><td><\/td><\/tr>\n                <tr><td>Octubre<\/td><td><\/td><\/tr>\n                <tr><td>Noviembre<\/td><td><\/td><\/tr>\n                <tr><td>Diciembre<\/td><td><\/td><\/tr>\n            <\/tbody>\n        <\/table>\n    <\/div>\n\n    <div class=\"card-seccion\">\n        <h2 class=\"titulo-seccion\">F) Pol\u00edtica institucional y planes de acci\u00f3n<\/h2>\n        <div class=\"link-unico\">\ud83d\udcc4 <a href=\"https:\/\/www.mtess.gov.py\/wp-content\/uploads\/2025\/07\/Resolucion-MTESS-N\u00b0-287-2025-Plan-Estrategico-Institucional-MTESS-PEI-2024-2028.pdf\" target=\"_blank\">Plan Estrat\u00e9gico Institucional PEI 2024-2028<\/a><\/div>\n        <div class=\"link-unico\">\ud83d\udcc4 <a href=\"https:\/\/www.mtess.gov.py\/wp-content\/uploads\/2025\/07\/Resolucion-MTESS-N\u00b0-290-2025-Plan-de-Gestion-Anual-MTESS-PGA-2025_compressed.pdf\" target=\"_blank\">Plan de Gesti\u00f3n Anual PGA 2025<\/a><\/div>\n    <\/div>\n\n    <div class=\"card-seccion\">\n        <h2 class=\"titulo-seccion\">G) Proyectos institucionales en ejecuci\u00f3n (PRIEVA)<\/h2>\n        <table class=\"tabla-datos\">\n            <thead><tr><th>Mes<\/th><th>Informe de Control y Evaluaci\u00f3n Resumido<\/th><\/tr><\/thead>\n            <tbody>\n                <tr><td>Enero 2026<\/td><td><a href=\"https:\/\/www.mtess.gov.py\/wp-content\/uploads\/2026\/02\/Prieva_enero_2026_Informe_de_Control_y_Evaluacion.pdf\">Ver Informe<\/a><\/td><\/tr>\n                <tr><td>Febrero 2026<\/td><td><a href=\"https:\/\/www.mtess.gov.py\/wp-content\/uploads\/2026\/03\/Prieva_febrero_2026_Informe_de_Control_y_Evaluacion.pdf\">Ver Informe<\/a><\/td><\/tr>\n     \n            <\/tbody>\n        <\/table>\n    <\/div>\n\n    <div class=\"card-seccion\">\n        <h2 class=\"titulo-seccion\">H) Informes de auditor\u00eda<\/h2>\n        <table class=\"tabla-datos\">\n            <thead><tr><th>Mes<\/th><th>Informe de Auditor\u00eda Interna<\/th><\/tr><\/thead>\n            <tbody>\n                \n                <tr><td>Enero 2026<\/td><td><a href=\"https:\/\/www.mtess.gov.py\/wp-content\/uploads\/2026\/02\/Informe-de-la-Auditoria-Interna-Institucional-Enero-2026.pdf\">Descargar<\/a><\/td><\/tr>\n               <tr><td>Febrero 2026<\/td><td><a href=\"https:\/\/www.mtess.gov.py\/wp-content\/uploads\/2026\/03\/Informe_de_Auditoria_febrero_2026.pdf\">Descargar<\/a><\/td><\/tr>\n                \n            <\/tbody>\n        <\/table>\n    <\/div>\n\n    <div class=\"card-seccion\">\n        <h2 class=\"titulo-seccion\">I) Informes de viajes oficiales y vi\u00e1ticos<\/h2>\n        <table class=\"tabla-datos\">\n            <thead><tr><th>Mes<\/th><th>Viatico I (Planilla)<\/th><th>Viatico II (Anexos)<\/th><th>Viatico III (Resoluciones)<\/th><\/tr><\/thead>\n            <tbody>\n                <tr><td>Enero 2026<\/td><td><a href=\"https:\/\/www.mtess.gov.py\/wp-content\/uploads\/2026\/02\/VIATICO-I-ENERO_2026_PLANILLA.pdf\">Descargar<\/a><\/td>\n                    <td><a href=\"https:\/\/www.mtess.gov.py\/wp-content\/uploads\/2026\/02\/VIATICOS-II-ENERO_ANEXO.pdf\">Descargar<\/a><\/td>\n                    <td><a href=\"https:\/\/www.mtess.gov.py\/wp-content\/uploads\/2026\/02\/Viaticos-III-Resoluciones.pdf\">Descargar<\/a><\/td><\/tr>\n                <tr><td>Febrero 2026<\/td>\n                    <td><a href=\"https:\/\/www.mtess.gov.py\/wp-content\/uploads\/2026\/03\/Viaticos-I-febrero-2026-Planilla.pdf\">Descargar<\/a><\/td>\n                <\/tr>\n            <\/tbody>\n        <\/table>\n    <\/div>\n\n    <div class=\"card-seccion\">\n        <h2 class=\"titulo-seccion\">J) Convenios y contratos celebrados<\/h2>\n        <div class=\"link-unico\">\n             <a href=\"https:\/\/www.mtess.gov.py\/wp-content\/uploads\/2026\/02\/Informe_Convenios_enero_2026.pdf\" target=\"_blank\">Informe de Convenios &#8211; Enero 2026<\/a>\n            <\/div>\n            <div class=\"link-unico\">\n             <a href=\"https:\/\/www.mtess.gov.py\/wp-content\/uploads\/2026\/03\/Informe_Convenios_febrero_2026.pdf\" target=\"_blank\">Informe de Convenios &#8211; Febrero 2026<\/a>\n            <\/div>\n       <div class=\"link-unico\">\n            <a href=\"https:\/\/www.mtess.gov.py\/wp-content\/uploads\/2026\/02\/Memo-DUOC-N\u00b0-03-DGAF_DGAT-Informe-Contratos-Enero-2026.pdf\" target=\"_blank\">Contratos &#8211; Enero 2026<\/a>\n            <\/div>\n            <div class=\"link-unico\">\n            <a href=\"https:\/\/www.mtess.gov.py\/wp-content\/uploads\/2026\/03\/Contratos-febrero-2026.pdf\" target=\"_blank\">Contratos &#8211; Febrero 2026<\/a>\n        <\/div>\n    <\/div>\n\n    <div class=\"card-seccion\">\n        <h2 class=\"titulo-seccion\">K) Cartas oficiales<\/h2>\n        <div class=\"link-unico\"> \n            <a href=\"https:\/\/www.mtess.gov.py\/wp-content\/uploads\/2026\/02\/Notas_Oficiales_de_enero_2026.pdf\" target=\"_blank\">Notas Oficiales Enero 2026<\/a>\n        <\/div>\n         <div class=\"link-unico\"> \n            <a href=\"https:\/\/www.mtess.gov.py\/wp-content\/uploads\/2026\/03\/Notas_Oficiales_de_febrero_2026.pdf\" target=\"_blank\">Notas Oficiales Febrero 2026<\/a>\n        <\/div>\n    <\/div>\n\n    <div class=\"card-seccion\">\n        <h2 class=\"titulo-seccion\">L) Informes de consultor\u00eda<\/h2>\n        <div class=\"link-unico\">\ud83d\udd0d \n            <a href=\"https:\/\/www.mtess.gov.py\/wp-content\/uploads\/2026\/02\/INFORME-DE-CONSULTORIAS_ENERO2026.pdf\" target=\"_blank\">Informe de Consultor\u00eda &#8211; Enero 2026<\/a>\n        <\/div>\n          <div class=\"link-unico\">\ud83d\udd0d \n            <a href=\"https:\/\/www.mtess.gov.py\/wp-content\/uploads\/2026\/03\/Informe-de-consultorias-febrero-2026.pdf\" target=\"_blank\">Informe de Consultor\u00eda &#8211; Febrero 2026<\/a>\n        <\/div>\n    <\/div>\n\n    <div class=\"card-seccion\">\n        <h2 class=\"titulo-seccion\">M) Cuadros de resultados<\/h2>\n        <div class=\"link-unico\">\ud83d\udcca \n            <a href=\"https:\/\/www.mtess.gov.py\/wp-content\/uploads\/2026\/02\/Estado-de-Resultado-01-2026F.pdf\" target=\"_blank\">Estado de Resultados &#8211; Enero 2026<\/a>\n             <\/div>\n <div class=\"link-unico\">\ud83d\udcca \n<a href=\"https:\/\/www.mtess.gov.py\/wp-content\/uploads\/2026\/03\/Estado-de-Resultado-febrero-2026.pdf\" target=\"_blank\">Estado de Resultados &#8211; Febrero 2026<\/a>\n <\/div>\n    <\/div>\n\n    <div class=\"card-seccion\">\n        <h2 class=\"titulo-seccion\">N) Listado de poderes otorgados a abogados<\/h2>\n        <div class=\"link-unico\">\u2696\ufe0f \n            <a href=\"https:\/\/www.mtess.gov.py\/wp-content\/uploads\/2026\/01\/Listado_de_poderes_vigentes_otorgados_a_abogados_act_2026.pdf\" target=\"_blank\">N\u00f3mina de Poderes Vigentes (Actualizado 2026)<\/a>\n        <\/div>\n    <\/div>\n\n    <div class=\"card-seccion\">\n        <h2 class=\"titulo-seccion\">O) Clasificaci\u00f3n e \u00edndice de documentos<\/h2>\n        <div class=\"link-unico\">\ud83d\udccb <a href=\"https:\/\/www.mtess.gov.py\/wp-content\/uploads\/2025\/07\/Formato_MECIP_Nro_93.pdf\" target=\"_blank\">Formato MECIP N\u00b0 93 (Sistema de Clasificaci\u00f3n)<\/a><\/div>\n    <\/div>\n\n    <div class=\"card-seccion\">\n        <h2 class=\"titulo-seccion\">P) Procedimientos para acceso a documentos<\/h2>\n        <div class=\"link-unico\">\ud83d\udcdc <a href=\"https:\/\/www.mtess.gov.py\/wp-content\/uploads\/2024\/12\/Resolucion-MTESS-N-303-2016.pdf\" target=\"_blank\">Resoluci\u00f3n MTESS N\u00b0 303\/2016 (Acceso a Informaci\u00f3n)<\/a><\/div>\n        <div class=\"link-unico\">\ud83d\udc64 <a href=\"https:\/\/www.mtess.gov.py\/wp-content\/uploads\/2025\/07\/Resolucion-MTESS-No-442-2025-Designacion-Directora-General-DGAT-2025.pdf\" target=\"_blank\">Designaci\u00f3n Directora General Responsable (Res. 442\/2025)<\/a><\/div>\n    <\/div>\n\n    <div class=\"card-seccion\">\n        <h2 class=\"titulo-seccion\">Q) Mecanismos de participaci\u00f3n ciudadana<\/h2>\n        <div class=\"link-unico\">\ud83d\udce2 <a href=\"https:\/\/www.mtess.gov.py\/wp-content\/uploads\/2025\/07\/Mecanismos_de_participacion_MTESS_2025-1.pdf\" target=\"_blank\">Mecanismos de participaci\u00f3n ciudadana &#8211; Periodo 2025<\/a><\/div>\n    <\/div>\n\n<\/div>\n<\/div><\/div>\n","protected":false},"excerpt":{"rendered":"<p>A) Estructura Org\u00e1nica \ud83d\udcc4 Ley N\u00b0 5115\/13 DE CREACI\u00d3N DEL MINISTERIO DE TRABAJO, EMPLEO Y SEGURIDAD SOCIAL \ud83d\udcc4 DECRETO N\u00b0 6157\/16: Por el cu\u00e1l se aprueba la Estructura Org\u00e1nica del Ministerio \ud83d\udcc4 RESOLUCI\u00d3N MTESS N\u00b0 941\/24 &#8211; ORGANIGRAMA MTESS 2024 B) Facultades, deberes, funciones y atribuciones \u2699\ufe0f GU\u00cdA GENERAL DE OPERACI\u00d3N &#8211; VERSI\u00d3N 2024 Nombre [&hellip;]<\/p>\n","protected":false},"author":7,"featured_media":0,"parent":0,"menu_order":0,"comment_status":"closed","ping_status":"closed","template":"","meta":{"_acf_changed":false,"_uag_custom_page_level_css":"","footnotes":""},"class_list":["post-2131","page","type-page","status-publish","hentry"],"acf":[],"uagb_featured_image_src":{"full":false,"thumbnail":false,"medium":false,"medium_large":false,"large":false,"1536x1536":false,"2048x2048":false,"depicter-thumbnail":false},"uagb_author_info":{"display_name":"Lucas Santacruz","author_link":"https:\/\/www.mtess.gov.py\/?author=7"},"uagb_comment_info":0,"uagb_excerpt":"A) Estructura Org\u00e1nica \ud83d\udcc4 Ley N\u00b0 5115\/13 DE CREACI\u00d3N DEL MINISTERIO DE TRABAJO, EMPLEO Y SEGURIDAD SOCIAL \ud83d\udcc4 DECRETO N\u00b0 6157\/16: Por el cu\u00e1l se aprueba la Estructura Org\u00e1nica del Ministerio \ud83d\udcc4 RESOLUCI\u00d3N MTESS N\u00b0 941\/24 &#8211; ORGANIGRAMA MTESS 2024 B) Facultades, deberes, funciones y atribuciones \u2699\ufe0f GU\u00cdA GENERAL DE OPERACI\u00d3N &#8211; VERSI\u00d3N 2024 Nombre&hellip;","_links":{"self":[{"href":"https:\/\/www.mtess.gov.py\/index.php?rest_route=\/wp\/v2\/pages\/2131","targetHints":{"allow":["GET"]}}],"collection":[{"href":"https:\/\/www.mtess.gov.py\/index.php?rest_route=\/wp\/v2\/pages"}],"about":[{"href":"https:\/\/www.mtess.gov.py\/index.php?rest_route=\/wp\/v2\/types\/page"}],"author":[{"embeddable":true,"href":"https:\/\/www.mtess.gov.py\/index.php?rest_route=\/wp\/v2\/users\/7"}],"replies":[{"embeddable":true,"href":"https:\/\/www.mtess.gov.py\/index.php?rest_route=%2Fwp%2Fv2%2Fcomments&post=2131"}],"version-history":[{"count":211,"href":"https:\/\/www.mtess.gov.py\/index.php?rest_route=\/wp\/v2\/pages\/2131\/revisions"}],"predecessor-version":[{"id":35499,"href":"https:\/\/www.mtess.gov.py\/index.php?rest_route=\/wp\/v2\/pages\/2131\/revisions\/35499"}],"wp:attachment":[{"href":"https:\/\/www.mtess.gov.py\/index.php?rest_route=%2Fwp%2Fv2%2Fmedia&parent=2131"}],"curies":[{"name":"wp","href":"https:\/\/api.w.org\/{rel}","templated":true}]}}