{"id":2272,"date":"2024-08-01T09:13:32","date_gmt":"2024-08-01T13:13:32","guid":{"rendered":"https:\/\/bi.mtess.gov.py\/v1\/?page_id=2272"},"modified":"2026-01-26T08:49:45","modified_gmt":"2026-01-26T11:49:45","slug":"vmt-viceministerio-de-trabajo","status":"publish","type":"page","link":"https:\/\/www.mtess.gov.py\/?page_id=2272","title":{"rendered":"VMT &#8211; Viceministerio de Trabajo"},"content":{"rendered":"\n<div class=\"wp-block-uagb-container uagb-block-0fcaf651 alignfull uagb-is-root-container\"><div class=\"uagb-container-inner-blocks-wrap\">\n<!DOCTYPE html>\n<html lang=\"es\">\n<head>\n    <meta charset=\"UTF-8\">\n    <meta name=\"viewport\" content=\"width=device-width, initial-scale=1.0\">\n    <title>Men\u00fa de Direcciones &#8211; Ministerio<\/title>\n    <style>\n        \/* Contenedor Principal Encapsulado *\/\n        .menu-grid-container {\n            display: flex;\n            flex-direction: column;\n            gap: 12px;\n            max-width: 750px;\n            margin: 40px auto;\n            font-family: 'Segoe UI', Roboto, Arial, sans-serif;\n            padding: 15px;\n            background-color: #f4f7f9;\n            border-radius: 16px;\n        }\n\n        \/* Estilo de la Tarjeta (Enlace) *\/\n        .nav-card {\n            display: flex;\n            align-items: center;\n            text-decoration: none;\n            background: #ffffff;\n            border-radius: 12px;\n            border: 1px solid #dce1e7;\n            transition: all 0.3s ease;\n            box-shadow: 0 4px 6px rgba(0, 0, 0, 0.02);\n            overflow: hidden;\n            position: relative;\n        }\n\n        \/* Bloque del Icono *\/\n        .nav-card-icon {\n            background: #1a468a; \/* Azul Institucional *\/\n            padding: 18px;\n            display: flex;\n            align-items: center;\n            justify-content: center;\n            min-width: 65px;\n            transition: background 0.3s ease;\n        }\n\n        .nav-card-icon svg {\n            fill: #ffffff;\n            width: 26px;\n            height: 26px;\n        }\n\n        \/* Bloque de Texto *\/\n        .nav-card-text {\n            padding: 0 20px;\n            color: #2c3e50;\n            font-size: 15px;\n            font-weight: 600;\n            flex-grow: 1;\n            line-height: 1.4;\n        }\n\n        \/* Flecha indicadora *\/\n        .nav-card-arrow {\n            padding: 0 20px;\n            color: #b0b8c1;\n            font-size: 18px;\n            font-weight: bold;\n            transition: all 0.3s ease;\n        }\n\n        \/* Efectos al pasar el mouse (Hover) *\/\n        .nav-card:hover {\n            transform: translateY(-3px);\n            box-shadow: 0 8px 15px rgba(0, 0, 0, 0.08);\n            border-color: #1a468a;\n        }\n\n        .nav-card:hover .nav-card-icon {\n            background: #2980b9; \/* Cambio a un azul m\u00e1s claro *\/\n        }\n\n        .nav-card:hover .nav-card-arrow {\n            transform: translateX(5px);\n            color: #1a468a;\n        }\n\n        \/* Ajuste para dispositivos m\u00f3viles *\/\n        @media (max-width: 500px) {\n            .nav-card-text {\n                font-size: 13px;\n                padding: 0 12px;\n            }\n            .nav-card-icon {\n                padding: 15px;\n                min-width: 50px;\n            }\n        }\n    <\/style>\n<\/head>\n<body>\n\n    <div class=\"menu-grid-container\">\n        \n        <a href=\"https:\/\/www.mtess.gov.py\/?page_id=2377\" class=\"nav-card\">\n            <div class=\"nav-card-icon\">\n                <svg viewBox=\"0 0 24 24\"><path d=\"M12 12c2.21 0 4-1.79 4-4s-1.79-4-4-4-4 1.79-4 4 1.79 4 4 4zm0 2c-2.67 0-8 1.34-8 4v2h16v-2c0-2.66-5.33-4-8-4z\"\/><\/svg>\n            <\/div>\n            <div class=\"nav-card-text\">Direcci\u00f3n General de Promoci\u00f3n a la Mujer Trabajadora<\/div>\n            <div class=\"nav-card-arrow\">\u2192<\/div>\n        <\/a>\n\n        <a href=\"https:\/\/www.mtess.gov.py\/?page_id=2381\" class=\"nav-card\">\n            <div class=\"nav-card-icon\">\n                <svg viewBox=\"0 0 24 24\"><path d=\"M16 11c1.66 0 2.99-1.34 2.99-3S17.66 5 16 5s-3 1.34-3 3 1.34 3 3 3zm-8 0c1.66 0 2.99-1.34 2.99-3S9.66 5 8 5 5 6.34 5 8s1.34 3 3 3zm0 2c-2.33 0-7 1.17-7 3.5V19h14v-2.5c0-2.33-4.67-3.5-7-3.5z\"\/><\/svg>\n            <\/div>\n            <div class=\"nav-card-text\">Direcci\u00f3n General de Protecci\u00f3n de Ni\u00f1ez y Adolescencia<\/div>\n            <div class=\"nav-card-arrow\">\u2192<\/div>\n        <\/a>\n\n        <a href=\"https:\/\/www.mtess.gov.py\/?page_id=2385\" class=\"nav-card\">\n            <div class=\"nav-card-icon\">\n                <svg viewBox=\"0 0 24 24\"><path d=\"M15.5 14h-.79l-.28-.27C15.41 12.59 16 11.11 16 9.5 16 5.91 13.09 3 9.5 3S3 5.91 3 9.5 5.91 16 9.5 16c1.61 0 3.09-.59 4.23-1.57l.27.28v.79l5 4.99L20.49 19l-4.99-5zm-6 0C7.01 14 5 11.99 5 9.5S7.01 5 9.5 5 14 7.01 14 9.5 11.99 14 9.5 14z\"\/><\/svg>\n            <\/div>\n            <div class=\"nav-card-text\">Direcci\u00f3n General de Inspecci\u00f3n y Fiscalizaci\u00f3n<\/div>\n            <div class=\"nav-card-arrow\">\u2192<\/div>\n        <\/a>\n\n        <a href=\"https:\/\/www.mtess.gov.py\/?page_id=2389\" class=\"nav-card\">\n            <div class=\"nav-card-icon\">\n                <svg viewBox=\"0 0 24 24\"><path d=\"M19 3H5c-1.1 0-1.99.9-1.99 2L3 19c0 1.1.9 2 2 2h14c1.1 0 2-.9 2-2V5c0-1.1-.9-2-2-2zm-1 11h-4v4h-4v-4H6v-4h4V6h4v4h4v4z\"\/><\/svg>\n            <\/div>\n            <div class=\"nav-card-text\">Direcci\u00f3n de Salud y Seguridad Ocupacional<\/div>\n            <div class=\"nav-card-arrow\">\u2192<\/div>\n        <\/a>\n\n        <a href=\"https:\/\/www.mtess.gov.py\/?page_id=2394\" class=\"nav-card\">\n            <div class=\"nav-card-icon\">\n                <svg viewBox=\"0 0 24 24\"><path d=\"M20 6h-4V4c0-1.11-.89-2-2-2h-4c-1.11 0-2 .89-2 2v2H4c-1.11 0-1.99.89-1.99 2L2 19c0 1.11.89 2 2 2h16c1.11 0 2-.89 2-2V8c0-1.11-.89-2-2-2zm-6 0h-4V4h4v2z\"\/><\/svg>\n            <\/div>\n            <div class=\"nav-card-text\">Direcci\u00f3n de Trabajo<\/div>\n            <div class=\"nav-card-arrow\">\u2192<\/div>\n        <\/a>\n\n        <a href=\"https:\/\/www.mtess.gov.py\/?page_id=2398\" class=\"nav-card\">\n            <div class=\"nav-card-icon\">\n                <svg viewBox=\"0 0 24 24\"><path d=\"M19 3h-4.18C14.4 1.84 13.3 1 12 1s-2.4.84-2.82 2H5c-1.1 0-2 .9-2 2v14c0 1.1.9 2 2 2h14c1.1 0 2-.9 2-2V5c0-1.1-.9-2-2-2zm-7 0c.55 0 1 .45 1 1s-.45 1-1 1-1-.45-1-1 .45-1 1-1z\"\/><\/svg>\n            <\/div>\n            <div class=\"nav-card-text\">Direcci\u00f3n de Registro de Obrero Patronal<\/div>\n            <div class=\"nav-card-arrow\">\u2192<\/div>\n        <\/a>\n\n    <\/div>\n\n<\/body>\n<\/html>\n<\/div><\/div>\n","protected":false},"excerpt":{"rendered":"<p>Men\u00fa de Direcciones &#8211; Ministerio Direcci\u00f3n General de Promoci\u00f3n a la Mujer Trabajadora \u2192 Direcci\u00f3n General de Protecci\u00f3n de Ni\u00f1ez y Adolescencia \u2192 Direcci\u00f3n General de Inspecci\u00f3n y Fiscalizaci\u00f3n \u2192 Direcci\u00f3n de Salud y Seguridad Ocupacional \u2192 Direcci\u00f3n de Trabajo \u2192 Direcci\u00f3n de Registro de Obrero Patronal \u2192<\/p>\n","protected":false},"author":7,"featured_media":0,"parent":0,"menu_order":0,"comment_status":"closed","ping_status":"closed","template":"","meta":{"_acf_changed":false,"_uag_custom_page_level_css":"","footnotes":""},"class_list":["post-2272","page","type-page","status-publish","hentry"],"acf":[],"uagb_featured_image_src":{"full":false,"thumbnail":false,"medium":false,"medium_large":false,"large":false,"1536x1536":false,"2048x2048":false,"depicter-thumbnail":false},"uagb_author_info":{"display_name":"Lucas Santacruz","author_link":"https:\/\/www.mtess.gov.py\/?author=7"},"uagb_comment_info":0,"uagb_excerpt":"Men\u00fa de Direcciones &#8211; Ministerio Direcci\u00f3n General de Promoci\u00f3n a la Mujer Trabajadora \u2192 Direcci\u00f3n General de Protecci\u00f3n de Ni\u00f1ez y Adolescencia \u2192 Direcci\u00f3n General de Inspecci\u00f3n y Fiscalizaci\u00f3n \u2192 Direcci\u00f3n de Salud y Seguridad Ocupacional \u2192 Direcci\u00f3n de Trabajo \u2192 Direcci\u00f3n de Registro de Obrero Patronal \u2192","_links":{"self":[{"href":"https:\/\/www.mtess.gov.py\/index.php?rest_route=\/wp\/v2\/pages\/2272","targetHints":{"allow":["GET"]}}],"collection":[{"href":"https:\/\/www.mtess.gov.py\/index.php?rest_route=\/wp\/v2\/pages"}],"about":[{"href":"https:\/\/www.mtess.gov.py\/index.php?rest_route=\/wp\/v2\/types\/page"}],"author":[{"embeddable":true,"href":"https:\/\/www.mtess.gov.py\/index.php?rest_route=\/wp\/v2\/users\/7"}],"replies":[{"embeddable":true,"href":"https:\/\/www.mtess.gov.py\/index.php?rest_route=%2Fwp%2Fv2%2Fcomments&post=2272"}],"version-history":[{"count":21,"href":"https:\/\/www.mtess.gov.py\/index.php?rest_route=\/wp\/v2\/pages\/2272\/revisions"}],"predecessor-version":[{"id":34776,"href":"https:\/\/www.mtess.gov.py\/index.php?rest_route=\/wp\/v2\/pages\/2272\/revisions\/34776"}],"wp:attachment":[{"href":"https:\/\/www.mtess.gov.py\/index.php?rest_route=%2Fwp%2Fv2%2Fmedia&parent=2272"}],"curies":[{"name":"wp","href":"https:\/\/api.w.org\/{rel}","templated":true}]}}