{"id":2381,"date":"2024-08-02T10:53:46","date_gmt":"2024-08-02T14:53:46","guid":{"rendered":"https:\/\/bi.mtess.gov.py\/v1\/?page_id=2381"},"modified":"2026-02-18T08:36:28","modified_gmt":"2026-02-18T11:36:28","slug":"direccion-general-de-proteccion-de-ninez-y-adolescencia","status":"publish","type":"page","link":"https:\/\/www.mtess.gov.py\/?page_id=2381","title":{"rendered":"Direcci\u00f3n General de Protecci\u00f3n de Ni\u00f1ez y Adolescencia"},"content":{"rendered":"\n<div class=\"wp-block-uagb-container uagb-block-060a1149 alignfull uagb-is-root-container\"><div class=\"uagb-container-inner-blocks-wrap\">\n<div class=\"wp-block-group is-nowrap is-layout-flex wp-container-core-group-is-layout-6c531013 wp-block-group-is-layout-flex\">\n<div class=\"wp-block-uagb-container uagb-block-576b4a42\">\n<div id=\"wrapper-dgpna-institucional\">\n    <link href=\"https:\/\/fonts.googleapis.com\/icon?family=Material+Icons+Round\" rel=\"stylesheet\">\n    \n    <style>\n        \/* Encapsulamiento y Estilos Generales *\/\n        #wrapper-dgpna-institucional {\n            display: flex;\n            align-items: flex-start;\n            background-color: #f1f5f9;\n            border-radius: 12px;\n            overflow: hidden;\n            font-family: 'Segoe UI', Tahoma, Geneva, Verdana, sans-serif;\n            border: 1px solid #e2e8f0;\n            margin: 20px 0;\n            min-height: 800px;\n        }\n\n        \/* SIDEBAR *\/\n        #wrapper-dgpna-institucional .sidebar {\n            width: 300px;\n            background-color: #f8fafc;\n            border-right: 1px solid #e2e8f0;\n            padding: 20px 0;\n            display: flex;\n            flex-direction: column;\n            flex-shrink: 0;\n        }\n\n        #wrapper-dgpna-institucional .sidebar-header {\n            padding: 0 20px 20px;\n            border-bottom: 1px solid #e2e8f0;\n            margin-bottom: 10px;\n            font-weight: bold;\n            color: #1e3a8a;\n            text-transform: uppercase;\n            font-size: 0.85rem;\n            letter-spacing: 1px;\n        }\n\n        \/* Elementos de Navegaci\u00f3n *\/\n        #wrapper-dgpna-institucional .nav-item {\n            display: flex;\n            align-items: center;\n            padding: 12px 20px;\n            text-decoration: none;\n            color: #334155;\n            transition: all 0.3s ease;\n            margin: 4px 10px;\n            border-radius: 8px;\n            font-size: 0.95rem;\n            font-weight: 500;\n            cursor: pointer;\n        }\n\n        #wrapper-dgpna-institucional .nav-item:hover {\n            background-color: #eff6ff;\n            color: #3b82f6;\n        }\n\n        #wrapper-dgpna-institucional .nav-item.active {\n            background-color: #1e3a8a;\n            color: #ffffff;\n        }\n\n        #wrapper-dgpna-institucional .nav-item .material-icons-round {\n            margin-right: 15px;\n            font-size: 22px;\n        }\n\n        \/* SUBMEN\u00da NIVEL 1 *\/\n        #wrapper-dgpna-institucional .submenu {\n            display: none;\n            flex-direction: column;\n            background-color: #f1f5f9;\n            margin: 0 10px 5px 25px;\n            border-left: 2px solid #cbd5e1;\n        }\n\n        #wrapper-dgpna-institucional .sub-item {\n            padding: 10px 15px;\n            text-decoration: none;\n            color: #475569;\n            font-size: 0.85rem;\n            display: flex;\n            align-items: center;\n            justify-content: space-between;\n            cursor: pointer;\n            transition: background 0.2s;\n        }\n\n        #wrapper-dgpna-institucional .sub-item:hover {\n            background-color: #e2e8f0;\n            color: #1e3a8a;\n        }\n\n        \/* SUBMEN\u00da NIVEL 2 *\/\n        #wrapper-dgpna-institucional .submenu-v2 {\n            display: none;\n            flex-direction: column;\n            background-color: #e2e8f0;\n            margin-left: 10px;\n            border-left: 2px solid #94a3b8;\n        }\n\n        #wrapper-dgpna-institucional .sub-item-v2 {\n            padding: 8px 20px;\n            text-decoration: none;\n            color: #64748b;\n            font-size: 0.8rem;\n            display: block;\n        }\n\n        #wrapper-dgpna-institucional .sub-item-v2:hover {\n            color: #1e3a8a;\n            background-color: #cbd5e1;\n        }\n\n        \/* Icono de Flecha y Animaci\u00f3n *\/\n        #wrapper-dgpna-institucional .arrow-icon {\n            margin-left: auto;\n            margin-right: 0 !important;\n            font-size: 18px !important;\n            transition: transform 0.3s;\n        }\n\n        #wrapper-dgpna-institucional .open > .arrow-icon {\n            transform: rotate(180deg);\n        }\n\n        \/* \u00c1REA DE CONTENIDO *\/\n        #wrapper-dgpna-institucional .contenido-texto {\n            flex-grow: 1;\n            padding: 40px;\n            background-color: #ffffff;\n            color: #334155;\n            line-height: 1.8;\n        }\n\n        #wrapper-dgpna-institucional h2 {\n            color: #1e3a8a;\n            font-size: 1.5rem;\n            margin-top: 35px;\n            border-bottom: 2px solid #e2e8f0;\n            padding-bottom: 10px;\n        }\n\n        #wrapper-dgpna-institucional h2:first-child { margin-top: 0; }\n\n        #wrapper-dgpna-institucional h3 {\n            font-size: 1.1rem;\n            margin-top: 25px;\n            color: #475569;\n            text-decoration: underline;\n        }\n\n        #wrapper-dgpna-institucional ul { list-style: none; padding: 0; }\n\n        #wrapper-dgpna-institucional li {\n            margin-bottom: 12px;\n            padding-left: 30px;\n            position: relative;\n        }\n\n        #wrapper-dgpna-institucional .inciso {\n            position: absolute;\n            left: 0;\n            font-weight: bold;\n            color: #3b82f6;\n        }\n\n        #wrapper-dgpna-institucional .bullet::before {\n            content: \"\u2022\";\n            position: absolute;\n            left: 10px;\n            color: #1e3a8a;\n            font-weight: bold;\n        }\n\n        \/* Responsive *\/\n        @media (max-width: 900px) {\n            #wrapper-dgpna-institucional { flex-direction: column; }\n            #wrapper-dgpna-institucional .sidebar { width: 100%; border-right: none; }\n        }\n    <\/style>\n\n    <div class=\"sidebar\">\n        <div class=\"sidebar-header\">Men\u00fa de Navegaci\u00f3n<\/div>\n        \n        <a href=\"https:\/\/www.mtess.gov.py\/?page_id=34628\" class=\"nav-item active\">\n            <span class=\"material-icons-round\">home<\/span>\n            <span>Inicio<\/span>\n        <\/a>\n\n        <div>\n            <div class=\"nav-item\" onclick=\"toggleMenu(event, 'submenu-legal')\">\n                <span class=\"material-icons-round\">gavel<\/span>\n                <span>Marco Normativo<\/span>\n                <span class=\"material-icons-round arrow-icon\">expand_more<\/span>\n            <\/div>\n            <div id=\"submenu-legal\" class=\"submenu\">\n                \n                <div>\n                    <div class=\"sub-item\" onclick=\"toggleMenu(event, 'submenu-constitucion')\">\n                        <span>Constituci\u00f3n Nacional<\/span>\n                        <span class=\"material-icons-round arrow-icon\">expand_more<\/span>\n                    <\/div>\n                    <div id=\"submenu-constitucion\" class=\"submenu-v2\">\n                        <a href=\"https:\/\/www.mtess.gov.py\/wp-content\/uploads\/2026\/01\/CONSTITUCION_ORIGINAL_FIRMADA_compressed.pdf\" class=\"sub-item-v2\">Art\u00edculo 54<\/a>\n                        <a href=\"https:\/\/www.mtess.gov.py\/wp-content\/uploads\/2026\/01\/CONSTITUCION_ORIGINAL_FIRMADA_compressed.pdf\" class=\"sub-item-v2\">Art\u00edculo 90<\/a>\n                    <\/div>\n                <\/div>\n\n                <div>\n                    <div class=\"sub-item\" onclick=\"toggleMenu(event, 'submenu-convenios')\">\n                        <span>Convenios Internacionales<\/span>\n                        <span class=\"material-icons-round arrow-icon\">expand_more<\/span>\n                    <\/div>\n                    <div id=\"submenu-convenios\" class=\"submenu-v2\">\n                        <a href=\"https:\/\/www.mtess.gov.py\/wp-content\/uploads\/2026\/01\/20160602102853.pdf\" class=\"sub-item-v2\">OIT 138<\/a>\n                        <a href=\"https:\/\/www.mtess.gov.py\/wp-content\/uploads\/2026\/01\/20130904100137.pdf\" class=\"sub-item-v2\">OIT 182<\/a>\n                        <a href=\"https:\/\/www.mtess.gov.py\/wp-content\/uploads\/2026\/01\/P-0-20121990-L-57-1.pdf\" class=\"sub-item-v2\">Convenci\u00f3n Derecho Ni\u00f1o<\/a>\n                    <\/div>\n                <\/div>\n\n                <div>\n                    <div class=\"sub-item\" onclick=\"toggleMenu(event, 'submenu-leyes')\">\n                        <span>Leyes Nacionales<\/span>\n                        <span class=\"material-icons-round arrow-icon\">expand_more<\/span>\n                    <\/div>\n                    <div id=\"submenu-leyes\" class=\"submenu-v2\">\n                        <a href=\"https:\/\/www.mtess.gov.py\/wp-content\/uploads\/2026\/01\/Ley_213.pdf\" class=\"sub-item-v2\">Ley N\u00b0 213\/93<\/a>\n                        <a href=\"https:\/\/www.mtess.gov.py\/wp-content\/uploads\/2026\/01\/ley-16802001-codigo-de-la-ninez0001.pdf\" class=\"sub-item-v2\">Ley N\u00b0 1680\/01<\/a>\n                        <a href=\"https:\/\/www.mtess.gov.py\/wp-content\/uploads\/2026\/01\/Ley_2169.pdf\" class=\"sub-item-v2\">Ley N\u00b0 2169\/03<\/a>\n                        <a href=\"https:\/\/www.mtess.gov.py\/wp-content\/uploads\/2026\/01\/Ley_5115.pdf\" class=\"sub-item-v2\">Ley N\u00b0 5115\/13<\/a>\n                        <a href=\"https:\/\/www.mtess.gov.py\/wp-content\/uploads\/2026\/01\/3.Ley-6572_2020-Agresores-Sexuales.pdf\" class=\"sub-item-v2\">Ley N\u00b0 6572\/2020<\/a>\n                    <\/div>\n                <\/div>\n\n                <div>\n                    <div class=\"sub-item\" onclick=\"toggleMenu(event, 'submenu-decreto')\">\n                        <span>Decretos<\/span>\n                        <span class=\"material-icons-round arrow-icon\">expand_more<\/span>\n                    <\/div>\n                    <div id=\"submenu-decreto\" class=\"submenu-v2\">\n                        <a href=\"https:\/\/www.mtess.gov.py\/wp-content\/uploads\/2026\/01\/Decreto-No-4.951_2005-Por-el-cual-se-reglamenta-la-Ley-1.657-2001-y-se-aprueba-el-listado-de-trabajo-infantil-peligroso.pdf\" class=\"sub-item-v2\">Decreto N\u00b0 4951\/05<\/a>\n                    <\/div>\n                <\/div>\n                \n                <a href=\"https:\/\/www.mtess.gov.py\/?page_id=2381\" class=\"sub-item\">Resoluciones<\/a>\n            <\/div>\n        <\/div>\n\n        <a href=\"https:\/\/rat.mtess.gov.py\/\" class=\"nav-item\">\n            <span class=\"material-icons-round\">assignment_ind<\/span>\n            <span>Registro del Adolescente (RAT)<\/span>\n        <\/a>\n\n        <a href=\"#\" class=\"nav-item\">\n            <span class=\"material-icons-round\">campaign<\/span>\n            <span>Campa\u00f1as de Difusi\u00f3n<\/span>\n        <\/a>\n\n        <a href=\"#\" class=\"nav-item\">\n            <span class=\"material-icons-round\">school<\/span>\n            <span>Capacitaciones<\/span>\n        <\/a>\n\n        <a href=\"https:\/\/www.mtess.gov.py\/?page_id=34648\" class=\"nav-item\">\n            <span class=\"material-icons-round\">quiz<\/span>\n            <span>Preguntas Frecuentes (FAQ)<\/span>\n        <\/a>\n\n        <a href=\"https:\/\/www.mtess.gov.py\/?page_id=34628#\" class=\"nav-item\">\n            <span class=\"material-icons-round\">account_balance<\/span>\n            <span>CONAETI<\/span>\n        <\/a>\n\n        <a href=\"https:\/\/www.mtess.gov.py\/?page_id=34670\" class=\"nav-item\">\n            <span class=\"material-icons-round\">contact_support<\/span>\n            <span>Contacto<\/span>\n        <\/a>\n    <\/div>\n\n    <div class=\"contenido-texto\">\n        <h2>I. DESCRIPCI\u00d3N<\/h2>\n        <p>La DGPNA tiene como finalidad acompa\u00f1ar el desarrollo de una pol\u00edtica nacional para la prevenci\u00f3n y erradicaci\u00f3n del Trabajo Infantil (TI) y protecci\u00f3n del Trabajo Adolescente, haciendo seguimiento del control del cumplimiento de las leyes nacionales en materia laboral. Coordina la Comisi\u00f3n Nacional para la Prevenci\u00f3n y Erradicaci\u00f3n del Trabajo Infantil y la Protecci\u00f3n del Trabajo Adolescente (CONAETI), instancia de articulaci\u00f3n interinstitucional y tripartita para delinear pol\u00edticas, planes y programas tendientes a la prevenci\u00f3n y erradicaci\u00f3n del trabajo infantil y la protecci\u00f3n del trabajo de los adolescentes en Paraguay.<\/p>\n\n        <h2>II. PRINCIPALES FUNCIONES<\/h2>\n        <ul>\n            <li><span class=\"inciso\">a)<\/span> Coordinar las actividades del Viceministerio de Trabajo que tengan por finalidad la prevenci\u00f3n del trabajo infantil y la protecci\u00f3n del trabajo adolescente.<\/li>\n            <li><span class=\"inciso\">b)<\/span> Articular acciones con el Ministerio de la Ni\u00f1ez y Adolescencia (MINNA) en materia de prevenci\u00f3n del trabajo infantil y la protecci\u00f3n del trabajo adolescente.<\/li>\n            <li><span class=\"inciso\">c)<\/span> Coordinar la Comisi\u00f3n Nacional de Prevenci\u00f3n y Erradicaci\u00f3n del Trabajo Infantil y la Protecci\u00f3n del Trabajo Adolescente (CONAETI).<\/li>\n            <li><span class=\"inciso\">d)<\/span> Monitorear la ejecuci\u00f3n de las pol\u00edticas interinstitucionales establecidas en la Estrategia Nacional de Prevenci\u00f3n y Erradicaci\u00f3n del Trabajo Infantil y Protecci\u00f3n del Trabajo Adolescente en Paraguay.<\/li>\n            <li><span class=\"inciso\">e)<\/span> Compilar datos para las Memorias de los Convenios de la OIT sobre las Peores Formas del Trabajo Infantil y sobre la Edad M\u00ednima de Admisi\u00f3n al Empleo, as\u00ed como otros informes para los Organismos de las NN. UU, USDOL, MERCOSUR, Iniciativa Regional y otros, referidos al trabajo infantil.<\/li>\n            <li><span class=\"inciso\">f)<\/span> Promover la actualizaci\u00f3n y el desarrollo de la legislaci\u00f3n nacional e internacional en materia de trabajo infantil y fortalecer los mecanismos que garanticen su aplicaci\u00f3n, en particular los de inspecci\u00f3n, vigilancia y otros.<\/li>\n            <li><span class=\"inciso\">g)<\/span> Dise\u00f1ar y ejecutar campa\u00f1as de sensibilizaci\u00f3n en la prevenci\u00f3n y erradicaci\u00f3n del trabajo infantil y promoci\u00f3n del trabajo adolescente.<\/li>\n            <li><span class=\"inciso\">h)<\/span> Promover el uso del Registro Adolescente Trabajador (RAT), y actuar de nexo con las Conserjer\u00edas Municipales por los Derechos del Ni\u00f1o, Ni\u00f1a y Adolescente (CODENI); para la correcta aplicaci\u00f3n del RAT.<\/li>\n            <li><span class=\"inciso\">i)<\/span> Derivar las denuncias laborales de trabajadores adolescentes no resueltas en medici\u00f3n y los casos de trabajo infantil a los organismos de protecci\u00f3n, apoyo y\/o \u00f3rganos jurisdiccionales para la defensa y restituci\u00f3n de sus derechos (Ministerio P\u00fablico, Ministerio de la Defensa P\u00fablica, Ministerio de la Ni\u00f1ez y Adolescencia).<\/li>\n        <\/ul>\n\n        <h2>III. DEPARTAMENTO DE DENUNCIA Y SEGUIMIENTO<\/h2>\n        <h3>FUNCIONES ESPEC\u00cdFICAS<\/h3>\n        <ul>\n            <li class=\"bullet\">Brindar informaciones y orientaciones sobre Trabajo Infantil y el Trabajo Adolescente Protegido.<\/li>\n            <li class=\"bullet\">Acompa\u00f1ar y registrar las denuncias laborales sobre Trabajo Infantil y Trabajo Adolescente irregular.<\/li>\n            <li class=\"bullet\">Realizar el c\u00e1lculo de la liquidaci\u00f3n laboral correspondiente a las denuncias recibidas que involucren a adolescentes trabajadores.<\/li>\n            <li class=\"bullet\">Convocar y llevar a cabo Audiencias de Mediaciones tendientes a la soluci\u00f3n de los conflictos laborales de los adolescentes trabajadores.<\/li>\n            <li class=\"bullet\">Realizar capacitaciones y campa\u00f1as contra el Trabajo Infantil y la protecci\u00f3n del Trabajo Adolescente<\/li>\n            <li class=\"bullet\">Monitorear el Registro Adolescente Trabajador (RAT) y promover su uso a nivel nacional.<\/li>\n        <\/ul>\n    <\/div>\n\n    <script>\n        function toggleMenu(event, id) {\n            event.stopPropagation();\n            \n            const submenu = document.getElementById(id);\n            const trigger = event.currentTarget;\n            \n            const isVisible = window.getComputedStyle(submenu).display === \"flex\";\n            \n            submenu.style.display = isVisible ? \"none\" : \"flex\";\n            \n            if (isVisible) {\n                trigger.classList.remove(\"open\");\n            } else {\n                trigger.classList.add(\"open\");\n            }\n        }\n    <\/script>\n<\/div>\n<\/div>\n<\/div>\n<\/div><\/div>\n\n\n\n<div class=\"wp-block-uagb-container uagb-block-a8d1e355 alignfull uagb-is-root-container\"><div class=\"uagb-container-inner-blocks-wrap\"><\/div><\/div>\n\n\n\n<div class=\"wp-block-uagb-container uagb-block-8fe70b4f alignfull uagb-is-root-container\"><div class=\"uagb-container-inner-blocks-wrap\"><\/div><\/div>\n\n\n\n<p><\/p>\n","protected":false},"excerpt":{"rendered":"<p>Men\u00fa de Navegaci\u00f3n home Inicio gavel Marco Normativo expand_more Constituci\u00f3n Nacional expand_more Art\u00edculo 54 Art\u00edculo 90 Convenios Internacionales expand_more OIT 138 OIT 182 Convenci\u00f3n Derecho Ni\u00f1o Leyes Nacionales expand_more Ley N\u00b0 213\/93 Ley N\u00b0 1680\/01 Ley N\u00b0 2169\/03 Ley N\u00b0 5115\/13 Ley N\u00b0 6572\/2020 Decretos expand_more Decreto N\u00b0 4951\/05 Resoluciones assignment_ind Registro del Adolescente (RAT) [&hellip;]<\/p>\n","protected":false},"author":7,"featured_media":0,"parent":2272,"menu_order":0,"comment_status":"closed","ping_status":"closed","template":"","meta":{"_acf_changed":false,"_uag_custom_page_level_css":"","footnotes":""},"class_list":["post-2381","page","type-page","status-publish","hentry"],"acf":[],"uagb_featured_image_src":{"full":false,"thumbnail":false,"medium":false,"medium_large":false,"large":false,"1536x1536":false,"2048x2048":false,"depicter-thumbnail":false},"uagb_author_info":{"display_name":"Lucas Santacruz","author_link":"https:\/\/www.mtess.gov.py\/?author=7"},"uagb_comment_info":0,"uagb_excerpt":"Men\u00fa de Navegaci\u00f3n home Inicio gavel Marco Normativo expand_more Constituci\u00f3n Nacional expand_more Art\u00edculo 54 Art\u00edculo 90 Convenios Internacionales expand_more OIT 138 OIT 182 Convenci\u00f3n Derecho Ni\u00f1o Leyes Nacionales expand_more Ley N\u00b0 213\/93 Ley N\u00b0 1680\/01 Ley N\u00b0 2169\/03 Ley N\u00b0 5115\/13 Ley N\u00b0 6572\/2020 Decretos expand_more Decreto N\u00b0 4951\/05 Resoluciones assignment_ind Registro del Adolescente (RAT)&hellip;","_links":{"self":[{"href":"https:\/\/www.mtess.gov.py\/index.php?rest_route=\/wp\/v2\/pages\/2381","targetHints":{"allow":["GET"]}}],"collection":[{"href":"https:\/\/www.mtess.gov.py\/index.php?rest_route=\/wp\/v2\/pages"}],"about":[{"href":"https:\/\/www.mtess.gov.py\/index.php?rest_route=\/wp\/v2\/types\/page"}],"author":[{"embeddable":true,"href":"https:\/\/www.mtess.gov.py\/index.php?rest_route=\/wp\/v2\/users\/7"}],"replies":[{"embeddable":true,"href":"https:\/\/www.mtess.gov.py\/index.php?rest_route=%2Fwp%2Fv2%2Fcomments&post=2381"}],"version-history":[{"count":58,"href":"https:\/\/www.mtess.gov.py\/index.php?rest_route=\/wp\/v2\/pages\/2381\/revisions"}],"predecessor-version":[{"id":35124,"href":"https:\/\/www.mtess.gov.py\/index.php?rest_route=\/wp\/v2\/pages\/2381\/revisions\/35124"}],"up":[{"embeddable":true,"href":"https:\/\/www.mtess.gov.py\/index.php?rest_route=\/wp\/v2\/pages\/2272"}],"wp:attachment":[{"href":"https:\/\/www.mtess.gov.py\/index.php?rest_route=%2Fwp%2Fv2%2Fmedia&parent=2381"}],"curies":[{"name":"wp","href":"https:\/\/api.w.org\/{rel}","templated":true}]}}