{"id":2398,"date":"2024-08-02T10:55:56","date_gmt":"2024-08-02T14:55:56","guid":{"rendered":"https:\/\/bi.mtess.gov.py\/v1\/?page_id=2398"},"modified":"2026-04-16T08:12:19","modified_gmt":"2026-04-16T11:12:19","slug":"direccion-de-registro-de-obrero-patronal","status":"publish","type":"page","link":"https:\/\/www.mtess.gov.py\/?page_id=2398","title":{"rendered":"Direcci\u00f3n de Registro de Obrero Patronal"},"content":{"rendered":"\n<div class=\"wp-block-uagb-container uagb-block-7297bec6 alignfull uagb-is-root-container\"><div class=\"uagb-container-inner-blocks-wrap\">\n<div class=\"wp-block-columns alignwide are-vertically-aligned-top is-layout-flex wp-container-core-columns-is-layout-28f84493 wp-block-columns-is-layout-flex\">\n<div class=\"wp-block-column is-vertically-aligned-top is-layout-flow wp-container-core-column-is-layout-210b351c wp-block-column-is-layout-flow\" style=\"flex-basis:25%\">\n<div class=\"wp-block-buttons has-background is-vertical is-content-justification-center is-layout-flex wp-container-core-buttons-is-layout-f26c9fde wp-block-buttons-is-layout-flex\" style=\"background-color:#00539c00;margin-top:0;margin-bottom:0\">\n<div class=\"wp-block-button has-custom-width wp-block-button__width-100 is-style-outline is-style-outline--1\"><a class=\"wp-block-button__link has-base-color has-text-color has-background has-link-color wp-element-button\" href=\"https:\/\/www.mtess.gov.py\/?page_id=24021\" style=\"border-width:2px;border-radius:26px;background-color:#002053;font-style:normal;font-weight:700\">Acerca del Sistema de Presentaci\u00f3n de Planillas y Comunicaciones<\/a><\/div>\n\n\n\n<div class=\"wp-block-button has-custom-width wp-block-button__width-100 is-style-outline is-style-outline--2\"><a class=\"wp-block-button__link has-base-color has-text-color has-background has-link-color wp-element-button\" href=\"https:\/\/www.mtess.gov.py\/?page_id=24546\" style=\"border-width:2px;border-radius:26px;background-color:#002053;font-style:normal;font-weight:700\">Cancelaci\u00f3n de Registro Patronal<\/a><\/div>\n\n\n\n<div class=\"wp-block-button has-custom-width wp-block-button__width-100 is-style-outline is-style-outline--3\"><a class=\"wp-block-button__link has-base-color has-text-color has-background has-link-color wp-element-button\" href=\"https:\/\/inscripcionpatronal.mtess.gov.py\/login.php\" style=\"border-width:2px;border-radius:26px;background-color:#002053;font-style:normal;font-weight:700\" target=\"_blank\" rel=\"noreferrer noopener\">Inscripci\u00f3n Patronal<\/a><\/div>\n\n\n\n<div class=\"wp-block-button has-custom-width wp-block-button__width-100 is-style-outline is-style-outline--4\"><a class=\"wp-block-button__link has-base-color has-text-color has-background has-link-color wp-element-button\" href=\"https:\/\/www.mtess.gov.py\/?page_id=24662\" style=\"border-width:2px;border-radius:26px;background-color:#002053;font-style:normal;font-weight:700\">C\u00f3digos de productos para pago de multas<\/a><\/div>\n\n\n\n<div class=\"wp-block-button has-custom-width wp-block-button__width-100 is-style-outline is-style-outline--5\"><a class=\"wp-block-button__link has-base-color has-text-color has-background has-link-color wp-element-button\" href=\"https:\/\/www.mtess.gov.py\/?page_id=24667\" style=\"border-width:2px;border-radius:26px;background-color:#002053;font-style:normal;font-weight:700\">Fraccionamiento de multas<\/a><\/div>\n\n\n\n<div class=\"wp-block-button has-custom-width wp-block-button__width-100 is-style-outline is-style-outline--6\"><a class=\"wp-block-button__link has-base-color has-text-color has-background has-link-color wp-element-button\" href=\"https:\/\/www.mtess.gov.py\/?page_id=24677\" style=\"border-width:2px;border-radius:26px;background-color:#002053;font-style:normal;font-weight:700\">Cambio de Representante Legal o Directivos<\/a><\/div>\n\n\n\n<div class=\"wp-block-button has-custom-width wp-block-button__width-100 is-style-outline is-style-outline--7\"><a class=\"wp-block-button__link has-base-color has-text-color has-background has-link-color wp-element-button\" href=\"https:\/\/www.mtess.gov.py\/?page_id=24708\" style=\"border-width:2px;border-radius:26px;background-color:#002053;font-style:normal;font-weight:700\">Constancia de no estar inscripto<\/a><\/div>\n\n\n\n<div class=\"wp-block-button has-custom-width wp-block-button__width-100 is-style-outline is-style-outline--8\"><a class=\"wp-block-button__link has-base-color has-text-color has-background has-link-color wp-element-button\" href=\"https:\/\/www.mtess.gov.py\/?page_id=24713\" style=\"border-width:2px;border-radius:26px;background-color:#002053;font-style:normal;font-weight:700\">Certificado Laboral<\/a><\/div>\n\n\n\n<div class=\"wp-block-button has-custom-width wp-block-button__width-100 is-style-outline is-style-outline--9\"><a class=\"wp-block-button__link has-base-color has-text-color has-background has-link-color wp-element-button\" href=\"https:\/\/www.mtess.gov.py\/?page_id=24718\" style=\"border-width:2px;border-radius:26px;background-color:#002053;font-style:normal;font-weight:700\">Capacitaciones<\/a><\/div>\n\n\n\n<div class=\"wp-block-button has-custom-width wp-block-button__width-100 is-style-outline is-style-outline--10\"><a class=\"wp-block-button__link has-base-color has-text-color has-background has-link-color wp-element-button\" href=\"https:\/\/www.mtess.gov.py\/?page_id=31365\" style=\"border-width:2px;border-radius:26px;background-color:#002053;font-style:normal;font-weight:700\">Comunicaciones REOP<\/a><\/div>\n\n\n\n<div class=\"wp-block-button has-custom-width wp-block-button__width-100 is-style-outline is-style-outline--11\"><a class=\"wp-block-button__link has-base-color has-text-color has-background has-link-color wp-element-button\" href=\"https:\/\/www.mtess.gov.py\/?page_id=32580\" style=\"border-width:2px;border-radius:26px;background-color:#002053;font-style:normal;font-weight:700\" target=\"_blank\" rel=\"noreferrer noopener\"> Reglamento Interno<\/a><\/div>\n<\/div>\n<\/div>\n\n\n\n<div class=\"wp-block-column is-vertically-aligned-top is-layout-flow wp-block-column-is-layout-flow\" style=\"flex-basis:50%\">\n<p>La Direcci\u00f3n de Registro Obrero Patronal est\u00e1 integrada a la estructura organizacional del Ministerio de Trabajo, Empleo y Seguridad Social a trav\u00e9s del Vice ministerio de Trabajo.<\/p>\n\n\n\n<p>Tiene a su cargo el Departamento de Inscripci\u00f3n y Liquidaci\u00f3n y es la responsable de llevar los registros de empleadores y empleados de la Republica del Paraguay.<\/p>\n\n\n\n<p>Los registros est\u00e1n constituidos por la inscripci\u00f3n patronal, las comunicaciones de entrada y salida de trabajadores, los permisos y vacaciones otorgadas, las amonestaciones, apercibimientos y suspensiones del personal, as\u00ed como las comunicaciones de accidentes de trabajo, riesgos y enfermedades profesionales. Tambi\u00e9n forma parte de los registros los libros laborales de tenencia obligatoria y la presentaci\u00f3n de planillas laborales.<\/p>\n\n\n\n<p>En el a\u00f1o 1991, el Ministerio de Justicia y Trabajo fue estructurado con dos subsecretar\u00edas: la Subsecretar\u00eda de Estado de Justicia y la Subsecretar\u00eda de Estado de Trabajo y Seguridad Social. La Direcci\u00f3n General del Trabajo dependiente de esta ultima tenia a su cargo el Departamento de Estad\u00edstica, con dos divisiones: Divisi\u00f3n Registro Patronal y Divisi\u00f3n Procesamiento de la Informaci\u00f3n.<\/p>\n\n\n\n<p>En el a\u00f1o 1995, por Decreto N\u00ba 10.047 se establece la obligaci\u00f3n de inscripci\u00f3n de empresas en el registro patronal, as\u00ed como la obligaci\u00f3n de llevar libros laborales, de presentar planillas laborales y las multas correspondientes a los incumplimientos en los plazos establecidos.<\/p>\n\n\n\n<p>En el a\u00f1o 2008, fue creado el Departamento de Inscripci\u00f3n Obrero Patronal a trav\u00e9s del Decreto 580 que derog\u00f3 el anterior, el 10.047\/95.<\/p>\n\n\n\n<p>En el a\u00f1o 2014, con la entrada en vigencia de la Ley N\u00ba 5115, \u00abDe creaci\u00f3n del Ministerio de Trabajo, Empleo y Seguridad Social\u00bb, se concibe a la Direcci\u00f3n de Registro Obrero Patronal como dependiente del Viceministerio de Trabajo.<\/p>\n\n\n\n<p>En el a\u00f1o 2017, por el Decreto N\u00b0 8304 establecen regulaciones sobre la inscripci\u00f3n obrero patronal, la presentaci\u00f3n de planillas laborales, las comunicaciones y trasmisi\u00f3n de datos y documentos electr\u00f3nicos ante la autoridad administrativa del trabajo y se autoriza al ministerio de trabajo, empleo y seguridad social a implementar la regularizaci\u00f3n de la inscripci\u00f3n obrero patronal y presentaci\u00f3n de planillas.<\/p>\n\n\n\n<p>En la Direcci\u00f3n del Registro Obrero Patronal se tramita la inscripci\u00f3n del empleador para el otorgamiento del registro patronal. As\u00ed tambi\u00e9n se tramita las actualizaciones de los registros, cambios de representante legal, domicilio actividad econ\u00f3mica y la cancelaci\u00f3n de los mismos.<\/p>\n\n\n\n<p>La Direcci\u00f3n del Registro Obrero Patronal emite constancias de inscripci\u00f3n, certificado de cumplimiento laboral y constancias de no estar inscripto. Recibe anualmente las planillas laborales de Empleados y Obreros, Sueldos y Jornales y el Resumen general de personal ocupadas y eleva informe sobre empleadores y empleados registrados solicitud de la autoridad jurisdiccional, entidades de seguridad social y dem\u00e1s organismos p\u00fablicos y privados.<\/p>\n\n\n\n<p><strong>Departamento Inscripci\u00f3n y Liquidaci\u00f3n<\/strong><\/p>\n\n\n\n<p>Es el encargado de llevar a cabo las tareas necesarias para la inscripci\u00f3n y actualizaci\u00f3n de los empleadores al registro obrero patronal, as\u00ed como del asiento de las comunicaciones. Tambi\u00e9n tiene a su cargo el archivo hist\u00f3rico de las inscripciones patronales y eleva informe sobre los sujetos inscriptos en el Registro Obrero Patronal.<\/p>\n\n\n\n<p>Responsable: Abog. Carlos Castro.<\/p>\n\n\n\n<p><strong><u>Datos de contacto.<\/u><\/strong><\/p>\n\n\n\n<p>Direcci\u00f3n: Per\u00fa esq. Rio de Janeiro  <br>Tel\u00e9fonos: 021 729 0100 internos 554<br>WhatsApp: 0986 790101 <br>Correo: reop@mtess.gov.py<\/p>\n\n\n\n<p><\/p>\n<\/div>\n\n\n\n<div class=\"wp-block-column is-vertically-aligned-top is-layout-flow wp-block-column-is-layout-flow\" style=\"flex-basis:25%\">\n<div class=\"wp-block-uagb-icon-list uagb-block-f475e88a\"><div class=\"uagb-icon-list__wrap\">\n<div class=\"wp-block-uagb-icon-list-child uagb-block-33c30435\"><a target=\"_self\" aria-label=\"Tutoriales REOP\" rel=\"noopener noreferrer\" href=\"https:\/\/www.mtess.gov.py\/?page_id=35587\"> <\/a><span class=\"uagb-icon-list__source-wrap\"><svg xmlns=\"https:\/\/www.w3.org\/2000\/svg\" viewBox=\"0 0 512 512\"><path d=\"M256 0C114.6 0 0 114.6 0 256c0 141.4 114.6 256 256 256s256-114.6 256-256C512 114.6 397.4 0 256 0zM406.6 278.6l-103.1 103.1c-12.5 12.5-32.75 12.5-45.25 0s-12.5-32.75 0-45.25L306.8 288H128C110.3 288 96 273.7 96 256s14.31-32 32-32h178.8l-49.38-49.38c-12.5-12.5-12.5-32.75 0-45.25s32.75-12.5 45.25 0l103.1 103.1C414.6 241.3 416 251.1 416 256C416 260.9 414.6 270.7 406.6 278.6z\"><\/path><\/svg><\/span><span class=\"uagb-icon-list__label\">Tutoriales REOP<\/span><\/div>\n<\/div><\/div>\n\n\n\n<div class=\"wp-block-kadence-advancedbtn kb-buttons-wrap kb-btns2398_e4d499-57\"><a class=\"kb-button kt-button button kb-btn2398_c17c49-62 kt-btn-size-standard kt-btn-width-type-auto kb-btn-global-fill  kt-btn-has-text-true kt-btn-has-svg-false  wp-block-kadence-singlebtn\" href=\"https:\/\/www.mtess.gov.py\/?page_id=32376\"><span class=\"kt-btn-inner-text\">Gu\u00edas Practicas Sistema REOP<\/span><\/a><\/div>\n\n\n\n<h4 class=\"wp-block-heading is-style-default has-system-sans-serif-font-family\"><strong>Atajo a Sistemas<\/strong><\/h4>\n\n\n\n<div class=\"wp-block-uagb-icon-list uagb-block-9d7f20de\"><div class=\"uagb-icon-list__wrap\">\n<div class=\"wp-block-uagb-icon-list-child uagb-block-ab3d4587\"><a target=\"_self\" aria-label=\"INSCRIPCI\u00d3N EN L\u00cdNEA\" rel=\"noopener noreferrer\" href=\"https:\/\/inscripcionpatronal.mtess.gov.py\/login.php\"> <\/a><span class=\"uagb-icon-list__source-wrap\"><svg xmlns=\"https:\/\/www.w3.org\/2000\/svg\" viewBox=\"0 0 640 512\"><path d=\"M319.1 351.1c-35.35 0-64 28.66-64 64.01s28.66 64.01 64 64.01c35.34 0 64-28.66 64-64.01S355.3 351.1 319.1 351.1zM320 191.1c-70.25 0-137.9 25.6-190.5 72.03C116.3 275.7 115 295.9 126.7 309.2C138.5 322.4 158.7 323.7 171.9 312C212.8 275.9 265.4 256 320 256s107.3 19.88 148.1 56C474.2 317.4 481.8 320 489.3 320c8.844 0 17.66-3.656 24-10.81C525 295.9 523.8 275.7 510.5 264C457.9 217.6 390.3 191.1 320 191.1zM630.2 156.7C546.3 76.28 436.2 32 320 32S93.69 76.28 9.844 156.7c-12.75 12.25-13.16 32.5-.9375 45.25c12.22 12.78 32.47 13.12 45.25 .9375C125.1 133.1 220.4 96 320 96s193.1 37.97 265.8 106.9C592.1 208.8 600 211.8 608 211.8c8.406 0 16.81-3.281 23.09-9.844C643.3 189.2 642.9 168.1 630.2 156.7z\"><\/path><\/svg><\/span><span class=\"uagb-icon-list__label\"><strong>INSCRIPCI\u00d3N EN L\u00cdNEA<\/strong><\/span><\/div>\n\n\n\n<div class=\"wp-block-uagb-icon-list-child uagb-block-401438c9\"><a target=\"_blank\" aria-label=\"REGOBAT\" rel=\"noopener noreferrer\" href=\"https:\/\/regobpat.mtess.gov.py\/login.php\"> <\/a><span class=\"uagb-icon-list__source-wrap\"><svg xmlns=\"https:\/\/www.w3.org\/2000\/svg\" viewBox=\"0 0 512 512\"><path d=\"M32 432C32 458.5 53.49 480 80 480h352c26.51 0 48-21.49 48-48V160H32V432zM160 236C160 229.4 165.4 224 172 224h168C346.6 224 352 229.4 352 236v8C352 250.6 346.6 256 340 256h-168C165.4 256 160 250.6 160 244V236zM480 32H32C14.31 32 0 46.31 0 64v48C0 120.8 7.188 128 16 128h480C504.8 128 512 120.8 512 112V64C512 46.31 497.7 32 480 32z\"><\/path><\/svg><\/span><span class=\"uagb-icon-list__label\"><strong>REGOBAT<\/strong><\/span><\/div>\n\n\n\n<div class=\"wp-block-uagb-icon-list-child uagb-block-b16b3466\"><a target=\"_blank\" aria-label=\"Formulario de Inscripci\u00f3n\" rel=\"noopener noreferrer\" href=\"https:\/\/www.mtess.gov.py\/wp-content\/uploads\/2025\/08\/NUEVO-FORMULARIO-DE-INSCRIPCION.pdf\"> <\/a><span class=\"uagb-icon-list__source-wrap\"><svg xmlns=\"https:\/\/www.w3.org\/2000\/svg\" viewBox=\"0 0 384 512\"><path d=\"M0 64C0 28.65 28.65 0 64 0H224V128C224 145.7 238.3 160 256 160H384V448C384 483.3 355.3 512 320 512H64C28.65 512 0 483.3 0 448V64zM256 128V0L384 128H256z\"><\/path><\/svg><\/span><span class=\"uagb-icon-list__label\"><strong>Formulario de Inscripci\u00f3n<\/strong><\/span><\/div>\n\n\n\n<div class=\"wp-block-uagb-icon-list-child uagb-block-075da10a\"><a target=\"_blank\" aria-label=\"Formulario de declaraci\u00f3n jurada de accidentes laborales\" rel=\"noopener noreferrer\" href=\"https:\/\/www.mtess.gov.py\/wp-content\/uploads\/2025\/01\/FORMULARIO_DE_DECLARACION_JURADA_DE_ACCIDENTE_LABORAL_1.pdf\"> <\/a><span class=\"uagb-icon-list__source-wrap\"><svg xmlns=\"https:\/\/www.w3.org\/2000\/svg\" viewBox=\"0 0 384 512\"><path d=\"M0 64C0 28.65 28.65 0 64 0H224V128C224 145.7 238.3 160 256 160H384V448C384 483.3 355.3 512 320 512H64C28.65 512 0 483.3 0 448V64zM256 128V0L384 128H256z\"><\/path><\/svg><\/span><span class=\"uagb-icon-list__label\"><strong>Formulario <\/strong>de declaraci\u00f3n jurada de accidentes laborales<\/span><\/div>\n\n\n\n<div class=\"wp-block-uagb-icon-list-child uagb-block-1a22d108\"><a target=\"_blank\" aria-label=\"Formalizaci\u00f3n MIPYMES\" rel=\"noopener noreferrer\" href=\"https:\/\/www.mipymes.gov.py\/formalizacion\/\"> <\/a><span class=\"uagb-icon-list__source-wrap\"><svg xmlns=\"https:\/\/www.w3.org\/2000\/svg\" viewBox=\"0 0 640 512\"><path d=\"M172.5 131.1C228.1 75.51 320.5 75.51 376.1 131.1C426.1 181.1 433.5 260.8 392.4 318.3L391.3 319.9C381 334.2 361 337.6 346.7 327.3C332.3 317 328.9 297 339.2 282.7L340.3 281.1C363.2 249 359.6 205.1 331.7 177.2C300.3 145.8 249.2 145.8 217.7 177.2L105.5 289.5C73.99 320.1 73.99 372 105.5 403.5C133.3 431.4 177.3 435 209.3 412.1L210.9 410.1C225.3 400.7 245.3 404 255.5 418.4C265.8 432.8 262.5 452.8 248.1 463.1L246.5 464.2C188.1 505.3 110.2 498.7 60.21 448.8C3.741 392.3 3.741 300.7 60.21 244.3L172.5 131.1zM467.5 380C411 436.5 319.5 436.5 263 380C213 330 206.5 251.2 247.6 193.7L248.7 192.1C258.1 177.8 278.1 174.4 293.3 184.7C307.7 194.1 311.1 214.1 300.8 229.3L299.7 230.9C276.8 262.1 280.4 306.9 308.3 334.8C339.7 366.2 390.8 366.2 422.3 334.8L534.5 222.5C566 191 566 139.1 534.5 108.5C506.7 80.63 462.7 76.99 430.7 99.9L429.1 101C414.7 111.3 394.7 107.1 384.5 93.58C374.2 79.2 377.5 59.21 391.9 48.94L393.5 47.82C451 6.731 529.8 13.25 579.8 63.24C636.3 119.7 636.3 211.3 579.8 267.7L467.5 380z\"><\/path><\/svg><\/span><span class=\"uagb-icon-list__label\"><strong>Formalizaci\u00f3n MIPYMES<\/strong><\/span><\/div>\n<\/div><\/div>\n\n\n\n<p class=\"has-text-color has-link-color wp-elements-0e731edffff7a60a067dcc3fab954230\" style=\"color:#00529c\"><a href=\"https:\/\/www.mtess.gov.py\/wp-content\/uploads\/2025\/01\/modelos.zip\" data-type=\"link\" data-id=\"https:\/\/www.mtess.gov.py\/wp-content\/uploads\/2025\/01\/modelos.zip\">Modelos de planillas laborales<\/a><\/p>\n\n\n\n<h4 class=\"wp-block-heading is-style-default has-system-sans-serif-font-family\"><strong>Marco Legal<\/strong><\/h4>\n\n\n\n<p class=\"has-contrast-color has-text-color has-link-color wp-elements-d7b9bdc3454604db23ab0aa839e1368f\"><a href=\"https:\/\/www.mtess.gov.py\/wp-content\/uploads\/2024\/09\/DECRETO8304_17-1.pdf\">&nbsp;Decreto 8304\/17<\/a><\/p>\n\n\n\n<p class=\"has-contrast-color has-text-color has-link-color wp-elements-d285132f89d846cb3bcab0d2967e6022\"><a href=\"https:\/\/www.mtess.gov.py\/wp-content\/uploads\/2024\/09\/DECRETO9368_18-1.pdf\">&nbsp;Decreto 9368\/18<\/a><\/p>\n\n\n\n<p class=\"has-contrast-color has-text-color has-link-color wp-elements-4c4e6dfa02decbcaf7ff178d1c730ec6\"><a href=\"https:\/\/www.mtess.gov.py\/wp-content\/uploads\/2024\/09\/DECRETO1989-1.pdf\">&nbsp;Decreto 1989\/2024<\/a><\/p>\n\n\n\n<p class=\"has-contrast-color has-text-color has-link-color wp-elements-092529594194933c713563fba290c393\"><a href=\"https:\/\/www.mtess.gov.py\/wp-content\/uploads\/2024\/09\/resolucion_mtess_537_2021.pdf\">&nbsp;Resoluci\u00f3n MTESS 537\/2021<\/a><\/p>\n\n\n\n<p class=\"has-contrast-color has-text-color has-link-color wp-elements-53c037cf43306a61f871073b23c1006b\"><a href=\"https:\/\/www.mtess.gov.py\/wp-content\/uploads\/2024\/09\/resolucion_MTESS_3109_19.pdf\">&nbsp;Resoluci\u00f3n MTESS 3109\/19<\/a><\/p>\n\n\n\n<p class=\"has-contrast-color has-text-color has-link-color wp-elements-cc903a7f2f3e3cfc0e357d5d0c292fc7\"><a href=\"https:\/\/www.mtess.gov.py\/wp-content\/uploads\/2024\/09\/Resolucion_MTESS_N_68_-_PLANILLAS_LABORALES.pdf\">&nbsp;Resoluci\u00f3n MTESS 68\/2024<\/a><\/p>\n\n\n\n<p class=\"has-contrast-color has-text-color has-link-color wp-elements-dc6bc07d141e0604fa331f5658e94cc2\"><a href=\"https:\/\/www.mtess.gov.py\/download_file\/6564\">&nbsp;Resoluci\u00f3n MTESS<\/a><a href=\"https:\/\/www.mtess.gov.py\/wp-content\/uploads\/2024\/09\/2024-07-08-RES-MTESS-526-2024.pdf\"> <\/a><a href=\"https:\/\/www.mtess.gov.py\/download_file\/6564\">526\/2024<\/a><\/p>\n\n\n\n<p class=\"has-contrast-color has-text-color has-link-color wp-elements-432c0c501519453d9498d3a3a86e9913\"><a href=\"https:\/\/www.mtess.gov.py\/wp-content\/uploads\/2024\/09\/2024-07-08-RES-MTESS-527-2024.pdf\">&nbsp;Resoluci\u00f3n MTESS 527\/2024<\/a><\/p>\n\n\n\n<p class=\"has-contrast-color has-text-color has-link-color wp-elements-ddb2a74d3d488fc3e998ef2c3b3bb2c3\"><a href=\"https:\/\/www.mtess.gov.py\/wp-content\/uploads\/2024\/09\/DECRETO1989-1.pdf\">&nbsp;Resoluci\u00f3n MTESS 889\/2023<\/a><\/p>\n\n\n\n<p class=\"has-contrast-color has-text-color has-link-color wp-elements-6b323a15eb53d19445b106c2b9e20181\"><a href=\"https:\/\/www.mtess.gov.py\/wp-content\/uploads\/2025\/01\/Resolucion_MTESS_N_991_-_REGLAMENTO_PARA_INSCRIPCION_PATRONAL.pdf\" data-type=\"link\" data-id=\"https:\/\/www.mtess.gov.py\/wp-content\/uploads\/2025\/01\/Resolucion_MTESS_N_991_-_REGLAMENTO_PARA_INSCRIPCION_PATRONAL.pdf\">&nbsp;Resoluci\u00f3n MTESS 991\/2024<\/a><\/p>\n<\/div>\n<\/div>\n\n\n\n<p><\/p>\n<\/div><\/div>\n","protected":false},"excerpt":{"rendered":"<p>La Direcci\u00f3n de Registro Obrero Patronal est\u00e1 integrada a la estructura organizacional del Ministerio de Trabajo, Empleo y Seguridad Social a trav\u00e9s del Vice ministerio de Trabajo. Tiene a su cargo el Departamento de Inscripci\u00f3n y Liquidaci\u00f3n y es la responsable de llevar los registros de empleadores y empleados de la Republica del Paraguay. Los [&hellip;]<\/p>\n","protected":false},"author":7,"featured_media":0,"parent":2272,"menu_order":0,"comment_status":"closed","ping_status":"closed","template":"","meta":{"_acf_changed":false,"_uag_custom_page_level_css":"","footnotes":""},"class_list":["post-2398","page","type-page","status-publish","hentry"],"acf":[],"uagb_featured_image_src":{"full":false,"thumbnail":false,"medium":false,"medium_large":false,"large":false,"1536x1536":false,"2048x2048":false,"depicter-thumbnail":false},"uagb_author_info":{"display_name":"Lucas Santacruz","author_link":"https:\/\/www.mtess.gov.py\/?author=7"},"uagb_comment_info":0,"uagb_excerpt":"La Direcci\u00f3n de Registro Obrero Patronal est\u00e1 integrada a la estructura organizacional del Ministerio de Trabajo, Empleo y Seguridad Social a trav\u00e9s del Vice ministerio de Trabajo. Tiene a su cargo el Departamento de Inscripci\u00f3n y Liquidaci\u00f3n y es la responsable de llevar los registros de empleadores y empleados de la Republica del Paraguay. Los&hellip;","_links":{"self":[{"href":"https:\/\/www.mtess.gov.py\/index.php?rest_route=\/wp\/v2\/pages\/2398","targetHints":{"allow":["GET"]}}],"collection":[{"href":"https:\/\/www.mtess.gov.py\/index.php?rest_route=\/wp\/v2\/pages"}],"about":[{"href":"https:\/\/www.mtess.gov.py\/index.php?rest_route=\/wp\/v2\/types\/page"}],"author":[{"embeddable":true,"href":"https:\/\/www.mtess.gov.py\/index.php?rest_route=\/wp\/v2\/users\/7"}],"replies":[{"embeddable":true,"href":"https:\/\/www.mtess.gov.py\/index.php?rest_route=%2Fwp%2Fv2%2Fcomments&post=2398"}],"version-history":[{"count":98,"href":"https:\/\/www.mtess.gov.py\/index.php?rest_route=\/wp\/v2\/pages\/2398\/revisions"}],"predecessor-version":[{"id":35593,"href":"https:\/\/www.mtess.gov.py\/index.php?rest_route=\/wp\/v2\/pages\/2398\/revisions\/35593"}],"up":[{"embeddable":true,"href":"https:\/\/www.mtess.gov.py\/index.php?rest_route=\/wp\/v2\/pages\/2272"}],"wp:attachment":[{"href":"https:\/\/www.mtess.gov.py\/index.php?rest_route=%2Fwp%2Fv2%2Fmedia&parent=2398"}],"curies":[{"name":"wp","href":"https:\/\/api.w.org\/{rel}","templated":true}]}}