{"id":24546,"date":"2024-09-24T08:56:38","date_gmt":"2024-09-24T12:56:38","guid":{"rendered":"https:\/\/bi.mtess.gov.py\/v1\/?page_id=24546"},"modified":"2026-02-18T11:19:03","modified_gmt":"2026-02-18T14:19:03","slug":"cancelacion-de-registro-patronal","status":"publish","type":"page","link":"https:\/\/www.mtess.gov.py\/?page_id=24546","title":{"rendered":"Cancelaci\u00f3n de Registro Patronal"},"content":{"rendered":"\n<section class=\"requisitos-section\">\n    <div class=\"requisitos-container\">\n        \n        <h2 class=\"requisitos-titulo\">REQUISITOS<\/h2>\n        \n        <ul class=\"requisitos-lista\">\n            <li>\n                <span class=\"requisitos-letra\">a)<\/span>\n                Presentar una nota suscripta por el representante legal en la que se solicita la cancelaci\u00f3n del Registro Obrero Patronal.\n            <\/li>\n\n            <li>\n                <span class=\"requisitos-letra\">b)<\/span>\n                Adjuntar a la presentaci\u00f3n constancia de la cancelaci\u00f3n del Registro \u00danico Contribuyente y Cancelaci\u00f3n en el Seguro Social.\n            <\/li>\n\n            <li>\n                <span class=\"requisitos-letra\">c)<\/span>\n                Comunicar a trav\u00e9s del sistema REOP la salida de todos los trabajadores y presentar las planillas laborales fijadas en el Decreto N\u00b0 8304\/17, conforme a la modalidad y plazo establecido en cada caso.\n            <\/li>\n\n            <li>\n                <span class=\"requisitos-letra\">d)<\/span>\n                No adeudar multas por incumplimiento de las obligaciones laborales.\n            <\/li>\n        <\/ul>\n\n        <div class=\"requisitos-boton-container\">\n            <a href=\"https:\/\/tramites.mtess.gov.py\/virtu\/documentos_virtu_add.php\" \n               target=\"_blank\" \n               class=\"requisitos-boton\">\n               Presentar nota en Mesa de Entrada En L\u00ednea\n            <\/a>\n        <\/div>\n\n    <\/div>\n<\/section>\n\n","protected":false},"excerpt":{"rendered":"<p>REQUISITOS a) Presentar una nota suscripta por el representante legal en la que se solicita la cancelaci\u00f3n del Registro Obrero Patronal. b) Adjuntar a la presentaci\u00f3n constancia de la cancelaci\u00f3n del Registro \u00danico Contribuyente y Cancelaci\u00f3n en el Seguro Social. c) Comunicar a trav\u00e9s del sistema REOP la salida de todos los trabajadores y presentar [&hellip;]<\/p>\n","protected":false},"author":3,"featured_media":0,"parent":0,"menu_order":0,"comment_status":"closed","ping_status":"closed","template":"","meta":{"_acf_changed":false,"_uag_custom_page_level_css":".requisitos-section {\n    background-color: #f5f7fa;\n    padding: 60px 20px;\n}\n\n.requisitos-container {\n    max-width: 900px;\n    margin: 0 auto;\n    background: #ffffff;\n    padding: 40px;\n    border: 1px solid #dcdcdc;\n    border-top: 6px solid #002053;\n}\n\n.requisitos-titulo {\n    text-align: center;\n    font-size: 28px;\n    font-weight: 700;\n    color: #000000;\n    margin-bottom: 30px;\n    letter-spacing: 1px;\n}\n\n.requisitos-lista {\n    list-style: none;\n    padding: 0;\n    margin: 0;\n}\n\n.requisitos-lista li {\n    margin-bottom: 18px;\n    padding: 15px 18px;\n    border-left: 4px solid #002053;\n    background-color: #fafafa;\n    font-size: 16px;\n    line-height: 1.6;\n}\n\n.requisitos-letra {\n    font-weight: 700;\n    color: #002053;\n    margin-right: 6px;\n}\n\n.requisitos-boton-container {\n    text-align: center;\n    margin-top: 35px;\n}\n\n.requisitos-boton {\n    display: inline-block;\n    background-color: #002053;\n    color: #ffffff;\n    padding: 14px 28px;\n    font-size: 15px;\n    font-weight: 600;\n    text-decoration: none;\n    border-radius: 4px;\n    border: 1px solid #002053;\n    transition: background-color 0.3s ease, border 0.3s ease;\n}\n\n.requisitos-boton:hover {\n    background-color: #001634;\n    border-color: #001634;\n}","footnotes":""},"class_list":["post-24546","page","type-page","status-publish","hentry"],"acf":[],"uagb_featured_image_src":{"full":false,"thumbnail":false,"medium":false,"medium_large":false,"large":false,"1536x1536":false,"2048x2048":false,"depicter-thumbnail":false},"uagb_author_info":{"display_name":"Santiago Barrios","author_link":"https:\/\/www.mtess.gov.py\/?author=3"},"uagb_comment_info":0,"uagb_excerpt":"REQUISITOS a) Presentar una nota suscripta por el representante legal en la que se solicita la cancelaci\u00f3n del Registro Obrero Patronal. b) Adjuntar a la presentaci\u00f3n constancia de la cancelaci\u00f3n del Registro \u00danico Contribuyente y Cancelaci\u00f3n en el Seguro Social. c) Comunicar a trav\u00e9s del sistema REOP la salida de todos los trabajadores y presentar&hellip;","_links":{"self":[{"href":"https:\/\/www.mtess.gov.py\/index.php?rest_route=\/wp\/v2\/pages\/24546","targetHints":{"allow":["GET"]}}],"collection":[{"href":"https:\/\/www.mtess.gov.py\/index.php?rest_route=\/wp\/v2\/pages"}],"about":[{"href":"https:\/\/www.mtess.gov.py\/index.php?rest_route=\/wp\/v2\/types\/page"}],"author":[{"embeddable":true,"href":"https:\/\/www.mtess.gov.py\/index.php?rest_route=\/wp\/v2\/users\/3"}],"replies":[{"embeddable":true,"href":"https:\/\/www.mtess.gov.py\/index.php?rest_route=%2Fwp%2Fv2%2Fcomments&post=24546"}],"version-history":[{"count":5,"href":"https:\/\/www.mtess.gov.py\/index.php?rest_route=\/wp\/v2\/pages\/24546\/revisions"}],"predecessor-version":[{"id":35147,"href":"https:\/\/www.mtess.gov.py\/index.php?rest_route=\/wp\/v2\/pages\/24546\/revisions\/35147"}],"wp:attachment":[{"href":"https:\/\/www.mtess.gov.py\/index.php?rest_route=%2Fwp%2Fv2%2Fmedia&parent=24546"}],"curies":[{"name":"wp","href":"https:\/\/api.w.org\/{rel}","templated":true}]}}