{"id":24557,"date":"2024-09-24T09:20:02","date_gmt":"2024-09-24T13:20:02","guid":{"rendered":"https:\/\/bi.mtess.gov.py\/v1\/?page_id=24557"},"modified":"2025-01-13T07:34:53","modified_gmt":"2025-01-13T11:34:53","slug":"inscripcion-patronal","status":"publish","type":"page","link":"https:\/\/www.mtess.gov.py\/?page_id=24557","title":{"rendered":"Inscripci\u00f3n Patronal"},"content":{"rendered":"\n<p>Es el proceso por el cual el empleador se registra como tal ante la Autoridad Administrativa del Trabajo. La inscripci\u00f3n alcanza al registro de todos los establecimientos del empleador, sea la matriz o sucursales. Las inscripciones patronales en el Registro Obrero Patronal concluir\u00e1n con la asignaci\u00f3n de un numero patronal, por cada unidad productiva.<\/p>\n\n\n\n<p>Inscripci\u00f3n Obligatoria 60 d\u00edas a partir del inicio de la actividad laboral.<\/p>\n\n\n\n<p>Requisitos para la inscripci\u00f3n patronal y sucursales:<\/p>\n\n\n\n<ol class=\"wp-block-list\">\n<li>Completar formulario.<\/li>\n\n\n\n<li>Fotocopia autenticada de la c\u00e9dula de identidad del firmante.<\/li>\n\n\n\n<li>Constancia de inscripci\u00f3n en el RUC<\/li>\n<\/ol>\n\n\n\n<div class=\"wp-block-buttons is-layout-flex wp-block-buttons-is-layout-flex\">\n<div class=\"wp-block-button has-custom-width wp-block-button__width-100 has-custom-font-size is-style-fill has-medium-font-size\" style=\"font-style:normal;font-weight:700\"><a class=\"wp-block-button__link has-base-color has-vivid-red-background-color has-text-color has-background has-link-color wp-element-button\" href=\"https:\/\/regobpat.mtess.gov.py\/inscripcion_patronal\/login.php\" style=\"border-radius:100px\">&nbsp;IR AL SISTEMA DE INSCRIPCION<\/a><\/div>\n<\/div>\n\n\n\n<div style=\"height:53px\" aria-hidden=\"true\" class=\"wp-block-spacer\"><\/div>\n\n\n\n<div class=\"wp-block-buttons is-layout-flex wp-block-buttons-is-layout-flex\">\n<div class=\"wp-block-button has-custom-width wp-block-button__width-100 has-custom-font-size has-medium-font-size\" style=\"font-style:normal;font-weight:700\"><a class=\"wp-block-button__link has-base-color has-midnight-gradient-background has-text-color has-background has-link-color wp-element-button\" href=\"https:\/\/www.mtess.gov.py\/wp-content\/uploads\/2025\/01\/2024-10-21_-_1_-_FORMULARIO_DE_INSCRIPCION_PATRONAL.pdf\" style=\"border-radius:100px\">&nbsp;Formulario de Inscripci\u00f3n<\/a><\/div>\n<\/div>\n\n\n\n<div style=\"height:41px\" aria-hidden=\"true\" class=\"wp-block-spacer\"><\/div>\n\n\n\n<p>De acuerdo al DECRETO N\u00b0 8304 del 27 de diciembre de 2017.<\/p>\n\n\n\n<p>Inscripci\u00f3n Obligatoria 60 d\u00edas a partir del inicio de la actividad laboral.<\/p>\n\n\n\n<p>Se deben Registrar Matriz y Sucursales:<\/p>\n\n\n\n<ul class=\"wp-block-list\">\n<li>De diferente localidad<\/li>\n\n\n\n<li>De diferente actividades econ\u00f3micas<\/li>\n\n\n\n<li>De la misma localidad pero en distinta ubicaci\u00f3n<\/li>\n<\/ul>\n\n\n\n<h4 class=\"wp-block-heading\">Sanciones<\/h4>\n\n\n\n<p><strong><em>Por incumplimiento del Art. 3\u00b0- las inscripciones patronales a partir de 61 d\u00edas de atraso.<\/em><\/strong>&nbsp;(Decreto 9368\/18 art. 6)<\/p>\n\n\n\n<figure class=\"wp-block-table\"><table class=\"has-fixed-layout\"><tbody><tr><td><strong>D\u00edas de atraso<\/strong><\/td><td><strong>Sanci\u00f3n en Jornales<\/strong><\/td><\/tr><tr><td>61-75<\/td><td>10 jornales<\/td><\/tr><tr><td>76-90<\/td><td>15 jornales<\/td><\/tr><tr><td>91-120<\/td><td>20 jornales<\/td><\/tr><tr><td>121-150<\/td><td>25 jornales<\/td><\/tr><tr><td>&gt;150<\/td><td>30 jornales<\/td><\/tr><\/tbody><\/table><\/figure>\n\n\n\n<h4 class=\"wp-block-heading\">\u00bfD\u00f3nde Inscribirse?<\/h4>\n\n\n\n<p><strong>INSCRIPCION EN DROP<\/strong><\/p>\n\n\n\n<p><em>Presentando los documentos exigidos ante Mesa de entrada del Ministerio de Trabajo, Empleo y Seguridad Social.<\/em><\/p>\n\n\n\n<p><em>Direcci\u00f3n: Luis Alberto de Herrera e\/ Paraguari<\/em><\/p>\n\n\n\n<p><strong>INSCRIPCION EN L\u00cdNEA<\/strong><\/p>\n\n\n\n<p><em>Desde el portal del MTESS.<\/em><\/p>\n\n\n\n<p><a href=\"https:\/\/regobpat.mtess.gov.py\/inscripcion_patronal\/login.php\">https:\/\/regobpat.mtess.gov.py\/inscripcion_patronal\/login.php<\/a><\/p>\n\n\n\n<figure class=\"wp-block-embed aligncenter is-type-video is-provider-youtube wp-block-embed-youtube\" style=\"margin-top:0;margin-right:0;margin-bottom:0;margin-left:0\"><div class=\"wp-block-embed__wrapper\">\n<iframe title=\"solicitud de inscripcion y edicion\" width=\"500\" height=\"375\" src=\"https:\/\/www.youtube.com\/embed\/q4yhzCsk2IM?feature=oembed\" frameborder=\"0\" allow=\"accelerometer; autoplay; clipboard-write; encrypted-media; gyroscope; picture-in-picture; web-share\" referrerpolicy=\"strict-origin-when-cross-origin\" allowfullscreen><\/iframe>\n<\/div><\/figure>\n\n\n\n<figure class=\"wp-block-embed is-type-video is-provider-youtube wp-block-embed-youtube\"><div class=\"wp-block-embed__wrapper\">\n<iframe title=\"Registrar inscripcion online\" width=\"500\" height=\"375\" src=\"https:\/\/www.youtube.com\/embed\/U7tlrk97hBQ?feature=oembed\" frameborder=\"0\" allow=\"accelerometer; autoplay; clipboard-write; encrypted-media; gyroscope; picture-in-picture; web-share\" referrerpolicy=\"strict-origin-when-cross-origin\" allowfullscreen><\/iframe>\n<\/div><\/figure>\n\n\n\n<div style=\"height:41px\" aria-hidden=\"true\" class=\"wp-block-spacer\"><\/div>\n\n\n\n<p><strong>INSCRIPCI\u00d3N EN SUACE<\/strong><\/p>\n\n\n\n<p><em>Ventanilla \u00fanica y con prioridad para la inscripci\u00f3n (RUC, MIC, IPS, MTESS)<\/em><\/p>\n\n\n\n<p>M\u00e1s informaci\u00f3n:&nbsp;<a href=\"http:\/\/www.suace.gov.py\/\">http:\/\/www.suace.gov.py\/<\/a><\/p>\n\n\n\n<div style=\"height:54px\" aria-hidden=\"true\" class=\"wp-block-spacer\"><\/div>\n\n\n\n<p><strong>Marco legal:<\/strong><\/p>\n\n\n\n<p><a href=\"https:\/\/www.mtess.gov.py\/wp-content\/uploads\/2024\/09\/DECRETO8304_17-1.pdf\">Decreto 8304\/17<\/a><\/p>\n\n\n\n<p><a href=\"https:\/\/www.mtess.gov.py\/wp-content\/uploads\/2024\/09\/DECRETO9368_18-1.pdf\">Decreto 9368\/18<\/a><\/p>\n\n\n\n<p><a href=\"https:\/\/www.mtess.gov.py\/wp-content\/uploads\/2024\/09\/DECRETO1989-1.pdf\">Decreto 1989\/2024<\/a><\/p>\n\n\n\n<p><a href=\"https:\/\/www.mtess.gov.py\/wp-content\/uploads\/2025\/01\/2024-10-28-RES-MTESS-991-2024.pdf\" data-type=\"link\" data-id=\"https:\/\/www.mtess.gov.py\/wp-content\/uploads\/2025\/01\/2024-10-28-RES-MTESS-991-2024.pdf\">Resoluci\u00f3n MTESS N\u00b0 991\/2024<\/a><\/p>\n\n\n\n<p><\/p>\n","protected":false},"excerpt":{"rendered":"<p>Es el proceso por el cual el empleador se registra como tal ante la Autoridad Administrativa del Trabajo. La inscripci\u00f3n alcanza al registro de todos los establecimientos del empleador, sea la matriz o sucursales. Las inscripciones patronales en el Registro Obrero Patronal concluir\u00e1n con la asignaci\u00f3n de un numero patronal, por cada unidad productiva. Inscripci\u00f3n [&hellip;]<\/p>\n","protected":false},"author":3,"featured_media":0,"parent":0,"menu_order":0,"comment_status":"closed","ping_status":"closed","template":"","meta":{"_acf_changed":false,"_uag_custom_page_level_css":"","footnotes":""},"class_list":["post-24557","page","type-page","status-publish","hentry"],"acf":[],"uagb_featured_image_src":{"full":false,"thumbnail":false,"medium":false,"medium_large":false,"large":false,"1536x1536":false,"2048x2048":false,"depicter-thumbnail":false},"uagb_author_info":{"display_name":"Santiago Barrios","author_link":"https:\/\/www.mtess.gov.py\/?author=3"},"uagb_comment_info":0,"uagb_excerpt":"Es el proceso por el cual el empleador se registra como tal ante la Autoridad Administrativa del Trabajo. La inscripci\u00f3n alcanza al registro de todos los establecimientos del empleador, sea la matriz o sucursales. Las inscripciones patronales en el Registro Obrero Patronal concluir\u00e1n con la asignaci\u00f3n de un numero patronal, por cada unidad productiva. Inscripci\u00f3n&hellip;","_links":{"self":[{"href":"https:\/\/www.mtess.gov.py\/index.php?rest_route=\/wp\/v2\/pages\/24557","targetHints":{"allow":["GET"]}}],"collection":[{"href":"https:\/\/www.mtess.gov.py\/index.php?rest_route=\/wp\/v2\/pages"}],"about":[{"href":"https:\/\/www.mtess.gov.py\/index.php?rest_route=\/wp\/v2\/types\/page"}],"author":[{"embeddable":true,"href":"https:\/\/www.mtess.gov.py\/index.php?rest_route=\/wp\/v2\/users\/3"}],"replies":[{"embeddable":true,"href":"https:\/\/www.mtess.gov.py\/index.php?rest_route=%2Fwp%2Fv2%2Fcomments&post=24557"}],"version-history":[{"count":7,"href":"https:\/\/www.mtess.gov.py\/index.php?rest_route=\/wp\/v2\/pages\/24557\/revisions"}],"predecessor-version":[{"id":29476,"href":"https:\/\/www.mtess.gov.py\/index.php?rest_route=\/wp\/v2\/pages\/24557\/revisions\/29476"}],"wp:attachment":[{"href":"https:\/\/www.mtess.gov.py\/index.php?rest_route=%2Fwp%2Fv2%2Fmedia&parent=24557"}],"curies":[{"name":"wp","href":"https:\/\/api.w.org\/{rel}","templated":true}]}}