{"id":24662,"date":"2024-09-24T11:08:19","date_gmt":"2024-09-24T15:08:19","guid":{"rendered":"https:\/\/bi.mtess.gov.py\/v1\/?page_id=24662"},"modified":"2026-02-18T11:36:26","modified_gmt":"2026-02-18T14:36:26","slug":"codigos-de-productos-para-el-pago-de-multas","status":"publish","type":"page","link":"https:\/\/www.mtess.gov.py\/?page_id=24662","title":{"rendered":"C\u00f3digos de productos para el pago de multas"},"content":{"rendered":"\n<section class=\"multas-section\">\n\n    <div class=\"multas-card\">\n\n        <div class=\"multas-header\">\n            <h2>C\u00f3digos de Pago de Multas<\/h2>\n            <p>\n                Consulte los c\u00f3digos habilitados para el pago de multas mediante banca web.\n            <\/p>\n        <\/div>\n\n        <div class=\"tabla-wrapper\">\n            <table class=\"multas-table\">\n                <thead>\n                    <tr>\n                        <th>C\u00f3digo<\/th>\n                        <th>Descripci\u00f3n<\/th>\n                    <\/tr>\n                <\/thead>\n                <tbody>\n                    <tr><td>2182<\/td><td>Multa por presentaci\u00f3n tard\u00eda de planillas<\/td><\/tr>\n                    <tr><td>2501<\/td><td>Multa de comunicaci\u00f3n &#8211; abandono de trabajo<\/td><\/tr>\n                    <tr><td>2502<\/td><td>Multa de comunicaci\u00f3n &#8211; accidentes laborales<\/td><\/tr>\n                    <tr><td>2503<\/td><td>Multa de comunicaci\u00f3n &#8211; amonestaciones<\/td><\/tr>\n                    <tr><td>2504<\/td><td>Multa de comunicaci\u00f3n &#8211; apercibimientos<\/td><\/tr>\n                    <tr><td>2505<\/td><td>Multa de comunicaci\u00f3n &#8211; ausencias<\/td><\/tr>\n                    <tr><td>2506<\/td><td>Multa de comunicaci\u00f3n &#8211; entrada o salida<\/td><\/tr>\n                    <tr><td>2507<\/td><td>Multa de comunicaci\u00f3n &#8211; permisos<\/td><\/tr>\n                    <tr><td>2508<\/td><td>Multa de comunicaci\u00f3n &#8211; preavisos<\/td><\/tr>\n                    <tr><td>2509<\/td><td>Multa de comunicaci\u00f3n &#8211; suspensi\u00f3n<\/td><\/tr>\n                    <tr><td>2510<\/td><td>Multa de comunicaci\u00f3n &#8211; vacaciones<\/td><\/tr>\n                    <tr><td>2511<\/td><td>Multa de comunicaci\u00f3n &#8211; enfermedades profesionales<\/td><\/tr>\n                    <tr><td>3535<\/td><td>Pago total de multas &#8211; O.P.<\/td><\/tr>\n                    <tr><td>3636<\/td><td>Cobro de multa fraccionada &#8211; O.P.<\/td><\/tr>\n                    <tr><td>3838<\/td><td>Cuota por inscripci\u00f3n tard\u00eda &#8211; Online<\/td><\/tr>\n                    <tr><td>3939<\/td><td>Multa por inscripci\u00f3n tard\u00eda &#8211; Online<\/td><\/tr>\n                <\/tbody>\n            <\/table>\n        <\/div>\n\n    <\/div>\n\n<\/section>\n\n","protected":false},"excerpt":{"rendered":"<p>C\u00f3digos de Pago de Multas Consulte los c\u00f3digos habilitados para el pago de multas mediante banca web. C\u00f3digo Descripci\u00f3n 2182 Multa por presentaci\u00f3n tard\u00eda de planillas 2501 Multa de comunicaci\u00f3n &#8211; abandono de trabajo 2502 Multa de comunicaci\u00f3n &#8211; accidentes laborales 2503 Multa de comunicaci\u00f3n &#8211; amonestaciones 2504 Multa de comunicaci\u00f3n &#8211; apercibimientos 2505 Multa [&hellip;]<\/p>\n","protected":false},"author":3,"featured_media":0,"parent":0,"menu_order":0,"comment_status":"closed","ping_status":"closed","template":"","meta":{"_acf_changed":false,"_uag_custom_page_level_css":".multas-section {\n    background: linear-gradient(135deg, #f4f7fc, #eaf1fb);\n    padding: 40px 20px 60px 20px;\n    margin: 0;\n    display: flex;\n    justify-content: center;\n}\n\n.multas-card {\n    width: 100%;\n    max-width: 1000px;\n    background: #ffffff;\n    border-radius: 18px;\n    padding: 45px 50px;\n    box-shadow: 0 20px 50px rgba(0, 32, 83, 0.08);\n}\n\n\/* Header centrado *\/\n.multas-header {\n    text-align: center;\n}\n\n.multas-header h2 {\n    font-size: 30px;\n    font-weight: 700;\n    color: #002053;\n    margin-bottom: 12px;\n}\n\n.multas-header p {\n    font-size: 17px;\n    color: #555;\n    margin-bottom: 35px;\n}\n\n\/* Tabla *\/\n.tabla-wrapper {\n    overflow-x: auto;\n}\n\n.multas-table {\n    width: 100%;\n    border-collapse: collapse;\n    font-size: 17px; \/* letras m\u00e1s grandes *\/\n}\n\n\/* Encabezado *\/\n.multas-table thead th {\n    background: #002053;\n    color: #ffffff;\n    padding: 16px 20px;\n    text-align: center;\n    font-weight: 600;\n    font-size: 17px;\n}\n\n\/* Celdas *\/\n.multas-table td {\n    padding: 18px 20px;\n    border-bottom: 1px solid #e8edf5;\n}\n\n\/* Centrar c\u00f3digo *\/\n.multas-table td:first-child {\n    text-align: center;\n    font-weight: 700;\n    color: #002053;\n    width: 150px;\n}\n\n\/* Hover suave *\/\n.multas-table tbody tr:hover {\n    background-color: #f0f5ff;\n}\n\n\/* Responsive *\/\n@media (max-width: 768px) {\n    .multas-card {\n        padding: 30px 20px;\n    }\n\n    .multas-table {\n        font-size: 15px;\n    }\n}","footnotes":""},"class_list":["post-24662","page","type-page","status-publish","hentry"],"acf":[],"uagb_featured_image_src":{"full":false,"thumbnail":false,"medium":false,"medium_large":false,"large":false,"1536x1536":false,"2048x2048":false,"depicter-thumbnail":false},"uagb_author_info":{"display_name":"Santiago Barrios","author_link":"https:\/\/www.mtess.gov.py\/?author=3"},"uagb_comment_info":0,"uagb_excerpt":"C\u00f3digos de Pago de Multas Consulte los c\u00f3digos habilitados para el pago de multas mediante banca web. C\u00f3digo Descripci\u00f3n 2182 Multa por presentaci\u00f3n tard\u00eda de planillas 2501 Multa de comunicaci\u00f3n &#8211; abandono de trabajo 2502 Multa de comunicaci\u00f3n &#8211; accidentes laborales 2503 Multa de comunicaci\u00f3n &#8211; amonestaciones 2504 Multa de comunicaci\u00f3n &#8211; apercibimientos 2505 Multa&hellip;","_links":{"self":[{"href":"https:\/\/www.mtess.gov.py\/index.php?rest_route=\/wp\/v2\/pages\/24662","targetHints":{"allow":["GET"]}}],"collection":[{"href":"https:\/\/www.mtess.gov.py\/index.php?rest_route=\/wp\/v2\/pages"}],"about":[{"href":"https:\/\/www.mtess.gov.py\/index.php?rest_route=\/wp\/v2\/types\/page"}],"author":[{"embeddable":true,"href":"https:\/\/www.mtess.gov.py\/index.php?rest_route=\/wp\/v2\/users\/3"}],"replies":[{"embeddable":true,"href":"https:\/\/www.mtess.gov.py\/index.php?rest_route=%2Fwp%2Fv2%2Fcomments&post=24662"}],"version-history":[{"count":9,"href":"https:\/\/www.mtess.gov.py\/index.php?rest_route=\/wp\/v2\/pages\/24662\/revisions"}],"predecessor-version":[{"id":35163,"href":"https:\/\/www.mtess.gov.py\/index.php?rest_route=\/wp\/v2\/pages\/24662\/revisions\/35163"}],"wp:attachment":[{"href":"https:\/\/www.mtess.gov.py\/index.php?rest_route=%2Fwp%2Fv2%2Fmedia&parent=24662"}],"curies":[{"name":"wp","href":"https:\/\/api.w.org\/{rel}","templated":true}]}}