{"id":24768,"date":"2024-09-25T08:16:27","date_gmt":"2024-09-25T12:16:27","guid":{"rendered":"https:\/\/bi.mtess.gov.py\/v1\/?page_id=24768"},"modified":"2025-01-06T10:38:50","modified_gmt":"2025-01-06T14:38:50","slug":"linea-de-credito-mipymes","status":"publish","type":"page","link":"https:\/\/www.mtess.gov.py\/?page_id=24768","title":{"rendered":"L\u00ednea de Cr\u00e9dito MIPYMES"},"content":{"rendered":"\n<hr class=\"wp-block-separator has-alpha-channel-opacity\"\/>\n\n\n\n<!DOCTYPE html>\n<html lang=\"es\">\n<head>\n    <meta charset=\"UTF-8\">\n    <meta name=\"viewport\" content=\"width=device-width, initial-scale=1.0\">\n    <title>Ampliar Im\u00e1genes al Hacer Clic<\/title>\n    <style>\n        .image-gallery-container {\n            font-family: Arial, sans-serif;\n        }\n\n        .image-gallery {\n            display: flex;\n            justify-content: space-between;\n            gap: 10px;\n            margin: 20px;\n        }\n\n        .clickable-image {\n            width: 30%;\n            cursor: pointer;\n            border-radius: 8px;\n            transition: transform 0.3s ease;\n        }\n\n        .clickable-image:hover {\n            transform: scale(1.05);\n        }\n\n        \/* Estilos del modal *\/\n        .modal {\n            display: none;\n            position: fixed;\n            z-index: 1;\n            padding-top: 60px;\n            left: 0;\n            top: 0;\n            width: 100%;\n            height: 100%;\n            overflow: auto;\n            background-color: rgba(0, 0, 0, 0.9);\n        }\n\n        .modal-content {\n            margin: auto;\n            display: block;\n            width: 80%;\n            max-width: 700px;\n            border-radius: 8px;\n        }\n\n        #caption {\n            text-align: center;\n            color: #ccc;\n            padding: 10px 0;\n        }\n\n        .close {\n            position: absolute;\n            top: 15px;\n            right: 35px;\n            color: #fff;\n            font-size: 40px;\n            font-weight: bold;\n            cursor: pointer;\n        }\n\n        .close:hover,\n        .close:focus {\n            color: #bbb;\n            text-decoration: none;\n            cursor: pointer;\n        }\n    <\/style>\n<\/head>\n<body>\n\n<div class=\"image-gallery-container\">\n    <div class=\"image-gallery\">\n        <img decoding=\"async\" src=\"https:\/\/www.mtess.gov.py\/wp-content\/uploads\/2024\/09\/xWhatsApp_Image_2020-04-13_at_13.14.46.jpeg.pagespeed.ic_.B3VV6KXQta.webp\" alt=\"Imagen 1\" class=\"clickable-image\">\n        <img decoding=\"async\" src=\"https:\/\/www.mtess.gov.py\/wp-content\/uploads\/2024\/09\/xlineas_de_creditos_para_micro_y_pequenas_empresas_modalidad.jpeg.pagespeed.ic_.QEG4U_INCj.webp\" alt=\"Imagen 2\" class=\"clickable-image\">\n        <img decoding=\"async\" src=\"https:\/\/www.mtess.gov.py\/wp-content\/uploads\/2024\/09\/xlineas_de_creditos_para_micro_y_pequenas_empresas_documentos.jpeg.pagespeed.ic_.bBlN5nslbl.webp\" alt=\"Imagen 3\" class=\"clickable-image\">\n    <\/div>\n\n    <!-- Modal para mostrar la imagen ampliada -->\n    <div id=\"modal\" class=\"modal\">\n        <span class=\"close\">&times;<\/span>\n        <img class=\"modal-content\" id=\"img-modal\">\n        <div id=\"caption\"><\/div>\n    <\/div>\n<\/div>\n\n<script>\n    \/\/ Obtener elementos\n    var modal = document.getElementById('modal');\n    var modalImg = document.getElementById(\"img-modal\");\n    var captionText = document.getElementById(\"caption\");\n    var images = document.getElementsByClassName('clickable-image');\n\n    \/\/ Iterar sobre las im\u00e1genes para agregar el evento de clic\n    for (let i = 0; i < images.length; i++) {\n        images[i].onclick = function(){\n            modal.style.display = \"block\";\n            modalImg.src = this.src;\n            captionText.innerHTML = this.alt;\n        }\n    }\n\n    \/\/ Cerrar el modal\n    var span = document.getElementsByClassName(\"close\")[0];\n    span.onclick = function() { \n      modal.style.display = \"none\";\n    }\n<\/script>\n\n<\/body>\n<\/html>\n\n\n\n<h4 class=\"wp-block-heading\">&nbsp;Archivos<\/h4>\n\n\n\n<p><a href=\"https:\/\/www.mtess.gov.py\/wp-content\/uploads\/2024\/09\/SOLICITUD_DE_CREDITOS_MIPYMES.docx\">&nbsp;SOLICITUD DE CREDITOS MIPYMES<\/a><\/p>\n\n\n\n<p><a href=\"https:\/\/www.mtess.gov.py\/wp-content\/uploads\/2024\/09\/CROQUIS_DE_UBICACION.pdf\">&nbsp;CROQUIS DE UBICACION<\/a><\/p>\n\n\n\n<p><a href=\"https:\/\/www.mtess.gov.py\/wp-content\/uploads\/2024\/09\/CHECK_LIST_MICRO_1_Y_2.docx\">&nbsp;CHECK LIST MICRO 1 Y 2<\/a><\/p>\n\n\n\n<p><a href=\"https:\/\/www.mtess.gov.py\/wp-content\/uploads\/2024\/09\/CHECK_LIST_PEQUENA_EMPRESA.docx\">&nbsp;CHECK LIST PEQUE\u00d1A EMPRESA<\/a><\/p>\n\n\n\n<p><a href=\"https:\/\/www.mtess.gov.py\/wp-content\/uploads\/2024\/09\/Informacion_del_Solicitante.xls\">&nbsp;INFORMACI\u00d3N DEL SOLICITANTE<\/a><\/p>\n\n\n\n<p><a href=\"https:\/\/www.mtess.gov.py\/wp-content\/uploads\/2024\/09\/MANIFESTACION_DE_BIENES_MIPYMES.pdf\">&nbsp;MANIFESTACI\u00d3N DE BIENES MIPYMES<\/a><\/p>\n\n\n\n<p><a href=\"https:\/\/www.mtess.gov.py\/wp-content\/uploads\/2024\/09\/SOLICITUD_CRC_BCP_MIPYMES.pdf\">&nbsp;SOLICITUD CRC BCP MIPYMES<\/a><\/p>\n\n\n\n<p><a href=\"https:\/\/www.mtess.gov.py\/wp-content\/uploads\/2024\/09\/DECLARACION_JURADA_DE_AUTENTICIDAD_DE_DOCUMENTOS.docx\">&nbsp;DECLARACI\u00d3N JURADA DE AUTENTICIDAD DE DOCUMENTOS<\/a><\/p>\n\n\n\n<p><a href=\"https:\/\/www.mtess.gov.py\/wp-content\/uploads\/2024\/09\/Anexo_2_-_Persona_Fisica.docx\">&nbsp;Anexo 2 - Persona F\u00edsica<\/a><\/p>\n\n\n\n<p><a href=\"https:\/\/www.mtess.gov.py\/wp-content\/uploads\/2024\/09\/Anexo_2_-_Persona_Juridica.docx\">&nbsp;Anexo 2 - Persona Jur\u00eddica<\/a><\/p>\n\n\n\n<p><a href=\"https:\/\/www.mtess.gov.py\/wp-content\/uploads\/2024\/09\/Solicitud_de_Servicios_Bancarios.pdf\">&nbsp;Solicitud de Servicios Bancarios<\/a><\/p>\n\n\n\n<p><a href=\"https:\/\/www.mtess.gov.py\/wp-content\/uploads\/2024\/09\/CONDICIONES_DE_PRESTACION_DE_SERVICIOS_BANCARIOS.pdf\">&nbsp;Condiciones de prestaci\u00f3n de servicios<\/a><\/p>\n\n\n\n<hr class=\"wp-block-separator has-alpha-channel-opacity\"\/>\n\n\n\n<p>Enviar solicitud a: credmipe_salarios@mtess.gov.py<\/p>\n\n\n\n<p><\/p>\n","protected":false},"excerpt":{"rendered":"<p>Ampliar Im\u00e1genes al Hacer Clic &times; &nbsp;Archivos &nbsp;SOLICITUD DE CREDITOS MIPYMES &nbsp;CROQUIS DE UBICACION &nbsp;CHECK LIST MICRO 1 Y 2 &nbsp;CHECK LIST PEQUE\u00d1A EMPRESA &nbsp;INFORMACI\u00d3N DEL SOLICITANTE &nbsp;MANIFESTACI\u00d3N DE BIENES MIPYMES &nbsp;SOLICITUD CRC BCP MIPYMES &nbsp;DECLARACI\u00d3N JURADA DE AUTENTICIDAD DE DOCUMENTOS &nbsp;Anexo 2 &#8211; Persona F\u00edsica &nbsp;Anexo 2 &#8211; Persona Jur\u00eddica &nbsp;Solicitud de Servicios Bancarios [&hellip;]<\/p>\n","protected":false},"author":3,"featured_media":0,"parent":0,"menu_order":0,"comment_status":"closed","ping_status":"closed","template":"","meta":{"_acf_changed":false,"_uag_custom_page_level_css":"","footnotes":""},"class_list":["post-24768","page","type-page","status-publish","hentry"],"acf":[],"uagb_featured_image_src":{"full":false,"thumbnail":false,"medium":false,"medium_large":false,"large":false,"1536x1536":false,"2048x2048":false,"depicter-thumbnail":false},"uagb_author_info":{"display_name":"Santiago Barrios","author_link":"https:\/\/www.mtess.gov.py\/?author=3"},"uagb_comment_info":0,"uagb_excerpt":"Ampliar Im\u00e1genes al Hacer Clic &times; &nbsp;Archivos &nbsp;SOLICITUD DE CREDITOS MIPYMES &nbsp;CROQUIS DE UBICACION &nbsp;CHECK LIST MICRO 1 Y 2 &nbsp;CHECK LIST PEQUE\u00d1A EMPRESA &nbsp;INFORMACI\u00d3N DEL SOLICITANTE &nbsp;MANIFESTACI\u00d3N DE BIENES MIPYMES &nbsp;SOLICITUD CRC BCP MIPYMES &nbsp;DECLARACI\u00d3N JURADA DE AUTENTICIDAD DE DOCUMENTOS &nbsp;Anexo 2 - Persona F\u00edsica &nbsp;Anexo 2 - Persona Jur\u00eddica &nbsp;Solicitud de Servicios Bancarios&hellip;","_links":{"self":[{"href":"https:\/\/www.mtess.gov.py\/index.php?rest_route=\/wp\/v2\/pages\/24768","targetHints":{"allow":["GET"]}}],"collection":[{"href":"https:\/\/www.mtess.gov.py\/index.php?rest_route=\/wp\/v2\/pages"}],"about":[{"href":"https:\/\/www.mtess.gov.py\/index.php?rest_route=\/wp\/v2\/types\/page"}],"author":[{"embeddable":true,"href":"https:\/\/www.mtess.gov.py\/index.php?rest_route=\/wp\/v2\/users\/3"}],"replies":[{"embeddable":true,"href":"https:\/\/www.mtess.gov.py\/index.php?rest_route=%2Fwp%2Fv2%2Fcomments&post=24768"}],"version-history":[{"count":7,"href":"https:\/\/www.mtess.gov.py\/index.php?rest_route=\/wp\/v2\/pages\/24768\/revisions"}],"predecessor-version":[{"id":29454,"href":"https:\/\/www.mtess.gov.py\/index.php?rest_route=\/wp\/v2\/pages\/24768\/revisions\/29454"}],"wp:attachment":[{"href":"https:\/\/www.mtess.gov.py\/index.php?rest_route=%2Fwp%2Fv2%2Fmedia&parent=24768"}],"curies":[{"name":"wp","href":"https:\/\/api.w.org\/{rel}","templated":true}]}}