{"id":24791,"date":"2024-09-25T11:08:04","date_gmt":"2024-09-25T15:08:04","guid":{"rendered":"https:\/\/bi.mtess.gov.py\/v1\/?page_id=24791"},"modified":"2025-11-07T10:04:11","modified_gmt":"2025-11-07T13:04:11","slug":"definicion","status":"publish","type":"page","link":"https:\/\/www.mtess.gov.py\/?page_id=24791","title":{"rendered":"Definici\u00f3n"},"content":{"rendered":"\n<div class=\"wp-block-uagb-container uagb-block-6ba431d2 alignfull uagb-is-root-container\"><div class=\"uagb-container-inner-blocks-wrap\">\n<!DOCTYPE html>\n<html lang=\"es\">\n<head>\n    <meta charset=\"UTF-8\">\n    <meta name=\"viewport\" content=\"width=device-width, initial-scale=1.0\">\n    <title>Control Interno y MECIP<\/title>\n    \n    <style>\n        \/* 1. Estilos del Contenedor Principal (Aislamiento) *\/\n        .control-meci-widget {\n            \/* Aseguramos que los estilos solo apliquen dentro de este bloque *\/\n            all: initial; \/* Resetea la herencia de la mayor\u00eda de las propiedades *\/\n            display: block; \/* Asegura que se comporte como un bloque de contenido *\/\n            font-family: 'Arial', sans-serif;\n            line-height: 1.6;\n            margin: 40px auto;\n            max-width: 900px;\n            padding: 30px;\n            background-color: #ffffff;\n            border-radius: 12px;\n            box-shadow: 0 8px 20px rgba(0, 0, 0, 0.15);\n            color: #333;\n        }\n\n        \/* 2. Estilos espec\u00edficos internos *\/\n\n        \/* Reseteo adicional para elementos comunes *\/\n        .control-meci-widget h2,\n        .control-meci-widget p,\n        .control-meci-widget strong,\n        .control-meci-widget ul,\n        .control-meci-widget li {\n             \/* Usamos !important con prudencia si es necesario, pero evitamos el reseteo brusco para permitir la estructura HTML *\/\n            box-sizing: border-box; \n        }\n\n        .control-meci-widget .separator {\n            border: 0;\n            height: 1px;\n            background-color: #ddd;\n            margin: 40px 0;\n        }\n\n        .control-meci-widget .question-title {\n            font-size: 2em;\n            color: #a32c2c;\n            margin-top: 0;\n            margin-bottom: 15px;\n            border-left: 5px solid #e74c3c;\n            padding-left: 10px;\n            font-weight: 800;\n        }\n\n        .control-meci-widget .definition-text {\n            font-size: 1.1em;\n            color: #555;\n            margin-bottom: 25px;\n            padding-left: 15px;\n            border-left: 4px solid #bdc3c7;\n        }\n\n        .control-meci-widget .mecip-definition {\n            border-left: 4px solid #3498db;\n        }\n\n        .control-meci-widget .acronym {\n            font-size: 1.5em;\n            font-weight: 700;\n            color: #2c3e50;\n            display: block;\n            margin-top: 20px;\n            margin-bottom: 10px;\n            text-transform: uppercase;\n        }\n\n        .control-meci-widget .objective-list {\n            list-style: none;\n            padding-left: 0;\n            display: flex;\n            gap: 15px;\n            flex-wrap: wrap;\n        }\n\n        .control-meci-widget .objective-list li {\n            background: #eaf6ff;\n            flex-grow: 1;\n            text-align: center;\n            margin-bottom: 8px;\n            padding: 12px 15px;\n            border-radius: 8px;\n            border: 1px solid #c7e0f4;\n            color: #1f507b;\n            font-weight: bold;\n            display: flex;\n            justify-content: center;\n            align-items: center;\n        }\n\n        .control-meci-widget .objective-list li::before {\n            content: \"\u2605\";\n            color: #f39c12;\n            font-weight: bold;\n            display: inline-block;\n            margin-right: 8px;\n        }\n    <\/style>\n    <\/head>\n<body>\n    <div class=\"control-meci-widget\">\n\n        <section class=\"info-section\">\n            <h2 class=\"question-title\">\u00bfQu\u00e9 es el Control Interno?<\/h2>\n\n            <p class=\"definition-text\">\n                Conjunto de <strong>normas<\/strong>, <strong>principios<\/strong>, <strong>acciones<\/strong> y <strong>procesos<\/strong> efectuados por los funcionarios de una organizaci\u00f3n a fin de asegurar el <strong>cumplimiento razonable de sus objetivos<\/strong>.\n            <\/p>\n        <\/section>\n\n        <hr class=\"separator\">\n\n        <section class=\"info-section\">\n            <h2 class=\"question-title\">\u00bfQu\u00e9 es el MECIP?<\/h2>\n\n            <strong class=\"acronym\">Modelo Est\u00e1ndar de Control Interno para Instituciones P\u00fablicas del Paraguay<\/strong>\n\n            <p class=\"definition-text mecip-definition\">\n                Es un Sistema de Control que <strong>estandariza los elementos b\u00e1sicos del control<\/strong> con el fin de generar un <strong>lenguaje com\u00fan<\/strong> entre las Instituciones P\u00fablicas del Estado Paraguayo y promover la <strong>transparencia de la gesti\u00f3n<\/strong> a trav\u00e9s del:\n            <\/p>\n\n            <ul class=\"objective-list\">\n                <li>autocontrol<\/li>\n                <li>autorregulaci\u00f3n<\/li>\n                <li>autogesti\u00f3n<\/li>\n            <\/ul>\n        <\/section>\n\n    <\/div>\n\n<\/body>\n<\/html>\n<\/div><\/div>\n\n\n\n<p><\/p>\n","protected":false},"excerpt":{"rendered":"<p>Control Interno y MECIP \u00bfQu\u00e9 es el Control Interno? Conjunto de normas, principios, acciones y procesos efectuados por los funcionarios de una organizaci\u00f3n a fin de asegurar el cumplimiento razonable de sus objetivos. \u00bfQu\u00e9 es el MECIP? Modelo Est\u00e1ndar de Control Interno para Instituciones P\u00fablicas del Paraguay Es un Sistema de Control que estandariza los [&hellip;]<\/p>\n","protected":false},"author":3,"featured_media":0,"parent":0,"menu_order":0,"comment_status":"closed","ping_status":"closed","template":"","meta":{"_acf_changed":false,"_uag_custom_page_level_css":"","footnotes":""},"class_list":["post-24791","page","type-page","status-publish","hentry"],"acf":[],"uagb_featured_image_src":{"full":false,"thumbnail":false,"medium":false,"medium_large":false,"large":false,"1536x1536":false,"2048x2048":false,"depicter-thumbnail":false},"uagb_author_info":{"display_name":"Santiago Barrios","author_link":"https:\/\/www.mtess.gov.py\/?author=3"},"uagb_comment_info":0,"uagb_excerpt":"Control Interno y MECIP \u00bfQu\u00e9 es el Control Interno? Conjunto de normas, principios, acciones y procesos efectuados por los funcionarios de una organizaci\u00f3n a fin de asegurar el cumplimiento razonable de sus objetivos. \u00bfQu\u00e9 es el MECIP? Modelo Est\u00e1ndar de Control Interno para Instituciones P\u00fablicas del Paraguay Es un Sistema de Control que estandariza los&hellip;","_links":{"self":[{"href":"https:\/\/www.mtess.gov.py\/index.php?rest_route=\/wp\/v2\/pages\/24791","targetHints":{"allow":["GET"]}}],"collection":[{"href":"https:\/\/www.mtess.gov.py\/index.php?rest_route=\/wp\/v2\/pages"}],"about":[{"href":"https:\/\/www.mtess.gov.py\/index.php?rest_route=\/wp\/v2\/types\/page"}],"author":[{"embeddable":true,"href":"https:\/\/www.mtess.gov.py\/index.php?rest_route=\/wp\/v2\/users\/3"}],"replies":[{"embeddable":true,"href":"https:\/\/www.mtess.gov.py\/index.php?rest_route=%2Fwp%2Fv2%2Fcomments&post=24791"}],"version-history":[{"count":7,"href":"https:\/\/www.mtess.gov.py\/index.php?rest_route=\/wp\/v2\/pages\/24791\/revisions"}],"predecessor-version":[{"id":33000,"href":"https:\/\/www.mtess.gov.py\/index.php?rest_route=\/wp\/v2\/pages\/24791\/revisions\/33000"}],"wp:attachment":[{"href":"https:\/\/www.mtess.gov.py\/index.php?rest_route=%2Fwp%2Fv2%2Fmedia&parent=24791"}],"curies":[{"name":"wp","href":"https:\/\/api.w.org\/{rel}","templated":true}]}}