{"id":24840,"date":"2024-09-26T09:18:06","date_gmt":"2024-09-26T13:18:06","guid":{"rendered":"https:\/\/bi.mtess.gov.py\/v1\/?page_id=24840"},"modified":"2025-11-27T08:39:33","modified_gmt":"2025-11-27T11:39:33","slug":"ambiente-de-control","status":"publish","type":"page","link":"https:\/\/www.mtess.gov.py\/?page_id=24840","title":{"rendered":"Ambiente de Control"},"content":{"rendered":"\n<div class=\"wp-block-uagb-container uagb-block-819beb55 alignfull uagb-is-root-container\"><div class=\"uagb-container-inner-blocks-wrap\">\n<!-- MTESS - Botones tipo pastilla color #baffe5 -->\n<section class=\"mtess-pills\" aria-label=\"Documentos estrat\u00e9gicos\">\n  <ul class=\"mtess-pills__list\">\n    <li><a class=\"mtess-pills__btn\" href=\"https:\/\/www.mtess.gov.py\/wp-content\/uploads\/2024\/09\/01._Acta_de_Compromiso_Ministra_Monica_R.pdf\">01. Acta de Compromiso Ministra M\u00f3nica R.<\/a><\/li>\n    <li><a class=\"mtess-pills__btn\" href=\"https:\/\/www.mtess.gov.py\/wp-content\/uploads\/2025\/10\/02.-POLITICA-DE-CONTROL-INTERNO-MTESS-Version-3.pdf\">02. Pol\u00edtica de Control Interno MTESS<\/a><\/li>\n    <li><a class=\"mtess-pills__btn\" href=\"https:\/\/www.mtess.gov.py\/wp-content\/uploads\/2025\/10\/03-Cuadro-Grupo-Trabajo-Nivel-Directivo.pdf\">03. Grupo de Trabajo &#8211; Nivel Directivo<\/a><\/li>\n    <li><a class=\"mtess-pills__btn\" href=\"https:\/\/www.mtess.gov.py\/wp-content\/uploads\/2025\/10\/04.Cuadro-Grupo-de-Trabajo-Nivel-Tecnico.pdf\">04. Grupo de Trabajo &#8211; Nivel T\u00e9cnico<\/a><\/li>\n    <li><a class=\"mtess-pills__btn\" href=\"https:\/\/www.mtess.gov.py\/wp-content\/uploads\/2025\/11\/05.-Valores-Institucionales-y-Directrices-Eticas.-.pdf\">05. Valores Institucionales y Directrices \u00c9ticas<\/a><\/li>\n    <li><a class=\"mtess-pills__btn\" href=\"https:\/\/www.mtess.gov.py\/wp-content\/uploads\/2025\/10\/06.-PROTOCOLO-DE-BUEN-GOBIERNO-V3.pdf\">06. Protocolo de Buen Gobierno<\/a><\/li>\n    <li><a class=\"mtess-pills__btn\" href=\"https:\/\/www.mtess.gov.py\/wp-content\/uploads\/2025\/10\/07.-Politica-de-Talentos-Humanos.pdf\">07. Pol\u00edticas de Talentos Humanos<\/a><\/li>\n  <\/ul>\n<\/section>\n\n<style>\n\/* ===== ENCAPSULADO ===== *\/\n.mtess-pills {\n  --mtess-blue: #baffe5;      \/* Color principal *\/\n  --mtess-blue-dark: #7ed8c0; \/* Hover *\/\n  --mtess-text: #000000;      \/* Texto negro por fondo claro *\/\n  --mtess-radius: 999px;\n  --mtess-gap: 18px;\n  --mtess-padY: 12px;\n  --mtess-padX: clamp(20px, 4vw, 36px);\n  --mtess-font-size: clamp(15px, 2.2vw, 18px);\n  --mtess-maxw: min(940px, 92vw);\n}\n\n.mtess-pills__list {\n  list-style: none;\n  margin: 0 auto;\n  padding: clamp(6px, 2vh, 16px) 0;\n  max-width: var(--mtess-maxw);\n  display: grid;\n  gap: var(--mtess-gap);\n}\n\n.mtess-pills__btn {\n  display: inline-flex;\n  align-items: center;\n  justify-content: center;\n  width: 100%;\n  min-height: 46px;\n  padding: var(--mtess-padY) var(--mtess-padX);\n  border-radius: var(--mtess-radius);\n  color: var(--mtess-text);\n  background: var(--mtess-blue);\n  text-decoration: none;\n  font-weight: 600;\n  font-size: var(--mtess-font-size);\n  line-height: 1.25;\n  text-align: center;\n  box-shadow:\n    0 1px 0 rgba(0,0,0,.06),\n    0 6px 18px rgba(0,0,0,.12);\n  transition: transform .06s ease-out, filter .15s ease, box-shadow .15s ease, background .15s ease;\n  outline: none;\n  text-transform: none; \/* \ud83d\udd25 evita may\u00fasculas forzadas *\/\n}\n\n.mtess-pills__btn:hover {\n  background: var(--mtess-blue-dark);\n  box-shadow:\n    0 1px 0 rgba(0,0,0,.06),\n    0 10px 24px rgba(0,0,0,.15);\n  transform: translateY(-1px);\n}\n\n.mtess-pills__btn:active {\n  transform: translateY(0);\n  filter: brightness(.97);\n}\n<\/style>\n<\/div><\/div>\n\n\n\n<p><\/p>\n","protected":false},"excerpt":{"rendered":"<p>01. Acta de Compromiso Ministra M\u00f3nica R. 02. Pol\u00edtica de Control Interno MTESS 03. Grupo de Trabajo &#8211; Nivel Directivo 04. Grupo de Trabajo &#8211; Nivel T\u00e9cnico 05. Valores Institucionales y Directrices \u00c9ticas 06. Protocolo de Buen Gobierno 07. Pol\u00edticas de Talentos Humanos<\/p>\n","protected":false},"author":3,"featured_media":0,"parent":0,"menu_order":0,"comment_status":"closed","ping_status":"closed","template":"","meta":{"_acf_changed":false,"_uag_custom_page_level_css":"","footnotes":""},"class_list":["post-24840","page","type-page","status-publish","hentry"],"acf":[],"uagb_featured_image_src":{"full":false,"thumbnail":false,"medium":false,"medium_large":false,"large":false,"1536x1536":false,"2048x2048":false,"depicter-thumbnail":false},"uagb_author_info":{"display_name":"Santiago Barrios","author_link":"https:\/\/www.mtess.gov.py\/?author=3"},"uagb_comment_info":0,"uagb_excerpt":"01. Acta de Compromiso Ministra M\u00f3nica R. 02. Pol\u00edtica de Control Interno MTESS 03. Grupo de Trabajo &#8211; Nivel Directivo 04. Grupo de Trabajo &#8211; Nivel T\u00e9cnico 05. Valores Institucionales y Directrices \u00c9ticas 06. Protocolo de Buen Gobierno 07. Pol\u00edticas de Talentos Humanos","_links":{"self":[{"href":"https:\/\/www.mtess.gov.py\/index.php?rest_route=\/wp\/v2\/pages\/24840","targetHints":{"allow":["GET"]}}],"collection":[{"href":"https:\/\/www.mtess.gov.py\/index.php?rest_route=\/wp\/v2\/pages"}],"about":[{"href":"https:\/\/www.mtess.gov.py\/index.php?rest_route=\/wp\/v2\/types\/page"}],"author":[{"embeddable":true,"href":"https:\/\/www.mtess.gov.py\/index.php?rest_route=\/wp\/v2\/users\/3"}],"replies":[{"embeddable":true,"href":"https:\/\/www.mtess.gov.py\/index.php?rest_route=%2Fwp%2Fv2%2Fcomments&post=24840"}],"version-history":[{"count":12,"href":"https:\/\/www.mtess.gov.py\/index.php?rest_route=\/wp\/v2\/pages\/24840\/revisions"}],"predecessor-version":[{"id":33262,"href":"https:\/\/www.mtess.gov.py\/index.php?rest_route=\/wp\/v2\/pages\/24840\/revisions\/33262"}],"wp:attachment":[{"href":"https:\/\/www.mtess.gov.py\/index.php?rest_route=%2Fwp%2Fv2%2Fmedia&parent=24840"}],"curies":[{"name":"wp","href":"https:\/\/api.w.org\/{rel}","templated":true}]}}