{"id":24867,"date":"2024-09-26T10:02:47","date_gmt":"2024-09-26T14:02:47","guid":{"rendered":"https:\/\/bi.mtess.gov.py\/v1\/?page_id=24867"},"modified":"2026-05-06T10:06:34","modified_gmt":"2026-05-06T13:06:34","slug":"control-de-la-planificacion","status":"publish","type":"page","link":"https:\/\/www.mtess.gov.py\/?page_id=24867","title":{"rendered":"Control de la Planificaci\u00f3n"},"content":{"rendered":"\n<div class=\"wp-block-uagb-container uagb-block-a3360e21 alignfull uagb-is-root-container\"><div class=\"uagb-container-inner-blocks-wrap\">\n<!-- MTESS - Botones tipo pastilla -->\n<section class=\"mtess-pills\" aria-label=\"Documentos Estrat\u00e9gicos\">\n  <ul class=\"mtess-pills__list\">\n    <li><a class=\"mtess-pills__btn\" href=\"https:\/\/www.mtess.gov.py\/wp-content\/uploads\/2024\/09\/MISION.pdf\">01. Misi\u00f3n<\/a><\/li>\n    <li><a class=\"mtess-pills__btn\" href=\"https:\/\/www.mtess.gov.py\/wp-content\/uploads\/2024\/09\/VISION.pdf\">02. Visi\u00f3n<\/a><\/li>\n    <li><a class=\"mtess-pills__btn\" href=\"https:\/\/www.mtess.gov.py\/wp-content\/uploads\/2025\/10\/03.-Mapa-Estrategico-PEI-2024-2028.pdf\">03. Planificaci\u00f3n Estrat\u00e9gica<\/a><\/li>\n    <li><a class=\"mtess-pills__btn\" href=\"https:\/\/www.mtess.gov.py\/wp-content\/uploads\/2026\/05\/04.-Planificacion-Operativa.pdf\">04. Planificaci\u00f3n Operativa<\/a><\/li>\n    <li><a class=\"mtess-pills__btn\" href=\"https:\/\/www.mtess.gov.py\/wp-content\/uploads\/2025\/11\/05.-Modelo-de-Gestion-por-Proceso-Version-4.pdf\">05. Modelo de Gesti\u00f3n por Proceso &#8211; Versi\u00f3n 4<\/a><\/li>\n    <li><a class=\"mtess-pills__btn\" href=\"https:\/\/www.mtess.gov.py\/wp-content\/uploads\/2025\/11\/06.-CADENA-DE-VALOR-V4.pdf\">06. F 40 Cadena de valor &#8211; Versi\u00f3n 4<\/a><\/li>\n    <li><a class=\"mtess-pills__btn\" href=\"https:\/\/www.mtess.gov.py\/wp-content\/uploads\/2024\/09\/06._Mapa_de_Procesos_-_Estrategico_V4.pdf\">07. Mapa de Procesos &#8211; Estrat\u00e9gico &#8211; Versi\u00f3n 4<\/a><\/li>\n    <li><a class=\"mtess-pills__btn\" href=\"https:\/\/www.mtess.gov.py\/wp-content\/uploads\/2024\/09\/07._Mapa_de_Procesos_-_Misional_V_4.pdf\">08. Mapa de Procesos &#8211; Misional &#8211; Versi\u00f3n 4<\/a><\/li>\n    <li><a class=\"mtess-pills__btn\" href=\"https:\/\/www.mtess.gov.py\/wp-content\/uploads\/2024\/09\/08._Mapa_de_Procesos_-_De_Apoyo_V_4.pdf\">09. Mapa de Procesos &#8211; Apoyo &#8211; Versi\u00f3n 4<\/a><\/li>\n    <li><a class=\"mtess-pills__btn\" href=\"https:\/\/www.mtess.gov.py\/wp-content\/uploads\/2024\/09\/09._MANUAL_DE_CARGOS_Y_ESTRUCTURA_ORGANIZACIONAL.pdf\">10. Manual de Cargos y Estructura Organizacional<\/a><\/li>\n    <li><a class=\"mtess-pills__btn\" href=\"https:\/\/www.mtess.gov.py\/wp-content\/uploads\/2025\/11\/Guia-para-Identificacion-y-Evaluacion-de-Riesgos-Uso-interno-Mtess-Nivel-Central.pdf\">11. Gu\u00eda para identificaci\u00f3n y Evaluaci\u00f3n de Riesgos &#8211; Uso interno Mtess &#8211; Nivel central<\/a><\/li>\n  <\/ul>\n<\/section>\n\n<style>\n\/* ===== ENCAPSULADO ===== *\/\n.mtess-pills {\n --mtess-blue: #ff73c6;\n --mtess-blue-dark: #e052a8;\n --mtess-text: #000000;\n --mtess-radius: 999px;\n --mtess-gap: 18px;\n --mtess-padY: 12px;\n --mtess-padX: clamp(20px, 4vw, 36px);\n --mtess-font-size: clamp(15px, 2.2vw, 18px);\n --mtess-maxw: min(940px, 92vw);\n}\n\n.mtess-pills__list {\n  list-style: none;\n  margin: 0 auto;\n  padding: clamp(6px, 2vh, 16px) 0;\n  max-width: var(--mtess-maxw);\n  display: grid;\n  gap: var(--mtess-gap);\n}\n\n.mtess-pills__btn {\n  display: inline-flex;\n  align-items: center;\n  justify-content: center;\n  width: 100%;\n  min-height: 46px;\n  padding: var(--mtess-padY) var(--mtess-padX);\n  border-radius: var(--mtess-radius);\n  color: var(--mtess-text);\n  background: var(--mtess-blue);\n  text-decoration: none;\n  font-weight: 600;\n  font-size: var(--mtess-font-size);\n  line-height: 1.25;\n  text-align: center;\n  \/* \ud83d\udd39 Quitamos el uppercase *\/\n  text-transform: none;\n  box-shadow:\n    0 1px 0 rgba(0,0,0,.06),\n    0 6px 18px rgba(0,0,0,.12);\n  transition: transform .06s ease-out, filter .15s ease, box-shadow .15s ease, background .15s ease;\n  outline: none;\n}\n\n.mtess-pills__btn:hover {\n  background: var(--mtess-blue-dark);\n  box-shadow:\n    0 1px 0 rgba(0,0,0,.06),\n    0 10px 24px rgba(0,0,0,.15);\n  transform: translateY(-1px);\n}\n\n.mtess-pills__btn:active {\n  transform: translateY(0);\n  filter: brightness(.97);\n}\n<\/style>\n<\/div><\/div>\n","protected":false},"excerpt":{"rendered":"<p>01. Misi\u00f3n 02. Visi\u00f3n 03. Planificaci\u00f3n Estrat\u00e9gica 04. Planificaci\u00f3n Operativa 05. Modelo de Gesti\u00f3n por Proceso &#8211; Versi\u00f3n 4 06. F 40 Cadena de valor &#8211; Versi\u00f3n 4 07. Mapa de Procesos &#8211; Estrat\u00e9gico &#8211; Versi\u00f3n 4 08. Mapa de Procesos &#8211; Misional &#8211; Versi\u00f3n 4 09. Mapa de Procesos &#8211; Apoyo &#8211; Versi\u00f3n 4 [&hellip;]<\/p>\n","protected":false},"author":3,"featured_media":0,"parent":0,"menu_order":0,"comment_status":"closed","ping_status":"closed","template":"","meta":{"_acf_changed":false,"_uag_custom_page_level_css":"","footnotes":""},"class_list":["post-24867","page","type-page","status-publish","hentry"],"acf":[],"uagb_featured_image_src":{"full":false,"thumbnail":false,"medium":false,"medium_large":false,"large":false,"1536x1536":false,"2048x2048":false,"depicter-thumbnail":false},"uagb_author_info":{"display_name":"Santiago Barrios","author_link":"https:\/\/www.mtess.gov.py\/?author=3"},"uagb_comment_info":0,"uagb_excerpt":"01. Misi\u00f3n 02. Visi\u00f3n 03. Planificaci\u00f3n Estrat\u00e9gica 04. Planificaci\u00f3n Operativa 05. Modelo de Gesti\u00f3n por Proceso &#8211; Versi\u00f3n 4 06. F 40 Cadena de valor &#8211; Versi\u00f3n 4 07. Mapa de Procesos &#8211; Estrat\u00e9gico &#8211; Versi\u00f3n 4 08. Mapa de Procesos &#8211; Misional &#8211; Versi\u00f3n 4 09. Mapa de Procesos &#8211; Apoyo &#8211; Versi\u00f3n 4&hellip;","_links":{"self":[{"href":"https:\/\/www.mtess.gov.py\/index.php?rest_route=\/wp\/v2\/pages\/24867","targetHints":{"allow":["GET"]}}],"collection":[{"href":"https:\/\/www.mtess.gov.py\/index.php?rest_route=\/wp\/v2\/pages"}],"about":[{"href":"https:\/\/www.mtess.gov.py\/index.php?rest_route=\/wp\/v2\/types\/page"}],"author":[{"embeddable":true,"href":"https:\/\/www.mtess.gov.py\/index.php?rest_route=\/wp\/v2\/users\/3"}],"replies":[{"embeddable":true,"href":"https:\/\/www.mtess.gov.py\/index.php?rest_route=%2Fwp%2Fv2%2Fcomments&post=24867"}],"version-history":[{"count":19,"href":"https:\/\/www.mtess.gov.py\/index.php?rest_route=\/wp\/v2\/pages\/24867\/revisions"}],"predecessor-version":[{"id":35825,"href":"https:\/\/www.mtess.gov.py\/index.php?rest_route=\/wp\/v2\/pages\/24867\/revisions\/35825"}],"wp:attachment":[{"href":"https:\/\/www.mtess.gov.py\/index.php?rest_route=%2Fwp%2Fv2%2Fmedia&parent=24867"}],"curies":[{"name":"wp","href":"https:\/\/api.w.org\/{rel}","templated":true}]}}