{"id":24955,"date":"2024-09-26T11:42:07","date_gmt":"2024-09-26T15:42:07","guid":{"rendered":"https:\/\/bi.mtess.gov.py\/v1\/?page_id=24955"},"modified":"2025-11-25T14:20:52","modified_gmt":"2025-11-25T17:20:52","slug":"control-de-evaluacion","status":"publish","type":"page","link":"https:\/\/www.mtess.gov.py\/?page_id=24955","title":{"rendered":"Control de Evaluaci\u00f3n"},"content":{"rendered":"\n<div class=\"wp-block-uagb-container uagb-block-7aadc2b1 alignfull uagb-is-root-container\"><div class=\"uagb-container-inner-blocks-wrap\">\n<!-- MTESS - Botones tipo pastilla azules -->\n<section class=\"mtess-pills\" aria-label=\"Documentos estrat\u00e9gicos\">\n  <ul class=\"mtess-pills__list\">\n    <li><a class=\"mtess-pills__btn\" href=\"https:\/\/www.mtess.gov.py\/wp-content\/uploads\/2025\/11\/01.-INDICADORES-DE-GESTION-ESTRATEGICA-PEI.pdf\">01. Indicadores de Gesti\u00f3n Estrat\u00e9gica &#8211; PEI<\/a><\/li>\n    <li><a class=\"mtess-pills__btn\" href=\"https:\/\/www.mtess.gov.py\/wp-content\/uploads\/2025\/11\/02-Indicadores-de-Gestion-Operativa-PGA.pdf\">02. Indicadores de Gesti\u00f3n operativa &#8211; PGA<\/a><\/li>\n    <li><a class=\"mtess-pills__btn\" href=\"https:\/\/www.mtess.gov.py\/wp-content\/uploads\/2025\/11\/03.-AVANCE-MEDICIION-DE-GESTION-.pdf\">03. Avance &#8211; Medici\u00f3n de Gesti\u00f3n<\/a><\/li>\n    <li><a class=\"mtess-pills__btn\" href=\"https:\/\/www.mtess.gov.py\/wp-content\/uploads\/2025\/11\/04.-GUIA-PARA-MEDICION-DE-METAS.pdf\">04. Gu\u00eda para Medici\u00f3n de Metas<\/a><\/li>\n    <li><a class=\"mtess-pills__btn\" href=\"https:\/\/www.mtess.gov.py\/wp-content\/uploads\/2025\/11\/05.-AUDITORIA-INTERNA-INFORME-SCI-MECIP_2024.pdf\">05. Auditor\u00eda Interna &#8211; Informe SCI MECIP 2024<\/a><\/li>\n    <li><a class=\"mtess-pills__btn\" href=\"https:\/\/www.mtess.gov.py\/wp-content\/uploads\/2025\/11\/06.-AUDITORIA-INTERNA-PROCEDIMIENTOS.pdf\">06. Auditor\u00eda Interna &#8211; Procedimientos<\/a><\/li>\n  <\/ul>\n<\/section>\n\n<style>\n\/* ===== ENCAPSULADO ===== *\/\n.mtess-pills {\n  --mtess-blue: #21409A;      \/* Azul institucional *\/\n  --mtess-blue-dark: #1a327e; \/* Hover m\u00e1s oscuro *\/\n  --mtess-text: #ffffff;\n  --mtess-radius: 999px;\n  --mtess-gap: 18px;\n  --mtess-padY: 12px; \/* M\u00e1s fino *\/\n  --mtess-padX: clamp(20px, 4vw, 36px);\n  --mtess-font-size: clamp(15px, 2.2vw, 18px);\n  --mtess-maxw: min(940px, 92vw);\n}\n\n.mtess-pills__list {\n  list-style: none;\n  margin: 0 auto;\n  padding: clamp(6px, 2vh, 16px) 0;\n  max-width: var(--mtess-maxw);\n  display: grid;\n  gap: var(--mtess-gap);\n}\n\n.mtess-pills__btn {\n  display: inline-flex;\n  align-items: center;\n  justify-content: center;\n  width: 100%;\n  min-height: 46px; \/* finito *\/\n  padding: var(--mtess-padY) var(--mtess-padX);\n  border-radius: var(--mtess-radius);\n  color: var(--mtess-text);\n  background: linear-gradient(180deg, var(--mtess-blue) 0%, #253fa0 100%);\n  text-decoration: none;\n  font-weight: 600;\n  font-size: var(--mtess-font-size);\n  line-height: 1.25;\n  text-align: center;\n  box-shadow:\n    0 1px 0 rgba(0,0,0,.06),\n    0 6px 18px rgba(33,64,154,.25);\n  transition: transform .06s ease-out, filter .15s ease, box-shadow .15s ease, background .15s ease;\n  outline: none;\n  text-transform: none; \/* <-- asegura que no se pongan en may\u00fasculas *\/\n}\n\n.mtess-pills__btn:hover {\n  background: linear-gradient(180deg, var(--mtess-blue-dark) 0%, #1d3379 100%);\n  box-shadow:\n    0 1px 0 rgba(0,0,0,.06),\n    0 10px 24px rgba(26,50,126,.35);\n  transform: translateY(-1px);\n}\n\n.mtess-pills__btn:active {\n  transform: translateY(0);\n  filter: brightness(.97);\n}\n<\/style>\n<\/div><\/div>\n\n\n\n<p><\/p>\n","protected":false},"excerpt":{"rendered":"<p>01. Indicadores de Gesti\u00f3n Estrat\u00e9gica &#8211; PEI 02. Indicadores de Gesti\u00f3n operativa &#8211; PGA 03. Avance &#8211; Medici\u00f3n de Gesti\u00f3n 04. Gu\u00eda para Medici\u00f3n de Metas 05. Auditor\u00eda Interna &#8211; Informe SCI MECIP 2024 06. Auditor\u00eda Interna &#8211; Procedimientos<\/p>\n","protected":false},"author":3,"featured_media":0,"parent":0,"menu_order":0,"comment_status":"closed","ping_status":"closed","template":"","meta":{"_acf_changed":false,"_uag_custom_page_level_css":"","footnotes":""},"class_list":["post-24955","page","type-page","status-publish","hentry"],"acf":[],"uagb_featured_image_src":{"full":false,"thumbnail":false,"medium":false,"medium_large":false,"large":false,"1536x1536":false,"2048x2048":false,"depicter-thumbnail":false},"uagb_author_info":{"display_name":"Santiago Barrios","author_link":"https:\/\/www.mtess.gov.py\/?author=3"},"uagb_comment_info":0,"uagb_excerpt":"01. Indicadores de Gesti\u00f3n Estrat\u00e9gica &#8211; PEI 02. Indicadores de Gesti\u00f3n operativa &#8211; PGA 03. Avance &#8211; Medici\u00f3n de Gesti\u00f3n 04. Gu\u00eda para Medici\u00f3n de Metas 05. Auditor\u00eda Interna &#8211; Informe SCI MECIP 2024 06. Auditor\u00eda Interna &#8211; Procedimientos","_links":{"self":[{"href":"https:\/\/www.mtess.gov.py\/index.php?rest_route=\/wp\/v2\/pages\/24955","targetHints":{"allow":["GET"]}}],"collection":[{"href":"https:\/\/www.mtess.gov.py\/index.php?rest_route=\/wp\/v2\/pages"}],"about":[{"href":"https:\/\/www.mtess.gov.py\/index.php?rest_route=\/wp\/v2\/types\/page"}],"author":[{"embeddable":true,"href":"https:\/\/www.mtess.gov.py\/index.php?rest_route=\/wp\/v2\/users\/3"}],"replies":[{"embeddable":true,"href":"https:\/\/www.mtess.gov.py\/index.php?rest_route=%2Fwp%2Fv2%2Fcomments&post=24955"}],"version-history":[{"count":9,"href":"https:\/\/www.mtess.gov.py\/index.php?rest_route=\/wp\/v2\/pages\/24955\/revisions"}],"predecessor-version":[{"id":33250,"href":"https:\/\/www.mtess.gov.py\/index.php?rest_route=\/wp\/v2\/pages\/24955\/revisions\/33250"}],"wp:attachment":[{"href":"https:\/\/www.mtess.gov.py\/index.php?rest_route=%2Fwp%2Fv2%2Fmedia&parent=24955"}],"curies":[{"name":"wp","href":"https:\/\/api.w.org\/{rel}","templated":true}]}}