{"id":2602,"date":"2024-08-08T13:16:33","date_gmt":"2024-08-08T17:16:33","guid":{"rendered":"https:\/\/bi.mtess.gov.py\/v1\/?page_id=2602"},"modified":"2026-02-02T09:56:39","modified_gmt":"2026-02-02T12:56:39","slug":"manuales-de-cargos","status":"publish","type":"page","link":"https:\/\/www.mtess.gov.py\/?page_id=2602","title":{"rendered":"Manuales de Cargos"},"content":{"rendered":"\n<div class=\"wp-block-uagb-container uagb-block-55262057 alignfull uagb-is-root-container\"><div class=\"uagb-container-inner-blocks-wrap\">\n<!DOCTYPE html>\n<html lang=\"es\">\n<head>\n<meta charset=\"UTF-8\">\n<style>\n    \/* Contenedor Principal *\/\n    .dashboard-grid {\n        display: grid;\n        grid-template-columns: repeat(auto-fit, minmax(250px, 1fr));\n        gap: 20px;\n        padding: 20px;\n        font-family: 'Segoe UI', Roboto, Helvetica, Arial, sans-serif;\n        background-color: #f4f7f9;\n    }\n\n    \/* Estilo Base del Bot\u00f3n\/Enlace *\/\n    .nav-button {\n        display: flex;\n        align-items: center;\n        justify-content: center;\n        text-align: center;\n        padding: 20px 15px;\n        min-height: 80px;\n        text-decoration: none;\n        color: #2c3e50;\n        background: #ffffff;\n        border-radius: 12px;\n        font-weight: 600;\n        font-size: 0.95rem;\n        box-shadow: 0 4px 6px rgba(0,0,0,0.05);\n        border: 1px solid rgba(0,0,0,0.05);\n        transition: all 0.3s cubic-bezier(0.25, 0.8, 0.25, 1);\n    }\n\n    \/* Efecto al pasar el mouse *\/\n    .nav-button:hover {\n        transform: translateY(-5px);\n        box-shadow: 0 12px 20px rgba(0,0,0,0.1);\n        background: #3498db; \/* Color de \u00e9nfasis *\/\n        color: #ffffff;\n        border-color: #3498db;\n    }\n\n    \/* Variaci\u00f3n de color para el nivel superior (ej. Ministra) *\/\n    .nav-button.primary {\n        background: #2c3e50;\n        color: #ffffff;\n    }\n    \n    .nav-button.primary:hover {\n        background: #1a252f;\n    }\n\n    \/* Responsive: Ajuste para m\u00f3viles *\/\n    @media (max-width: 600px) {\n        .dashboard-grid {\n            grid-template-columns: 1fr;\n        }\n    }\n<\/style>\n<\/head>\n<body>\n\n<div class=\"dashboard-grid\">\n    <a href=\"https:\/\/www.mtess.gov.py\/wp-content\/uploads\/2026\/02\/016._Ministro_F_62.pdf\" class=\"nav-button\">Ministra<\/a>\n    <a href=\"https:\/\/www.mtess.gov.py\/wp-content\/uploads\/2026\/02\/018._Secretaria_Privada.pdf\" class=\"nav-button\">Secretar\u00eda Privada<\/a>\n    <a href=\"https:\/\/www.mtess.gov.py\/wp-content\/uploads\/2026\/02\/1_Secretaria_General.pdf\" class=\"nav-button\">Secretar\u00eda General<\/a>\n    <a href=\"https:\/\/www.mtess.gov.py\/wp-content\/uploads\/2026\/02\/2_Gabinete.pdf\" class=\"nav-button\">Direcci\u00f3n General de Gabinete<\/a>\n\n    <a href=\"https:\/\/www.mtess.gov.py\/wp-content\/uploads\/2026\/02\/3_Transparencia.pdf\" class=\"nav-button\">Direcci\u00f3n Gral. Anticorrupci\u00f3n y Transparencia<\/a>\n    <a href=\"https:\/\/www.mtess.gov.py\/wp-content\/uploads\/2026\/02\/4_Digafi.pdf\" class=\"nav-button\">Direcci\u00f3n General de Administraci\u00f3n y Finanzas<\/a>\n    <a href=\"https:\/\/www.mtess.gov.py\/wp-content\/uploads\/2026\/02\/5_Asesoria_Juridica.pdf\" class=\"nav-button\">Direcci\u00f3n Gral. de Asesor\u00eda Jur\u00eddica<\/a>\n    <a href=\"https:\/\/www.mtess.gov.py\/wp-content\/uploads\/2026\/02\/6_Planificacion.pdf\" class=\"nav-button\">Direcci\u00f3n General de Planificaci\u00f3n<\/a>\n\n    <a href=\"https:\/\/www.mtess.gov.py\/wp-content\/uploads\/2026\/02\/7_Observatorio.pdf\" class=\"nav-button\">Direcci\u00f3n de Observatorio Laboral<\/a>\n    <a href=\"https:\/\/www.mtess.gov.py\/wp-content\/uploads\/2026\/02\/128._F_56_DCIT.pdf\" class=\"nav-button\">Direcci\u00f3n Coordinaci\u00f3n de Instancias Tripartitas<\/a>\n    <a href=\"https:\/\/www.mtess.gov.py\/wp-content\/uploads\/2026\/02\/131._F_56_SINAFOCAL.pdf\" class=\"nav-button\">Sistema Nacional de Formaci\u00f3n y Capacitaci\u00f3n Laboral<\/a>\n    <a href=\"https:\/\/www.mtess.gov.py\/wp-content\/uploads\/2026\/02\/134._F_56_SNPP.pdf\" class=\"nav-button\">Servicio Nacional de Promoci\u00f3n Profesional<\/a>\n<\/div>\n\n<\/body>\n<\/html>\n<\/div><\/div>\n","protected":false},"excerpt":{"rendered":"<p>Ministra Secretar\u00eda Privada Secretar\u00eda General Direcci\u00f3n General de Gabinete Direcci\u00f3n Gral. Anticorrupci\u00f3n y Transparencia Direcci\u00f3n General de Administraci\u00f3n y Finanzas Direcci\u00f3n Gral. de Asesor\u00eda Jur\u00eddica Direcci\u00f3n General de Planificaci\u00f3n Direcci\u00f3n de Observatorio Laboral Direcci\u00f3n Coordinaci\u00f3n de Instancias Tripartitas Sistema Nacional de Formaci\u00f3n y Capacitaci\u00f3n Laboral Servicio Nacional de Promoci\u00f3n Profesional<\/p>\n","protected":false},"author":7,"featured_media":0,"parent":0,"menu_order":0,"comment_status":"closed","ping_status":"closed","template":"","meta":{"_acf_changed":false,"_uag_custom_page_level_css":"","footnotes":""},"class_list":["post-2602","page","type-page","status-publish","hentry"],"acf":[],"uagb_featured_image_src":{"full":false,"thumbnail":false,"medium":false,"medium_large":false,"large":false,"1536x1536":false,"2048x2048":false,"depicter-thumbnail":false},"uagb_author_info":{"display_name":"Lucas Santacruz","author_link":"https:\/\/www.mtess.gov.py\/?author=7"},"uagb_comment_info":0,"uagb_excerpt":"Ministra Secretar\u00eda Privada Secretar\u00eda General Direcci\u00f3n General de Gabinete Direcci\u00f3n Gral. Anticorrupci\u00f3n y Transparencia Direcci\u00f3n General de Administraci\u00f3n y Finanzas Direcci\u00f3n Gral. de Asesor\u00eda Jur\u00eddica Direcci\u00f3n General de Planificaci\u00f3n Direcci\u00f3n de Observatorio Laboral Direcci\u00f3n Coordinaci\u00f3n de Instancias Tripartitas Sistema Nacional de Formaci\u00f3n y Capacitaci\u00f3n Laboral Servicio Nacional de Promoci\u00f3n Profesional","_links":{"self":[{"href":"https:\/\/www.mtess.gov.py\/index.php?rest_route=\/wp\/v2\/pages\/2602","targetHints":{"allow":["GET"]}}],"collection":[{"href":"https:\/\/www.mtess.gov.py\/index.php?rest_route=\/wp\/v2\/pages"}],"about":[{"href":"https:\/\/www.mtess.gov.py\/index.php?rest_route=\/wp\/v2\/types\/page"}],"author":[{"embeddable":true,"href":"https:\/\/www.mtess.gov.py\/index.php?rest_route=\/wp\/v2\/users\/7"}],"replies":[{"embeddable":true,"href":"https:\/\/www.mtess.gov.py\/index.php?rest_route=%2Fwp%2Fv2%2Fcomments&post=2602"}],"version-history":[{"count":4,"href":"https:\/\/www.mtess.gov.py\/index.php?rest_route=\/wp\/v2\/pages\/2602\/revisions"}],"predecessor-version":[{"id":34953,"href":"https:\/\/www.mtess.gov.py\/index.php?rest_route=\/wp\/v2\/pages\/2602\/revisions\/34953"}],"wp:attachment":[{"href":"https:\/\/www.mtess.gov.py\/index.php?rest_route=%2Fwp%2Fv2%2Fmedia&parent=2602"}],"curies":[{"name":"wp","href":"https:\/\/api.w.org\/{rel}","templated":true}]}}