{"id":27876,"date":"2024-09-27T08:21:01","date_gmt":"2024-09-27T12:21:01","guid":{"rendered":"https:\/\/bi.mtess.gov.py\/v1\/?page_id=27876"},"modified":"2025-12-15T10:12:05","modified_gmt":"2025-12-15T13:12:05","slug":"mision-y-vision","status":"publish","type":"page","link":"https:\/\/www.mtess.gov.py\/?page_id=27876","title":{"rendered":"Misi\u00f3n y Visi\u00f3n"},"content":{"rendered":"\n<div class=\"wp-block-uagb-container uagb-block-5ebd3a8b alignfull uagb-is-root-container\"><div class=\"uagb-container-inner-blocks-wrap\">\n<!DOCTYPE html>\n<html lang=\"es\">\n<head>\n    <meta charset=\"UTF-8\">\n    <meta name=\"viewport\" content=\"width=device-width, initial-scale=1.0\">\n    <title>Misi\u00f3n y Visi\u00f3n &#8211; MTESS Paraguay<\/title>\n    <style>\n        \/* CSS Integrado *\/\n        :root {\n            --color-primario: #0038a8; \/* Azul Institucional *\/\n            --color-secundario: #d52b1e; \/* Rojo *\/\n            --color-fondo: #f4f7f6;\n            --color-texto: #333;\n            --blanco: #ffffff;\n        }\n\n        body {\n            font-family: 'Segoe UI', Tahoma, Geneva, Verdana, sans-serif;\n            background-color: var(--color-fondo);\n            color: var(--color-texto);\n            margin: 0;\n            padding: 0;\n            line-height: 1.6;\n        }\n\n        .container {\n            max-width: 1100px;\n            margin: 50px auto;\n            padding: 20px;\n            text-align: center;\n        }\n\n        .header-section {\n            margin-bottom: 50px;\n        }\n\n        .header-section h1 {\n            color: var(--color-primario);\n            font-size: 2.5rem;\n            text-transform: uppercase;\n            letter-spacing: 1px;\n        }\n\n        .header-section .linea {\n            height: 4px;\n            width: 80px;\n            background-color: var(--color-secundario);\n            margin: 10px auto;\n            border-radius: 2px;\n        }\n\n        \/* Contenedor de las Tarjetas *\/\n        .cards-container {\n            display: flex;\n            gap: 30px;\n            justify-content: center;\n            flex-wrap: wrap; \/* Para que sea responsivo *\/\n        }\n\n        .card {\n            background: var(--blanco);\n            flex: 1;\n            min-width: 300px;\n            max-width: 500px;\n            padding: 40px;\n            border-radius: 15px;\n            box-shadow: 0 10px 25px rgba(0,0,0,0.1);\n            transition: transform 0.3s ease;\n            position: relative;\n            overflow: hidden;\n        }\n\n        .card:hover {\n            transform: translateY(-10px);\n        }\n\n        \/* L\u00ednea superior decorativa en las tarjetas *\/\n        .card::before {\n            content: \"\";\n            position: absolute;\n            top: 0;\n            left: 0;\n            width: 100%;\n            height: 6px;\n        }\n\n        .mision-card::before { background-color: var(--color-secundario); }\n        .vision-card::before { background-color: var(--color-primario); }\n\n        .card h2 {\n            font-size: 1.8rem;\n            margin-bottom: 20px;\n        }\n\n        .mision-card h2 { color: var(--color-secundario); }\n        .vision-card h2 { color: var(--color-primario); }\n\n        .card p {\n            font-size: 1.1rem;\n            text-align: justify;\n            color: #555;\n        }\n\n        .highlight {\n            font-weight: bold;\n            color: var(--color-primario);\n        }\n\n        \/* Responsividad para m\u00f3viles *\/\n        @media (max-width: 768px) {\n            .container { margin: 20px auto; }\n            .header-section h1 { font-size: 2rem; }\n        }\n    <\/style>\n<\/head>\n<body>\n\n    <div class=\"container\">\n        <header class=\"header-section\">\n            <h1>Identidad Institucional<\/h1>\n            <div class=\"linea\"><\/div>\n            <p>Ministerio de Trabajo, Empleo y Seguridad Social &#8211; Paraguay<\/p>\n        <\/header>\n\n        <div class=\"cards-container\">\n            <div class=\"card mision-card\">\n                <h2>Nuestra Misi\u00f3n<\/h2>\n                <p>\n                    Regir las pol\u00edticas p\u00fablicas sociolaborales y ejercer la regulaci\u00f3n administrativa en materia de \n                    <span class=\"highlight\">Trabajo, Empleo, y Seguridad Social<\/span> que fomente el \n                    <strong>trabajo decente<\/strong>, el <strong>di\u00e1logo social<\/strong> y el bienestar de los trabajadores.\n                <\/p>\n            <\/div>\n\n            <div class=\"card vision-card\">\n                <h2>Nuestra Visi\u00f3n<\/h2>\n                <p>\n                    Ser una instituci\u00f3n que contribuya al <strong>desarrollo econ\u00f3mico<\/strong> que se traduzca en un mejoramiento de la \n                    <span class=\"highlight\">calidad de vida<\/span> de todos los trabajadores a trav\u00e9s del fortalecimiento de la empleabilidad, \n                    el incremento de la productividad y la garant\u00eda del trabajo decente.\n                <\/p>\n            <\/div>\n        <\/div>\n    <\/div>\n\n<\/body>\n<\/html>\n<\/div><\/div>\n","protected":false},"excerpt":{"rendered":"<p>Misi\u00f3n y Visi\u00f3n &#8211; MTESS Paraguay Identidad Institucional Ministerio de Trabajo, Empleo y Seguridad Social &#8211; Paraguay Nuestra Misi\u00f3n Regir las pol\u00edticas p\u00fablicas sociolaborales y ejercer la regulaci\u00f3n administrativa en materia de Trabajo, Empleo, y Seguridad Social que fomente el trabajo decente, el di\u00e1logo social y el bienestar de los trabajadores. Nuestra Visi\u00f3n Ser una [&hellip;]<\/p>\n","protected":false},"author":7,"featured_media":0,"parent":0,"menu_order":0,"comment_status":"closed","ping_status":"closed","template":"autoridades","meta":{"_acf_changed":false,"_uag_custom_page_level_css":"","footnotes":""},"class_list":["post-27876","page","type-page","status-publish","hentry"],"acf":[],"uagb_featured_image_src":{"full":false,"thumbnail":false,"medium":false,"medium_large":false,"large":false,"1536x1536":false,"2048x2048":false,"depicter-thumbnail":false},"uagb_author_info":{"display_name":"Lucas Santacruz","author_link":"https:\/\/www.mtess.gov.py\/?author=7"},"uagb_comment_info":0,"uagb_excerpt":"Misi\u00f3n y Visi\u00f3n &#8211; MTESS Paraguay Identidad Institucional Ministerio de Trabajo, Empleo y Seguridad Social &#8211; Paraguay Nuestra Misi\u00f3n Regir las pol\u00edticas p\u00fablicas sociolaborales y ejercer la regulaci\u00f3n administrativa en materia de Trabajo, Empleo, y Seguridad Social que fomente el trabajo decente, el di\u00e1logo social y el bienestar de los trabajadores. Nuestra Visi\u00f3n Ser una&hellip;","_links":{"self":[{"href":"https:\/\/www.mtess.gov.py\/index.php?rest_route=\/wp\/v2\/pages\/27876","targetHints":{"allow":["GET"]}}],"collection":[{"href":"https:\/\/www.mtess.gov.py\/index.php?rest_route=\/wp\/v2\/pages"}],"about":[{"href":"https:\/\/www.mtess.gov.py\/index.php?rest_route=\/wp\/v2\/types\/page"}],"author":[{"embeddable":true,"href":"https:\/\/www.mtess.gov.py\/index.php?rest_route=\/wp\/v2\/users\/7"}],"replies":[{"embeddable":true,"href":"https:\/\/www.mtess.gov.py\/index.php?rest_route=%2Fwp%2Fv2%2Fcomments&post=27876"}],"version-history":[{"count":5,"href":"https:\/\/www.mtess.gov.py\/index.php?rest_route=\/wp\/v2\/pages\/27876\/revisions"}],"predecessor-version":[{"id":33632,"href":"https:\/\/www.mtess.gov.py\/index.php?rest_route=\/wp\/v2\/pages\/27876\/revisions\/33632"}],"wp:attachment":[{"href":"https:\/\/www.mtess.gov.py\/index.php?rest_route=%2Fwp%2Fv2%2Fmedia&parent=27876"}],"curies":[{"name":"wp","href":"https:\/\/api.w.org\/{rel}","templated":true}]}}