{"id":27927,"date":"2024-09-27T09:01:16","date_gmt":"2024-09-27T13:01:16","guid":{"rendered":"https:\/\/bi.mtess.gov.py\/v1\/?page_id=27927"},"modified":"2024-09-27T10:06:33","modified_gmt":"2024-09-27T14:06:33","slug":"lista-de-convenios-ratificados-por-paraguay-ante-la-oit-2","status":"publish","type":"page","link":"https:\/\/www.mtess.gov.py\/?page_id=27927","title":{"rendered":"Lista de Convenios Ratificados por Paraguay ante la OIT"},"content":{"rendered":"\n<h3 class=\"wp-block-heading\">41 Convenios<\/h3>\n\n\n\n<ol class=\"wp-block-list\">\n<li>Convenios fundamentales:\u00a0<strong>8 sobre 10<\/strong><\/li>\n\n\n\n<li>Convenios de gobernanza (Prioritarios):\u00a0<strong>2 sobre 4<\/strong><\/li>\n\n\n\n<li>Convenios t\u00e9cnicos:\u00a0<strong>31 sobre 177<\/strong><\/li>\n\n\n\n<li>De los\u00a0<strong>41\u00a0<\/strong>Convenios ratificados por Paraguay,\u00a0<strong>39<\/strong>\u00a0est\u00e1n en vigor,\u00a0<strong>1<\/strong>\u00a0ha sido ratificado y\u00a0<strong>ninguno<\/strong>\u00a0ha sido ratificado en los \u00faltimos 12 meses<\/li>\n<\/ol>\n\n\n\n<h3 class=\"wp-block-heading\">Fundamentales<\/h3>\n\n\n\n<figure class=\"wp-block-table is-style-stripes\"><table><thead><tr><th>Convenio<\/th><th>Fecha<\/th><th>Estatus<\/th><th>Nota<\/th><\/tr><\/thead><tbody><tr><td><a href=\"http:\/\/www.ilo.org\/dyn\/normlex\/es\/f?p=NORMLEXPUB:12100:0::NO:12100:P12100_INSTRUMENT_ID:312174:NO\"><strong>C029<\/strong>&nbsp;&#8211; Convenio sobre el trabajo forzoso, 1930 (n\u00fam. 29)<\/a><\/td><td>28 agosto 1967<\/td><td>En vigor<\/td><td><\/td><\/tr><tr><td><a href=\"http:\/\/www.ilo.org\/dyn\/normlex\/es\/f?p=NORMLEXPUB:12100:0::NO:12100:P12100_INSTRUMENT_ID:312232:NO\"><strong>C087<\/strong>&nbsp;&#8211; Convenio sobre la libertad sindical y la protecci\u00f3n del derecho de sindicaci\u00f3n, 1948 (n\u00fam. 87)<\/a><\/td><td>28 junio 1962<\/td><td>En vigor<\/td><td><\/td><\/tr><tr><td><a href=\"http:\/\/www.ilo.org\/dyn\/normlex\/es\/f?p=NORMLEXPUB:12100:0::NO:12100:P12100_INSTRUMENT_ID:312243:NO\"><strong>C098<\/strong>&nbsp;&#8211; Convenio sobre el derecho de sindicaci\u00f3n y de negociaci\u00f3n colectiva, 1949 (n\u00fam. 98)<\/a><\/td><td>21 marzo 1966<\/td><td>En vigor<\/td><td><\/td><\/tr><tr><td><a href=\"http:\/\/www.ilo.org\/dyn\/normlex\/es\/f?p=NORMLEXPUB:12100:0::NO:12100:P12100_INSTRUMENT_ID:312245:NO\"><strong>C100<\/strong>&nbsp;&#8211; Convenio sobre igualdad de remuneraci\u00f3n, 1951 (n\u00fam. 100)<\/a><\/td><td>24 junio 1964<\/td><td>En vigor<\/td><td><\/td><\/tr><tr><td><a href=\"http:\/\/www.ilo.org\/dyn\/normlex\/es\/f?p=NORMLEXPUB:12100:0::NO:12100:P12100_INSTRUMENT_ID:312250:NO\"><strong>C105<\/strong>&nbsp;&#8211; Convenio sobre la abolici\u00f3n del trabajo forzoso, 1957 (n\u00fam. 105)<\/a><\/td><td>16 mayo 1968<\/td><td>En vigor<\/td><td><\/td><\/tr><tr><td><a href=\"http:\/\/www.ilo.org\/dyn\/normlex\/es\/f?p=NORMLEXPUB:12100:0::NO:12100:P12100_INSTRUMENT_ID:312256:NO\"><strong>C111<\/strong>&nbsp;&#8211; Convenio sobre la discriminaci\u00f3n (empleo y ocupaci\u00f3n), 1958 (n\u00fam. 111)<\/a><\/td><td>10 julio 1967<\/td><td>En vigor<\/td><td><\/td><\/tr><tr><td><a href=\"http:\/\/www.ilo.org\/dyn\/normlex\/es\/f?p=NORMLEXPUB:12100:0::NO:12100:P12100_INSTRUMENT_ID:312283:NO\"><strong>C138<\/strong>&nbsp;&#8211; Convenio sobre la edad m\u00ednima, 1973 (n\u00fam. 138)<\/a><em>Edad m\u00ednima especificada: 14 a\u00f1os.<\/em><\/td><td>03 marzo 2004<\/td><td>En vigor<\/td><td><\/td><\/tr><tr><td><a href=\"http:\/\/www.ilo.org\/dyn\/normlex\/es\/f?p=NORMLEXPUB:12100:0::NO:12100:P12100_INSTRUMENT_ID:312327:NO\"><strong>C182<\/strong>&nbsp;&#8211; Convenio sobre las peores formas de trabajo infantil, 1999 (n\u00fam. 182)<\/a><\/td><td>07 marzo 2001<\/td><td>En vigor<\/td><td><\/td><\/tr><\/tbody><\/table><\/figure>\n\n\n\n<p><\/p>\n\n\n\n<h3 class=\"wp-block-heading\">De Gobernanza (prioritarios)<\/h3>\n\n\n\n<figure class=\"wp-block-table is-style-stripes\"><table><thead><tr><th>Convenio<\/th><th>Fecha<\/th><th>Estatus<\/th><th>Nota<\/th><\/tr><\/thead><tbody><tr><td><a href=\"http:\/\/www.ilo.org\/dyn\/normlex\/es\/f?p=NORMLEXPUB:12100:0::NO:12100:P12100_INSTRUMENT_ID:312226:NO\"><strong>C081<\/strong>&nbsp;&#8211; Convenio sobre la inspecci\u00f3n del trabajo, 1947 (n\u00fam. 81)<\/a><\/td><td>28 agosto 1967<\/td><td>En vigor<\/td><td><\/td><\/tr><tr><td><a href=\"http:\/\/www.ilo.org\/dyn\/normlex\/es\/f?p=NORMLEXPUB:12100:0::NO:12100:P12100_INSTRUMENT_ID:312267:NO\"><strong>C122<\/strong>&nbsp;&#8211; Convenio sobre la pol\u00edtica del empleo, 1964 (n\u00fam. 122)<\/a><\/td><td>20 febrero 1969<\/td><td>En vigor<\/td><td><\/td><\/tr><\/tbody><\/table><\/figure>\n\n\n\n<p><\/p>\n\n\n\n<h3 class=\"wp-block-heading\">T\u00e9cnicos<\/h3>\n\n\n\n<figure class=\"wp-block-table is-style-stripes\"><table><thead><tr><th>Convenio<\/th><th>Fecha<\/th><th>Estatus<\/th><th>Nota<\/th><\/tr><\/thead><tbody><tr><td><a href=\"http:\/\/www.ilo.org\/dyn\/normlex\/es\/f?p=NORMLEXPUB:12100:0::NO:12100:P12100_INSTRUMENT_ID:312146:NO\"><strong>C001<\/strong>&nbsp;&#8211; Convenio sobre las horas de trabajo (industria), 1919 (n\u00fam. 1)<\/a><\/td><td>21 marzo 1966<\/td><td>En vigor<\/td><td><\/td><\/tr><tr><td><a href=\"http:\/\/www.ilo.org\/dyn\/normlex\/es\/f?p=NORMLEXPUB:12100:0::NO:12100:P12100_INSTRUMENT_ID:312156:NO\"><strong>C011<\/strong>&nbsp;&#8211; Convenio sobre el derecho de asociaci\u00f3n (agricultura), 1921 (n\u00fam. 11)<\/a><\/td><td>16 mayo 1968<\/td><td>En vigor<\/td><td><\/td><\/tr><tr><td><a href=\"http:\/\/www.ilo.org\/dyn\/normlex\/es\/f?p=NORMLEXPUB:12100:0::NO:12100:P12100_INSTRUMENT_ID:312159:NO\"><strong>C014<\/strong>&nbsp;&#8211; Convenio sobre el descanso semanal (industria), 1921 (n\u00fam. 14)<\/a><\/td><td>21 marzo 1966<\/td><td>En vigor<\/td><td><\/td><\/tr><tr><td><a href=\"http:\/\/www.ilo.org\/dyn\/normlex\/es\/f?p=NORMLEXPUB:12100:0::NO:12100:P12100_INSTRUMENT_ID:312171:NO\"><strong>C026<\/strong>&nbsp;&#8211; Convenio sobre los m\u00e9todos para la fijaci\u00f3n de salarios m\u00ednimos, 1928 (n\u00fam. 26)<\/a><\/td><td>24 junio 1964<\/td><td>En vigor<\/td><td><\/td><\/tr><tr><td><a href=\"http:\/\/www.ilo.org\/dyn\/normlex\/es\/f?p=NORMLEXPUB:12100:0::NO:12100:P12100_INSTRUMENT_ID:312175:NO\"><strong>C030<\/strong>&nbsp;&#8211; Convenio sobre las horas de trabajo (comercio y oficinas), 1930 (n\u00fam. 30)<\/a><\/td><td>21 marzo 1966<\/td><td>En vigor<\/td><td><\/td><\/tr><tr><td><a href=\"http:\/\/www.ilo.org\/dyn\/normlex\/es\/f?p=NORMLEXPUB:12100:0::NO:12100:P12100_INSTRUMENT_ID:312197:NO\"><strong>C052<\/strong>&nbsp;&#8211; Convenio sobre las vacaciones pagadas, 1936 (n\u00fam. 52)<\/a><\/td><td>21 marzo 1966<\/td><td>En vigor<\/td><td><\/td><\/tr><tr><td><a href=\"http:\/\/www.ilo.org\/dyn\/normlex\/es\/f?p=NORMLEXPUB:12100:0::NO:12100:P12100_INSTRUMENT_ID:312204:NO\"><strong>C059<\/strong>&nbsp;&#8211; Convenio (revisado) sobre la edad m\u00ednima (industria), 1937 (n\u00fam. 59)<\/a><\/td><td>21 marzo 1966<\/td><td>En vigor<\/td><td><\/td><\/tr><tr><td><a href=\"http:\/\/www.ilo.org\/dyn\/normlex\/es\/f?p=NORMLEXPUB:12100:0::NO:12100:P12100_INSTRUMENT_ID:312222:NO\"><strong>C077<\/strong>&nbsp;&#8211; Convenio sobre el examen m\u00e9dico de los menores (industria), 1946 (n\u00fam. 77)<\/a><\/td><td>21 marzo 1966<\/td><td>En vigor<\/td><td><\/td><\/tr><tr><td><a href=\"http:\/\/www.ilo.org\/dyn\/normlex\/es\/f?p=NORMLEXPUB:12100:0::NO:12100:P12100_INSTRUMENT_ID:312223:NO\"><strong>C078<\/strong>&nbsp;&#8211; Convenio sobre el examen m\u00e9dico de los menores (trabajos no industriales), 1946 (n\u00fam. 78)<\/a><\/td><td>21 marzo 1966<\/td><td>En vigor<\/td><td><\/td><\/tr><tr><td><a href=\"http:\/\/www.ilo.org\/dyn\/normlex\/es\/f?p=NORMLEXPUB:12100:0::NO:12100:P12100_INSTRUMENT_ID:312224:NO\"><strong>C079<\/strong>&nbsp;&#8211; Convenio sobre el trabajo nocturno de los menores (trabajos no industriales), 1946 (n\u00fam. 79)<\/a><\/td><td>21 marzo 1966<\/td><td>En vigor<\/td><td><\/td><\/tr><tr><td><a href=\"http:\/\/www.ilo.org\/dyn\/normlex\/es\/f?p=NORMLEXPUB:12100:0::NO:12100:P12100_INSTRUMENT_ID:312234:NO\"><strong>C089<\/strong>&nbsp;&#8211; Convenio (revisado) sobre el trabajo nocturno (mujeres), 1948 (n\u00fam. 89)<\/a><\/td><td>21 marzo 1966<\/td><td>En vigor<\/td><td><\/td><\/tr><tr><td><a href=\"http:\/\/www.ilo.org\/dyn\/normlex\/es\/f?p=NORMLEXPUB:12100:0::NO:12100:P12100_INSTRUMENT_ID:312235:NO\"><strong>C090<\/strong>&nbsp;&#8211; Convenio (revisado) sobre el trabajo nocturno de los menores (industria), 1948 (n\u00fam. 90)<\/a><\/td><td>21 marzo 1966<\/td><td>En vigor<\/td><td><\/td><\/tr><tr><td><a href=\"http:\/\/www.ilo.org\/dyn\/normlex\/es\/f?p=NORMLEXPUB:12100:0::NO:12100:P12100_INSTRUMENT_ID:312240:NO\"><strong>C095<\/strong>&nbsp;&#8211; Convenio sobre la protecci\u00f3n del salario, 1949 (n\u00fam. 95)<\/a><\/td><td>21 marzo 1966<\/td><td>En vigor<\/td><td><\/td><\/tr><tr><td><a href=\"http:\/\/www.ilo.org\/dyn\/normlex\/es\/f?p=NORMLEXPUB:12100:0::NO:12100:P12100_INSTRUMENT_ID:312244:NO\"><strong>C099<\/strong>&nbsp;&#8211; Convenio sobre los m\u00e9todos para la fijaci\u00f3n de salarios m\u00ednimos (agricultura), 1951 (n\u00fam. 99)<\/a><\/td><td>24 junio 1964<\/td><td>En vigor<\/td><td><\/td><\/tr><tr><td><a href=\"http:\/\/www.ilo.org\/dyn\/normlex\/es\/f?p=NORMLEXPUB:12100:0::NO:12100:P12100_INSTRUMENT_ID:312246:NO\"><strong>C101<\/strong>&nbsp;&#8211; Convenio sobre las vacaciones pagadas (agricultura), 1952 (n\u00fam. 101)<\/a><\/td><td>21 marzo 1966<\/td><td>En vigor<\/td><td><\/td><\/tr><tr><td><a href=\"https:\/\/www.ilo.org\/dyn\/normlex\/es\/f?p=NORMLEXPUB:12100:0::NO:12100:P12100_INSTRUMENT_ID:312247:NO\"><strong>C102<\/strong>&nbsp;&#8211; Convenio sobre la seguridad social (norma m\u00ednima), 1952 (n\u00fam. 102)<\/a><em>Ha aceptado las partes II, III, V, VI, VIII y IX. En virtud del p\u00e1rrafo 1 del art\u00edculo 3 del Convenio, el Gobierno se acoge a las excepciones temporales que figuran en los art\u00edculos 9, d); 15, d); 27, d); 33, b); 48, c) y 55, d).<\/em><\/td><td>25 de octubre 2021<\/td><td>En vigor<\/td><td><\/td><\/tr><tr><td><a href=\"http:\/\/www.ilo.org\/dyn\/normlex\/es\/f?p=NORMLEXPUB:12100:0::NO:12100:P12100_INSTRUMENT_ID:312251:NO\"><strong>C106<\/strong>&nbsp;&#8211; Convenio sobre el descanso semanal (comercio y oficinas), 1957 (n\u00fam. 106)<\/a><\/td><td>21 marzo 1966<\/td><td>En vigor<\/td><td><\/td><\/tr><tr><td><a href=\"http:\/\/www.ilo.org\/dyn\/normlex\/es\/f?p=NORMLEXPUB:12100:0::NO:12100:P12100_INSTRUMENT_ID:312260:NO\"><strong>C115<\/strong>&nbsp;&#8211; Convenio sobre la protecci\u00f3n contra las radiaciones, 1960 (n\u00fam. 115)<\/a><\/td><td>10 julio 1967<\/td><td>En vigor<\/td><td><\/td><\/tr><tr><td><a href=\"http:\/\/www.ilo.org\/dyn\/normlex\/es\/f?p=NORMLEXPUB:12100:0::NO:12100:P12100_INSTRUMENT_ID:312261:NO\"><strong>C116<\/strong>&nbsp;&#8211; Convenio sobre la revisi\u00f3n de los art\u00edculos finales, 1961 (n\u00fam. 116)<\/a><\/td><td>20 febrero 1969<\/td><td>En vigor<\/td><td><\/td><\/tr><tr><td><a href=\"http:\/\/www.ilo.org\/dyn\/normlex\/es\/f?p=NORMLEXPUB:12100:0::NO:12100:P12100_INSTRUMENT_ID:312262:NO\"><strong>C117<\/strong>&nbsp;&#8211; Convenio sobre pol\u00edtica social (normas y objetivos b\u00e1sicos), 1962 (n\u00fam. 117)<\/a><\/td><td>20 febrero 1969<\/td><td>En vigor<\/td><td><\/td><\/tr><tr><td><a href=\"http:\/\/www.ilo.org\/dyn\/normlex\/es\/f?p=NORMLEXPUB:12100:0::NO:12100:P12100_INSTRUMENT_ID:312264:NO\"><strong>C119<\/strong>&nbsp;&#8211; Convenio sobre la protecci\u00f3n de la maquinaria, 1963 (n\u00fam. 119)<\/a><\/td><td>10 julio 1967<\/td><td>En vigor<\/td><td><\/td><\/tr><tr><td><a href=\"http:\/\/www.ilo.org\/dyn\/normlex\/es\/f?p=NORMLEXPUB:12100:0::NO:12100:P12100_INSTRUMENT_ID:312265:NO\"><strong>C120<\/strong>&nbsp;&#8211; Convenio sobre la higiene (comercio y oficinas), 1964 (n\u00fam. 120)<\/a><\/td><td>10 julio 1967<\/td><td>En vigor<\/td><td><\/td><\/tr><tr><td><a href=\"http:\/\/www.ilo.org\/dyn\/normlex\/es\/f?p=NORMLEXPUB:12100:0::NO:12100:P12100_INSTRUMENT_ID:312268:NO\"><strong>C123<\/strong>&nbsp;&#8211; Convenio sobre la edad m\u00ednima (trabajo subterr\u00e1neo), 1965 (n\u00fam. 123)<\/a><em>Edad m\u00ednima especificada: 18 a\u00f1os.<\/em><\/td><td>10 octubre 1968<\/td><td>En vigor<\/td><td><\/td><\/tr><tr><td><a href=\"http:\/\/www.ilo.org\/dyn\/normlex\/es\/f?p=NORMLEXPUB:12100:0::NO:12100:P12100_INSTRUMENT_ID:312269:NO\"><strong>C124<\/strong>&nbsp;&#8211; Convenio sobre el examen m\u00e9dico de los menores (trabajo subterr\u00e1neo), 1965 (n\u00fam. 124)<\/a><\/td><td>10 julio 1967<\/td><td>En vigor<\/td><td><\/td><\/tr><tr><td><a href=\"http:\/\/www.ilo.org\/dyn\/normlex\/es\/f?p=NORMLEXPUB:12100:0::NO:12100:P12100_INSTRUMENT_ID:312301:NO\"><strong>C156<\/strong>&nbsp;&#8211; Convenio sobre los trabajadores con responsabilidades familiares, 1981 (n\u00fam. 156)<\/a><\/td><td>21 diciembre 2007<\/td><td>En vigor<\/td><td><\/td><\/tr><tr><td><a href=\"http:\/\/www.ilo.org\/dyn\/normlex\/es\/f?p=NORMLEXPUB:12100:0::NO:12100:P12100_INSTRUMENT_ID:312304:NO\"><strong>C159<\/strong>&nbsp;&#8211; Convenio sobre la readaptaci\u00f3n profesional y el empleo (personas inv\u00e1lidas), 1983 (n\u00fam. 159)<\/a><\/td><td>02 mayo 1991<\/td><td>En vigor<\/td><td><\/td><\/tr><tr><td><a href=\"http:\/\/www.ilo.org\/dyn\/normlex\/es\/f?p=NORMLEXPUB:12100:0::NO:12100:P12100_INSTRUMENT_ID:312314:NO\"><strong>C169<\/strong>&nbsp;&#8211; Convenio sobre pueblos ind\u00edgenas y tribales, 1989 (n\u00fam. 169)<\/a><\/td><td>10 agosto 1993<\/td><td>En vigor<\/td><td><\/td><\/tr><tr><td><a href=\"https:\/\/www.ilo.org\/dyn\/normlex\/es\/f?p=NORMLEXPUB:12100:0::NO:12100:P12100_INSTRUMENT_ID:312320:NO\"><strong>C175<\/strong>&nbsp;&#8211; Convenio sobre el trabajo a tiempo parcial, 1994 (n\u00fam. 175)<\/a><\/td><td>29 noviembre 2021<\/td><td>En vigor<\/td><td><\/td><\/tr><tr><td><a href=\"http:\/\/www.ilo.org\/dyn\/normlex\/es\/f?p=NORMLEXPUB:12100:0::NO:12100:P12100_INSTRUMENT_ID:2551460:NO\"><strong>C189<\/strong>&nbsp;&#8211; Convenio sobre las trabajadoras y los trabajadores dom\u00e9sticos, 2011 (n\u00fam. 189)<\/a><\/td><td>07 mayo 2013<\/td><td>En vigor<\/td><\/tr><\/tbody><\/table><\/figure>\n","protected":false},"excerpt":{"rendered":"<p>41 Convenios Fundamentales Convenio Fecha Estatus Nota C029&nbsp;&#8211; Convenio sobre el trabajo forzoso, 1930 (n\u00fam. 29) 28 agosto 1967 En vigor C087&nbsp;&#8211; Convenio sobre la libertad sindical y la protecci\u00f3n del derecho de sindicaci\u00f3n, 1948 (n\u00fam. 87) 28 junio 1962 En vigor C098&nbsp;&#8211; Convenio sobre el derecho de sindicaci\u00f3n y de negociaci\u00f3n colectiva, 1949 (n\u00fam. [&hellip;]<\/p>\n","protected":false},"author":7,"featured_media":0,"parent":0,"menu_order":0,"comment_status":"closed","ping_status":"closed","template":"","meta":{"_acf_changed":false,"_uag_custom_page_level_css":"","footnotes":""},"class_list":["post-27927","page","type-page","status-publish","hentry"],"acf":[],"uagb_featured_image_src":{"full":false,"thumbnail":false,"medium":false,"medium_large":false,"large":false,"1536x1536":false,"2048x2048":false,"depicter-thumbnail":false},"uagb_author_info":{"display_name":"Lucas Santacruz","author_link":"https:\/\/www.mtess.gov.py\/?author=7"},"uagb_comment_info":0,"uagb_excerpt":"41 Convenios Fundamentales Convenio Fecha Estatus Nota C029&nbsp;&#8211; Convenio sobre el trabajo forzoso, 1930 (n\u00fam. 29) 28 agosto 1967 En vigor C087&nbsp;&#8211; Convenio sobre la libertad sindical y la protecci\u00f3n del derecho de sindicaci\u00f3n, 1948 (n\u00fam. 87) 28 junio 1962 En vigor C098&nbsp;&#8211; Convenio sobre el derecho de sindicaci\u00f3n y de negociaci\u00f3n colectiva, 1949 (n\u00fam.&hellip;","_links":{"self":[{"href":"https:\/\/www.mtess.gov.py\/index.php?rest_route=\/wp\/v2\/pages\/27927","targetHints":{"allow":["GET"]}}],"collection":[{"href":"https:\/\/www.mtess.gov.py\/index.php?rest_route=\/wp\/v2\/pages"}],"about":[{"href":"https:\/\/www.mtess.gov.py\/index.php?rest_route=\/wp\/v2\/types\/page"}],"author":[{"embeddable":true,"href":"https:\/\/www.mtess.gov.py\/index.php?rest_route=\/wp\/v2\/users\/7"}],"replies":[{"embeddable":true,"href":"https:\/\/www.mtess.gov.py\/index.php?rest_route=%2Fwp%2Fv2%2Fcomments&post=27927"}],"version-history":[{"count":4,"href":"https:\/\/www.mtess.gov.py\/index.php?rest_route=\/wp\/v2\/pages\/27927\/revisions"}],"predecessor-version":[{"id":27997,"href":"https:\/\/www.mtess.gov.py\/index.php?rest_route=\/wp\/v2\/pages\/27927\/revisions\/27997"}],"wp:attachment":[{"href":"https:\/\/www.mtess.gov.py\/index.php?rest_route=%2Fwp%2Fv2%2Fmedia&parent=27927"}],"curies":[{"name":"wp","href":"https:\/\/api.w.org\/{rel}","templated":true}]}}