{"id":27939,"date":"2024-09-27T09:07:31","date_gmt":"2024-09-27T13:07:31","guid":{"rendered":"https:\/\/bi.mtess.gov.py\/v1\/?page_id=27939"},"modified":"2025-10-30T11:57:31","modified_gmt":"2025-10-30T14:57:31","slug":"convencion-internacional-sobre-la-proteccion-de-los-trabajadores-migratorios-y-sus-familiares","status":"publish","type":"page","link":"https:\/\/www.mtess.gov.py\/?page_id=27939","title":{"rendered":"Convenci\u00f3n Internacional sobre la Protecci\u00f3n de los Trabajadores Migratorios y sus Familiares"},"content":{"rendered":"\n<div class=\"wp-block-uagb-container uagb-block-9238641b alignfull uagb-is-root-container\"><div class=\"uagb-container-inner-blocks-wrap\">\n<p>Con miras a dar cumplimiento a la aplicaci\u00f3n por parte de nuestro pa\u00eds de la Convenci\u00f3n Internacional sobre la Protecci\u00f3n de los Trabajadores migratorios y sus familiares.<\/p>\n\n\n\n<ul class=\"wp-block-list\">\n<li>Texto de la Convenci\u00f3n Internacional (ratificado por <strong><a href=\"https:\/\/www.mtess.gov.py\/wp-content\/uploads\/2024\/12\/Ley_N_3452-08_Convencion_Trab._Migrat.pdf\" data-type=\"link\" data-id=\"https:\/\/www.mtess.gov.py\/wp-content\/uploads\/2024\/12\/Ley_N_3452-08_Convencion_Trab._Migrat.pdf\">Ley N\u00b0 3452\/08<\/a>).<\/strong><a href=\"https:\/\/www.mtess.gov.py\/download_file\/view\/328\/414\" target=\"_blank\" rel=\"noreferrer noopener\"><\/a><\/li>\n\n\n\n<li>Texto del Acuerdo MERCOSUR de Seguridad Social (ratificado por <a href=\"https:\/\/www.mtess.gov.py\/wp-content\/uploads\/2024\/12\/Ley_N_2513-04_Acuerdo_Multilateral_MERCOSUR.pdf\" data-type=\"link\" data-id=\"https:\/\/www.mtess.gov.py\/wp-content\/uploads\/2024\/12\/Ley_N_2513-04_Acuerdo_Multilateral_MERCOSUR.pdf\"><strong>Ley N\u00b0 <\/strong>2513\/04<\/a>).<\/li>\n\n\n\n<li>Texto del Convenio Iberoamericano de Seguridad Social de la Organizaci\u00f3n Internacional de Seguridad Social <strong>(ratificado por <a href=\"https:\/\/www.mtess.gov.py\/wp-content\/uploads\/2024\/12\/Ley_N_4223-10_Convenio_Iberoamericano.pdf\" data-type=\"link\" data-id=\"https:\/\/www.mtess.gov.py\/wp-content\/uploads\/2024\/12\/Ley_N_4223-10_Convenio_Iberoamericano.pdf\">Ley N\u00b0 4223\/10<\/a><\/strong>).<\/li>\n\n\n\n<li>Texto de los Convenios Bilaterales de Seguridad Social con los pa\u00edses de\n<ul class=\"wp-block-list\">\n<li>Espa\u00f1a <strong>(ver <a href=\"https:\/\/www.mtess.gov.py\/wp-content\/uploads\/2024\/12\/Ley_N_1468-99_Convenio_con_Espana.pdf\" data-type=\"link\" data-id=\"https:\/\/www.mtess.gov.py\/wp-content\/uploads\/2024\/12\/Ley_N_1468-99_Convenio_con_Espana.pdf\">Ley N\u00b0 1468\/99<\/a><\/strong>),<\/li>\n\n\n\n<li>Pa\u00edses Bajos (<strong>ver <a href=\"https:\/\/www.mtess.gov.py\/wp-content\/uploads\/2024\/12\/Ley_N_1468-99_Convenio_con_Espana.pdf\" data-type=\"link\" data-id=\"https:\/\/www.mtess.gov.py\/wp-content\/uploads\/2024\/12\/Ley_N_1468-99_Convenio_con_Espana.pdf\">Ley N\u00b0 3160\/07<\/a><\/strong>)<\/li>\n\n\n\n<li>Chile <strong>(ver<a href=\"https:\/\/www.mtess.gov.py\/wp-content\/uploads\/2024\/12\/Ley_N_463412_Convenio_con_Chile.pdf\" data-type=\"link\" data-id=\"https:\/\/www.mtess.gov.py\/wp-content\/uploads\/2024\/12\/Ley_N_463412_Convenio_con_Chile.pdf\"> Ley N\u00b0 4634\/12<\/a><\/strong>), y<\/li>\n\n\n\n<li>Argentina.<\/li>\n<\/ul>\n<\/li>\n\n\n\n<li>Texto del Convenio Marco Interinstitucional suscrito entre el Ministerio de Trabajo, Empleo y Seguridad Social, la Direcci\u00f3n General de Migraciones, el Instituto de Previsi\u00f3n Social y la Uni\u00f3n Industrial Paraguaya. <strong>Ver <a href=\"https:\/\/www.mtess.gov.py\/wp-content\/uploads\/2024\/12\/Convenio_MTESS-UIP-DM-IPS.pdf\" data-type=\"link\" data-id=\"https:\/\/www.mtess.gov.py\/wp-content\/uploads\/2024\/12\/Convenio_MTESS-UIP-DM-IPS.pdf\">Convenio Marco Interinstitucional<\/a><\/strong><\/li>\n<\/ul>\n<\/div><\/div>\n","protected":false},"excerpt":{"rendered":"<p>Con miras a dar cumplimiento a la aplicaci\u00f3n por parte de nuestro pa\u00eds de la Convenci\u00f3n Internacional sobre la Protecci\u00f3n de los Trabajadores migratorios y sus familiares.<\/p>\n","protected":false},"author":7,"featured_media":0,"parent":0,"menu_order":0,"comment_status":"closed","ping_status":"closed","template":"","meta":{"_acf_changed":false,"_uag_custom_page_level_css":"","footnotes":""},"class_list":["post-27939","page","type-page","status-publish","hentry"],"acf":[],"uagb_featured_image_src":{"full":false,"thumbnail":false,"medium":false,"medium_large":false,"large":false,"1536x1536":false,"2048x2048":false,"depicter-thumbnail":false},"uagb_author_info":{"display_name":"Lucas Santacruz","author_link":"https:\/\/www.mtess.gov.py\/?author=7"},"uagb_comment_info":0,"uagb_excerpt":"Con miras a dar cumplimiento a la aplicaci\u00f3n por parte de nuestro pa\u00eds de la Convenci\u00f3n Internacional sobre la Protecci\u00f3n de los Trabajadores migratorios y sus familiares.","_links":{"self":[{"href":"https:\/\/www.mtess.gov.py\/index.php?rest_route=\/wp\/v2\/pages\/27939","targetHints":{"allow":["GET"]}}],"collection":[{"href":"https:\/\/www.mtess.gov.py\/index.php?rest_route=\/wp\/v2\/pages"}],"about":[{"href":"https:\/\/www.mtess.gov.py\/index.php?rest_route=\/wp\/v2\/types\/page"}],"author":[{"embeddable":true,"href":"https:\/\/www.mtess.gov.py\/index.php?rest_route=\/wp\/v2\/users\/7"}],"replies":[{"embeddable":true,"href":"https:\/\/www.mtess.gov.py\/index.php?rest_route=%2Fwp%2Fv2%2Fcomments&post=27939"}],"version-history":[{"count":13,"href":"https:\/\/www.mtess.gov.py\/index.php?rest_route=\/wp\/v2\/pages\/27939\/revisions"}],"predecessor-version":[{"id":32723,"href":"https:\/\/www.mtess.gov.py\/index.php?rest_route=\/wp\/v2\/pages\/27939\/revisions\/32723"}],"wp:attachment":[{"href":"https:\/\/www.mtess.gov.py\/index.php?rest_route=%2Fwp%2Fv2%2Fmedia&parent=27939"}],"curies":[{"name":"wp","href":"https:\/\/api.w.org\/{rel}","templated":true}]}}