{"id":28124,"date":"2024-10-01T13:37:44","date_gmt":"2024-10-01T17:37:44","guid":{"rendered":"https:\/\/bi.mtess.gov.py\/v1\/?page_id=28124"},"modified":"2024-10-01T14:13:58","modified_gmt":"2024-10-01T18:13:58","slug":"manuales-de-cargos-2","status":"publish","type":"page","link":"https:\/\/www.mtess.gov.py\/?page_id=28124","title":{"rendered":"Manuales de cargos"},"content":{"rendered":"\n<p><\/p>\n\n\n\n<div class=\"wp-block-uagb-container uagb-layout-flex uagb-block-280d61f5 alignfull uagb-is-root-container\"><div class=\"uagb-container-inner-blocks-wrap\">\n<div class=\"wp-block-buttons is-layout-flex wp-block-buttons-is-layout-flex\">\n<div class=\"wp-block-button has-custom-width wp-block-button__width-25 has-custom-font-size is-style-outline has-medium-font-size is-style-outline--1\" style=\"font-style:normal;font-weight:700\"><a class=\"wp-block-button__link has-contrast-color has-very-light-gray-to-cyan-bluish-gray-gradient-background has-text-color has-background has-link-color wp-element-button\" href=\"https:\/\/www.mtess.gov.py\/wp-content\/uploads\/2024\/10\/016._Ministro_F_62.pdf\" style=\"border-width:3px;border-radius:50px\">\u00a0Ministra<\/a><\/div>\n\n\n\n<div class=\"wp-block-button has-custom-width wp-block-button__width-25 has-custom-font-size is-style-outline has-medium-font-size is-style-outline--2\" style=\"font-style:normal;font-weight:700\"><a class=\"wp-block-button__link has-very-light-gray-to-cyan-bluish-gray-gradient-background has-background wp-element-button\" href=\"https:\/\/www.mtess.gov.py\/wp-content\/uploads\/2024\/10\/018._Secretaria_Privada.pdf\" style=\"border-width:3px;border-radius:50px\">\u00a0Secretar\u00eda Privada<\/a><\/div>\n\n\n\n<div class=\"wp-block-button has-custom-width wp-block-button__width-25 is-style-outline is-style-outline--3\" style=\"font-style:normal;font-weight:700\"><a class=\"wp-block-button__link has-very-light-gray-to-cyan-bluish-gray-gradient-background has-background wp-element-button\" href=\"https:\/\/www.mtess.gov.py\/wp-content\/uploads\/2024\/10\/1_Secretaria_General.pdf\" style=\"border-width:3px;border-radius:50px\">\u00a0Secretar\u00eda General<\/a><\/div>\n\n\n\n<div class=\"wp-block-button has-custom-width wp-block-button__width-25 is-style-outline is-style-outline--4\" style=\"font-style:normal;font-weight:700\"><a class=\"wp-block-button__link has-very-light-gray-to-cyan-bluish-gray-gradient-background has-background wp-element-button\" href=\"https:\/\/www.mtess.gov.py\/wp-content\/uploads\/2024\/10\/2_Gabinete.pdf\" style=\"border-width:3px;border-radius:50px\">\u00a0Direcci\u00f3n General de Gabinete<\/a><\/div>\n<\/div>\n<\/div><\/div>\n\n\n\n<div class=\"wp-block-uagb-container uagb-block-f0327f24 alignfull uagb-is-root-container\"><div class=\"uagb-container-inner-blocks-wrap\">\n<div class=\"wp-block-buttons is-layout-flex wp-block-buttons-is-layout-flex\">\n<div class=\"wp-block-button has-custom-width wp-block-button__width-25 is-style-outline is-style-outline--5\" style=\"font-style:normal;font-weight:700\"><a class=\"wp-block-button__link has-very-light-gray-to-cyan-bluish-gray-gradient-background has-background wp-element-button\" href=\"https:\/\/www.mtess.gov.py\/wp-content\/uploads\/2024\/10\/3_Transparencia.pdf\" style=\"border-width:3px;border-radius:50px\">\u00a0Direcci\u00f3n Gral. Anticorrupci\u00f3n y Transparencia<\/a><\/div>\n\n\n\n<div class=\"wp-block-button has-custom-width wp-block-button__width-25 is-style-outline is-style-outline--6\" style=\"font-style:normal;font-weight:700\"><a class=\"wp-block-button__link has-very-light-gray-to-cyan-bluish-gray-gradient-background has-background wp-element-button\" href=\"https:\/\/www.mtess.gov.py\/wp-content\/uploads\/2024\/10\/4_Digafi.pdf\" style=\"border-width:3px;border-radius:50px\">\u00a0Direcci\u00f3n General de Administraci\u00f3n y Finanzas<\/a><\/div>\n\n\n\n<div class=\"wp-block-button has-custom-width wp-block-button__width-25 is-style-outline is-style-outline--7\" style=\"font-style:normal;font-weight:700\"><a class=\"wp-block-button__link has-very-light-gray-to-cyan-bluish-gray-gradient-background has-background wp-element-button\" href=\"https:\/\/www.mtess.gov.py\/wp-content\/uploads\/2024\/10\/5_Asesoria_Juridica.pdf\" style=\"border-width:3px;border-radius:50px\">\u00a0Direcci\u00f3n Gral. de Asesor\u00eda Jur\u00eddica<\/a><\/div>\n\n\n\n<div class=\"wp-block-button has-custom-width wp-block-button__width-25 is-style-outline is-style-outline--8\" style=\"font-style:normal;font-weight:700\"><a class=\"wp-block-button__link has-very-light-gray-to-cyan-bluish-gray-gradient-background has-background wp-element-button\" href=\"https:\/\/www.mtess.gov.py\/wp-content\/uploads\/2024\/10\/131._F_56_SINAFOCAL.pdf\" style=\"border-width:3px;border-radius:50px\">\u00a0Sistema Nacional de Formaci\u00f3n y Capacitaci\u00f3n Laboral<\/a><\/div>\n<\/div>\n\n\n\n<div class=\"wp-block-buttons is-layout-flex wp-block-buttons-is-layout-flex\">\n<div class=\"wp-block-button has-custom-width wp-block-button__width-25 is-style-outline is-style-outline--9\" style=\"font-style:normal;font-weight:700\"><a class=\"wp-block-button__link has-very-light-gray-to-cyan-bluish-gray-gradient-background has-background wp-element-button\" href=\"https:\/\/www.mtess.gov.py\/wp-content\/uploads\/2024\/10\/6_Planificacion.pdf\" style=\"border-width:3px;border-radius:50px\">\u00a0Direcci\u00f3n General de Planificaci\u00f3n<\/a><\/div>\n\n\n\n<div class=\"wp-block-button has-custom-width wp-block-button__width-25 is-style-outline is-style-outline--10\" style=\"font-style:normal;font-weight:700\"><a class=\"wp-block-button__link has-very-light-gray-to-cyan-bluish-gray-gradient-background has-background wp-element-button\" href=\"https:\/\/www.mtess.gov.py\/wp-content\/uploads\/2024\/10\/7_Observatorio.pdf\" style=\"border-width:3px;border-radius:50px\">\u00a0Direcci\u00f3n de Observatorio Laboral<\/a><\/div>\n\n\n\n<div class=\"wp-block-button has-custom-width wp-block-button__width-25 is-style-outline is-style-outline--11\" style=\"font-style:normal;font-weight:700\"><a class=\"wp-block-button__link has-very-light-gray-to-cyan-bluish-gray-gradient-background has-background wp-element-button\" href=\"https:\/\/www.mtess.gov.py\/wp-content\/uploads\/2024\/10\/128._F_56_DCIT.pdf\" style=\"border-width:2px;border-radius:50px\">\u00a0Direcci\u00f3n Coordinaci\u00f3n de Instancias Tripartitas<\/a><\/div>\n\n\n\n<div class=\"wp-block-button has-custom-width wp-block-button__width-25 is-style-outline is-style-outline--12\" style=\"font-style:normal;font-weight:700\"><a class=\"wp-block-button__link has-very-light-gray-to-cyan-bluish-gray-gradient-background has-background wp-element-button\" href=\"https:\/\/www.mtess.gov.py\/wp-content\/uploads\/2024\/10\/134._F_56_SNPP.pdf\" style=\"border-width:3px;border-radius:50px\">Servicio Nacional de Promoci\u00f3n Profesional<\/a><\/div>\n<\/div>\n<\/div><\/div>\n\n\n\n<p><\/p>\n","protected":false},"excerpt":{"rendered":"","protected":false},"author":3,"featured_media":0,"parent":0,"menu_order":0,"comment_status":"closed","ping_status":"closed","template":"","meta":{"_acf_changed":false,"_uag_custom_page_level_css":"","footnotes":""},"class_list":["post-28124","page","type-page","status-publish","hentry"],"acf":[],"uagb_featured_image_src":{"full":false,"thumbnail":false,"medium":false,"medium_large":false,"large":false,"1536x1536":false,"2048x2048":false,"depicter-thumbnail":false},"uagb_author_info":{"display_name":"Santiago Barrios","author_link":"https:\/\/www.mtess.gov.py\/?author=3"},"uagb_comment_info":0,"uagb_excerpt":null,"_links":{"self":[{"href":"https:\/\/www.mtess.gov.py\/index.php?rest_route=\/wp\/v2\/pages\/28124","targetHints":{"allow":["GET"]}}],"collection":[{"href":"https:\/\/www.mtess.gov.py\/index.php?rest_route=\/wp\/v2\/pages"}],"about":[{"href":"https:\/\/www.mtess.gov.py\/index.php?rest_route=\/wp\/v2\/types\/page"}],"author":[{"embeddable":true,"href":"https:\/\/www.mtess.gov.py\/index.php?rest_route=\/wp\/v2\/users\/3"}],"replies":[{"embeddable":true,"href":"https:\/\/www.mtess.gov.py\/index.php?rest_route=%2Fwp%2Fv2%2Fcomments&post=28124"}],"version-history":[{"count":3,"href":"https:\/\/www.mtess.gov.py\/index.php?rest_route=\/wp\/v2\/pages\/28124\/revisions"}],"predecessor-version":[{"id":28148,"href":"https:\/\/www.mtess.gov.py\/index.php?rest_route=\/wp\/v2\/pages\/28124\/revisions\/28148"}],"wp:attachment":[{"href":"https:\/\/www.mtess.gov.py\/index.php?rest_route=%2Fwp%2Fv2%2Fmedia&parent=28124"}],"curies":[{"name":"wp","href":"https:\/\/api.w.org\/{rel}","templated":true}]}}