{"id":28403,"date":"2024-10-03T14:13:49","date_gmt":"2024-10-03T18:13:49","guid":{"rendered":"https:\/\/bi.mtess.gov.py\/v1\/?page_id=28403"},"modified":"2025-08-12T13:41:40","modified_gmt":"2025-08-12T16:41:40","slug":"rendicion-de-cuentas-al-ciudadano-2021","status":"publish","type":"page","link":"https:\/\/www.mtess.gov.py\/?page_id=28403","title":{"rendered":"Rendici\u00f3n de Cuentas al Ciudadano 2021"},"content":{"rendered":"\n<p style=\"margin-right:10px;margin-left:10px\">El nuevo modelo de rendici\u00f3n de cuentas se desarrolla en base a la metodolog\u00eda establecida en el manual aprobado por el Decreto N\u00ba 2991\/19, que encarga a las autoridades de las instituciones del Poder Ejecutivo, a impulsar actividades de rendici\u00f3n sobre su gesti\u00f3n, dirigidos al sujeto destinatario del servicio (el ciudadano), de forma sencilla, amigable y en forma constante, motivando su colaboraci\u00f3n en los procesos de toma de decisiones.<\/p>\n\n\n\n<p style=\"margin-right:10px;margin-left:10px\">La coordinaci\u00f3n de las acciones recae sobre el Comit\u00e9 de Rendici\u00f3n de Cuentas al Ciudadano (CRCC), instancia constituida en las instituciones, con la misi\u00f3n de elaborar el plan de rendici\u00f3n de cuentas institucional y gestionar los mecanismos necesarios para dar avances al mismo, con la colaboraci\u00f3n activa y coordinada de todos sus miembros.<\/p>\n\n\n\n<p style=\"margin-right:10px;margin-left:10px\">El CRCC tiene el encargo de elaborar informes parciales peri\u00f3dicos y un informe final, con sus respetivas evidencias, que se ponen a disposici\u00f3n de la ciudadan\u00eda para el libre acceso y control.<\/p>\n\n\n\n<p style=\"margin-right:10px;margin-left:10px\">La Secretar\u00eda Nacional Anticorrupci\u00f3n es la instituci\u00f3n encargada de reglamentar y supervisar los procedimientos a fin promover el cumplimiento efectivo de las acciones de rendici\u00f3n orientados al ciudadano.<\/p>\n\n\n\n<div class=\"wp-block-kadence-spacer aligncenter kt-block-spacer-28403_7c3c8a-07\"><div class=\"kt-block-spacer kt-block-spacer-halign-center\"><hr class=\"kt-divider\"\/><\/div><\/div>\n\n\n\n<div class=\"wp-block-uagb-container uagb-block-ae38a717 alignfull uagb-is-root-container\">\n<figure class=\"wp-block-table\"><table class=\"has-fixed-layout\"><thead><tr><th>Ejercicio 2021<\/th><th>Archivo<\/th><\/tr><\/thead><tbody><tr><td>Decreto 2991\/2019<\/td><td><a href=\"https:\/\/www.mtess.gov.py\/wp-content\/uploads\/2024\/10\/Decreto_2991-19.pdf\" target=\"_blank\" rel=\"noreferrer noopener\">Descargue Aqu\u00ed<\/a><\/td><\/tr><tr><td>Conformaci\u00f3n del CRCC<\/td><td><a href=\"https:\/\/www.mtess.gov.py\/wp-content\/uploads\/2024\/10\/Conformacion_del_CRCC.pdf\" target=\"_blank\" rel=\"noreferrer noopener\">Descargue Aqu\u00ed<\/a><\/td><\/tr><tr><td>Plan de Rendici\u00f3n de Cuentas al Ciudadano 2021<\/td><td><a href=\"https:\/\/www.mtess.gov.py\/wp-content\/uploads\/2024\/10\/resolucion_mtess_269-2021.pdf\" target=\"_blank\" rel=\"noreferrer noopener\">Descargue Aqu\u00ed<\/a><\/td><\/tr><tr><td>Primer Informe Parcial de Rendici\u00f3n de Cuentas<\/td><td><a href=\"https:\/\/www.mtess.gov.py\/wp-content\/uploads\/2024\/10\/resolucion_mtess_269-2021.pdf\" target=\"_blank\" rel=\"noreferrer noopener\">Descargue Aqu\u00ed<\/a><\/td><\/tr><tr><td>Primer Informe Parcial de Rendici\u00f3n de Cuentas (Forma editable)<\/td><td><a href=\"https:\/\/www.mtess.gov.py\/application\/files\/4716\/1911\/5079\/Matriz_informe_Rendicion_de_Cuentas_2021.xlsx\" target=\"_blank\" rel=\"noreferrer noopener\">Desc<\/a><a href=\"https:\/\/www.mtess.gov.py\/wp-content\/uploads\/2024\/10\/Matriz_informe_Rendicion_de_Cuentas_2021.xlsx\" target=\"_blank\" rel=\"noreferrer noopener\">a<\/a><a href=\"https:\/\/www.mtess.gov.py\/application\/files\/4716\/1911\/5079\/Matriz_informe_Rendicion_de_Cuentas_2021.xlsx\" target=\"_blank\" rel=\"noreferrer noopener\">rgue Aqu\u00ed<\/a><\/td><\/tr><tr><td>Segundo Informe Parcial de Rendici\u00f3n de Cuentas<\/td><td><a href=\"https:\/\/www.mtess.gov.py\/wp-content\/uploads\/2024\/10\/Matriz_informe_Rendicion_de_Cuentas_2021.xlsx\" target=\"_blank\" rel=\"noreferrer noopener\">Descargue Aqu\u00ed<\/a><\/td><\/tr><tr><td>Segundo Informe Parcial de Rendici\u00f3n de Cuentas (Forma editable)<\/td><td><a href=\"https:\/\/www.mtess.gov.py\/wp-content\/uploads\/2024\/10\/SEGUNDO_INFORME_PARCIAL_2021Recuperado_automaticamente.xlsx\" target=\"_blank\" rel=\"noreferrer noopener\">Descargue Aqu\u00ed<\/a><\/td><\/tr><tr><td>Tercer Informe Parcial de Rendici\u00f3n de Cuentas<\/td><td><a href=\"https:\/\/www.mtess.gov.py\/wp-content\/uploads\/2024\/10\/Informe_CRCC.pdf\" target=\"_blank\" rel=\"noreferrer noopener\">Descargue Aqu\u00ed<\/a><\/td><\/tr><tr><td>Tercer Informe Parcial de Rendici\u00f3n de Cuentas (Forma editable)<\/td><td><a href=\"https:\/\/www.mtess.gov.py\/wp-content\/uploads\/2024\/10\/TERCER_INFORME_PARCIAL_2021f_editable.xlsx\" target=\"_blank\" rel=\"noreferrer noopener\">Descargue Aqu\u00ed<\/a><\/td><\/tr><\/tbody><\/table><\/figure>\n<\/div>\n\n\n\n<p><\/p>\n","protected":false},"excerpt":{"rendered":"<p>El nuevo modelo de rendici\u00f3n de cuentas se desarrolla en base a la metodolog\u00eda establecida en el manual aprobado por el Decreto N\u00ba 2991\/19, que encarga a las autoridades de las instituciones del Poder Ejecutivo, a impulsar actividades de rendici\u00f3n sobre su gesti\u00f3n, dirigidos al sujeto destinatario del servicio (el ciudadano), de forma sencilla, amigable [&hellip;]<\/p>\n","protected":false},"author":3,"featured_media":0,"parent":0,"menu_order":0,"comment_status":"closed","ping_status":"closed","template":"","meta":{"_acf_changed":false,"_uag_custom_page_level_css":"","footnotes":""},"class_list":["post-28403","page","type-page","status-publish","hentry"],"acf":[],"uagb_featured_image_src":{"full":false,"thumbnail":false,"medium":false,"medium_large":false,"large":false,"1536x1536":false,"2048x2048":false,"depicter-thumbnail":false},"uagb_author_info":{"display_name":"Santiago Barrios","author_link":"https:\/\/www.mtess.gov.py\/?author=3"},"uagb_comment_info":0,"uagb_excerpt":"El nuevo modelo de rendici\u00f3n de cuentas se desarrolla en base a la metodolog\u00eda establecida en el manual aprobado por el Decreto N\u00ba 2991\/19, que encarga a las autoridades de las instituciones del Poder Ejecutivo, a impulsar actividades de rendici\u00f3n sobre su gesti\u00f3n, dirigidos al sujeto destinatario del servicio (el ciudadano), de forma sencilla, amigable&hellip;","_links":{"self":[{"href":"https:\/\/www.mtess.gov.py\/index.php?rest_route=\/wp\/v2\/pages\/28403","targetHints":{"allow":["GET"]}}],"collection":[{"href":"https:\/\/www.mtess.gov.py\/index.php?rest_route=\/wp\/v2\/pages"}],"about":[{"href":"https:\/\/www.mtess.gov.py\/index.php?rest_route=\/wp\/v2\/types\/page"}],"author":[{"embeddable":true,"href":"https:\/\/www.mtess.gov.py\/index.php?rest_route=\/wp\/v2\/users\/3"}],"replies":[{"embeddable":true,"href":"https:\/\/www.mtess.gov.py\/index.php?rest_route=%2Fwp%2Fv2%2Fcomments&post=28403"}],"version-history":[{"count":3,"href":"https:\/\/www.mtess.gov.py\/index.php?rest_route=\/wp\/v2\/pages\/28403\/revisions"}],"predecessor-version":[{"id":31231,"href":"https:\/\/www.mtess.gov.py\/index.php?rest_route=\/wp\/v2\/pages\/28403\/revisions\/31231"}],"wp:attachment":[{"href":"https:\/\/www.mtess.gov.py\/index.php?rest_route=%2Fwp%2Fv2%2Fmedia&parent=28403"}],"curies":[{"name":"wp","href":"https:\/\/api.w.org\/{rel}","templated":true}]}}