{"id":30930,"date":"2025-08-08T08:13:17","date_gmt":"2025-08-08T11:13:17","guid":{"rendered":"https:\/\/www.mtess.gov.py\/?page_id=30930"},"modified":"2026-03-10T10:53:03","modified_gmt":"2026-03-10T13:53:03","slug":"rendicion-de-cuentas-al-ciudadano-2025","status":"publish","type":"page","link":"https:\/\/www.mtess.gov.py\/?page_id=30930","title":{"rendered":"Rendici\u00f3n de Cuentas al Ciudadano\u00a02025"},"content":{"rendered":"\n<div class=\"wp-block-uagb-container uagb-block-d20d94da alignfull uagb-is-root-container\"><div class=\"uagb-container-inner-blocks-wrap\">\n<p style=\"margin-top:0px;margin-right:10px;margin-bottom:0px;margin-left:10px\">El nuevo modelo de rendici\u00f3n de cuentas se desarrolla en base a la metodolog\u00eda establecida en el manual aprobado por el Decreto N\u00ba 2991\/19, que encarga a las autoridades de las instituciones del Poder Ejecutivo, a impulsar actividades de rendici\u00f3n sobre su gesti\u00f3n, dirigidos al sujeto destinatario del servicio (el ciudadano), de forma sencilla, amigable y en forma constante, motivando su colaboraci\u00f3n en los procesos de toma de decisiones.<\/p>\n\n\n\n<p style=\"margin-right:10px;margin-left:10px\">La coordinaci\u00f3n de las acciones recae sobre el Comit\u00e9 de Rendici\u00f3n de Cuentas al Ciudadano (CRCC), instancia constituida en las instituciones, con la misi\u00f3n de elaborar el plan de rendici\u00f3n de cuentas institucional y gestionar los mecanismos necesarios para dar avances al mismo, con la colaboraci\u00f3n activa y coordinada de todos sus miembros.<\/p>\n\n\n\n<p style=\"margin-right:10px;margin-left:10px\">El CRCC tiene el encargo de elaborar informes parciales peri\u00f3dicos y un informe final, con sus respectivas evidencias, que se ponen a disposici\u00f3n de la ciudadan\u00eda para el libre acceso y control.<\/p>\n\n\n\n<p style=\"margin-right:10px;margin-left:10px\">La Contralor\u00eda General de la Rep\u00fablica es la instituci\u00f3n encargada de reglamentar y supervisar los procedimientos a fin promover el cumplimiento efectivo de las acciones de rendici\u00f3n orientados al ciudadano, de conformidad a la Ley N\u00b0 7389\/2024 \u201cQUE ESTABLECE EL R\u00c9GIMEN NACIONAL DE INTEGRIDAD, TRANSPARENCIA Y PREVENCI\u00d3N DE LA CORRUPCI\u00d3N DE LA REP\u00daBLICA DELPARAGUAY\u201d.<\/p>\n<\/div><\/div>\n\n\n\n<div class=\"wp-block-uagb-container uagb-block-89fd2e2d alignfull uagb-is-root-container\"><div class=\"uagb-container-inner-blocks-wrap\">\n<div class=\"wp-block-uagb-container uagb-block-62e48102\">\n<figure class=\"wp-block-table is-style-regular\"><table class=\"has-fixed-layout\"><thead><tr><th>Ejercicio 2025<\/th><th>Archivos<\/th><\/tr><\/thead><tbody><tr><td>Ley N\u00b0 7389\/2024<\/td><td><strong><a href=\"https:\/\/www.mtess.gov.py\/wp-content\/uploads\/2025\/08\/La-Ley-N\u00b0-7389-24-de-Paraguay-establece-el-Regimen-Nacional-de-Integridad-Transparencia-y-Prevencion-de-la-Corrupcion.pdf\" data-type=\"link\" data-id=\"https:\/\/www.mtess.gov.py\/wp-content\/uploads\/2025\/08\/La-Ley-N\u00b0-7389-24-de-Paraguay-establece-el-Regimen-Nacional-de-Integridad-Transparencia-y-Prevencion-de-la-Corrupcion.pdf\">Descargue Aqu\u00ed<\/a><\/strong><\/td><\/tr><tr><td>Decreto 2991\/2019<\/td><td><strong><a href=\"https:\/\/www.mtess.gov.py\/wp-content\/uploads\/2024\/12\/Decreto-2991-2019.pdf\" data-type=\"link\" data-id=\"https:\/\/www.mtess.gov.py\/wp-content\/uploads\/2024\/12\/Decreto-2991-2019.pdf\">Descargue Aqu\u00ed<\/a><\/strong><\/td><\/tr><tr><td>Conformaci\u00f3n del CRC<\/td><td><a href=\"https:\/\/www.mtess.gov.py\/wp-content\/uploads\/2025\/08\/Resolucion-MTESS-N\u00b0-34-2023-Conformacion-CRCC-1.pdf\" data-type=\"link\" data-id=\"https:\/\/www.mtess.gov.py\/wp-content\/uploads\/2025\/08\/Resolucion-MTESS-N\u00b0-34-2023-Conformacion-CRCC-1.pdf\">Descargue Aqu\u00ed<\/a><\/td><\/tr><tr><td>Plan de Rendici\u00f3n de Cuentas al Ciudadano<\/td><td><strong><a href=\"https:\/\/www.mtess.gov.py\/wp-content\/uploads\/2025\/08\/Plan-de-Rendicion-de-Cuentas-al-Ciudadano-2025-MTESS-Resolucion-MTESS-No-190-2025-1.pdf\" data-type=\"link\" data-id=\"https:\/\/www.mtess.gov.py\/wp-content\/uploads\/2025\/08\/Plan-de-Rendicion-de-Cuentas-al-Ciudadano-2025-MTESS-Resolucion-MTESS-No-190-2025-1.pdf\">Descargue Aqu\u00ed<\/a><\/strong><\/td><\/tr><tr><td>Pol\u00edtica de Rendici\u00f3n de Cuentas al Ciudadano<\/td><td><strong><a href=\"https:\/\/www.mtess.gov.py\/wp-content\/uploads\/2025\/08\/Politica-de-Rendicion-de-Cuentas-al-Ciudadano-MTESS-1.pdf\" data-type=\"link\" data-id=\"https:\/\/www.mtess.gov.py\/wp-content\/uploads\/2025\/08\/Politica-de-Rendicion-de-Cuentas-al-Ciudadano-MTESS-1.pdf\">Descargue Aqu\u00ed<\/a><\/strong><\/td><\/tr><tr><td>Primer Informe Parcial de Rendici\u00f3n de Cuentas al Ciudadano 2025<\/td><td><strong><a href=\"https:\/\/www.mtess.gov.py\/wp-content\/uploads\/2025\/08\/Primer-Informe-Parcial-2025-CRCC-Matriz-Rendicion-de-Cuentas-2025-1.pdf\" data-type=\"link\" data-id=\"https:\/\/www.mtess.gov.py\/wp-content\/uploads\/2025\/08\/Primer-Informe-Parcial-2025-CRCC-Matriz-Rendicion-de-Cuentas-2025-1.pdf\">Descargue Aqu\u00ed<\/a><\/strong><\/td><\/tr><tr><td>Primer Informe Parcial de Rendici\u00f3n de Cuentas al Ciudadano 2025 Editable<\/td><td><strong><a href=\"https:\/\/www.mtess.gov.py\/wp-content\/uploads\/2025\/08\/Primer-Informe-Parcial-2025-CRCC-Matriz-Rendicion-de-Cuentas-2025-editable.xlsx\" data-type=\"link\" data-id=\"https:\/\/www.mtess.gov.py\/wp-content\/uploads\/2025\/08\/Primer-Informe-Parcial-2025-CRCC-Matriz-Rendicion-de-Cuentas-2025-editable.xlsx\">Descargue Aqu\u00ed<\/a><\/strong><\/td><\/tr><tr><td>Segundo Informe Parcial de Rendici\u00f3n de Cuentas al Ciudadano 2025 <\/td><td><strong><a href=\"https:\/\/www.mtess.gov.py\/wp-content\/uploads\/2025\/08\/Segundo-Informe-Parcial-2025-CRCC-Matriz-Rendicion-de-Cuentas-2025-_vf.pdf\">Descargue Aqu\u00ed<\/a><\/strong><\/td><\/tr><tr><td>Segundo Informe Parcial de Rendici\u00f3n de Cuentas al Ciudadano 2025 Editable<\/td><td><strong><a href=\"https:\/\/www.mtess.gov.py\/wp-content\/uploads\/2025\/08\/Segundo-Informe-Parcial-2025-CRCC-Matriz-Rendicion-de-Cuentas-2025-editable-v_final.xlsx\" data-type=\"link\" data-id=\"https:\/\/www.mtess.gov.py\/wp-content\/uploads\/2025\/08\/Segundo-Informe-Parcial-2025-CRCC-Matriz-Rendicion-de-Cuentas-2025-editable-v_final.xlsx\">Descargue Aqu\u00ed<\/a><\/strong><\/td><\/tr><tr><td>Tercer Informe Parcial de Rendici\u00f3n de Cuentas al Ciudadano 2025 <\/td><td><a href=\"https:\/\/www.mtess.gov.py\/wp-content\/uploads\/2025\/10\/Tercer-Informe-Parcial-2025-CRCC-Matriz-Rendicion-de-Cuentas-2025-_f9.pdf\" target=\"_blank\" rel=\"noreferrer noopener\">Descargue Aqu\u00ed<\/a><\/td><\/tr><tr><td>Tercer Informe Parcial de Rendici\u00f3n de Cuentas al Ciudadano 2025 Editable<\/td><td><a href=\"https:\/\/www.mtess.gov.py\/wp-content\/uploads\/2025\/10\/Tercer-Informe-Parcial-2025-CRCC-Matriz-Rendicion-de-Cuentas-2025.xlsx\" data-type=\"link\" data-id=\"https:\/\/www.mtess.gov.py\/wp-content\/uploads\/2025\/10\/Tercer-Informe-Parcial-2025-CRCC-Matriz-Rendicion-de-Cuentas-2025.xlsx\">Descargue Aqu\u00ed<\/a><\/td><\/tr><tr><td>Informe Final de Rendici\u00f3n de Cuentas al Ciudadano 2025<\/td><td><a href=\"https:\/\/www.mtess.gov.py\/wp-content\/uploads\/2026\/02\/Informe-Final-de-Rendicion-de-Cuentas-al-Ciudadano-2025-Matriz-de-Informe-RCC-2025-publicar-1.pdf\">Descargue Aqu\u00ed<\/a><\/td><\/tr><tr><td>Informe Final de Rendici\u00f3n de Cuentas al Ciudadano 2025 Editable<\/td><td><a href=\"https:\/\/www.mtess.gov.py\/wp-content\/uploads\/2026\/02\/Informe-Final-de-Rendicion-de-Cuentas-al-Ciudadano-2025-Matriz-de-Informe-RCC-2025-1.xlsx\">Descargue Aqu\u00ed<\/a><\/td><\/tr><tr><td>Memoria de Rendici\u00f3n de Cuentas al Ciudadano 2025<\/td><td><a href=\"https:\/\/www.mtess.gov.py\/wp-content\/uploads\/2026\/03\/Informe_Gestion_2025_MTESS_Vesrion-WEB_compressed.pdf\">Descargue Aqu\u00ed<\/a><\/td><\/tr><tr><td>Matriz de Indicadores 2025<\/td><td><\/td><\/tr><\/tbody><\/table><\/figure>\n<\/div>\n<\/div><\/div>\n\n\n\n<p><\/p>\n","protected":false},"excerpt":{"rendered":"<p>El nuevo modelo de rendici\u00f3n de cuentas se desarrolla en base a la metodolog\u00eda establecida en el manual aprobado por el Decreto N\u00ba 2991\/19, que encarga a las autoridades de las instituciones del Poder Ejecutivo, a impulsar actividades de rendici\u00f3n sobre su gesti\u00f3n, dirigidos al sujeto destinatario del servicio (el ciudadano), de forma sencilla, amigable [&hellip;]<\/p>\n","protected":false},"author":3,"featured_media":0,"parent":0,"menu_order":0,"comment_status":"closed","ping_status":"closed","template":"","meta":{"_acf_changed":false,"_uag_custom_page_level_css":"","footnotes":""},"class_list":["post-30930","page","type-page","status-publish","hentry"],"acf":[],"uagb_featured_image_src":{"full":false,"thumbnail":false,"medium":false,"medium_large":false,"large":false,"1536x1536":false,"2048x2048":false,"depicter-thumbnail":false},"uagb_author_info":{"display_name":"Santiago Barrios","author_link":"https:\/\/www.mtess.gov.py\/?author=3"},"uagb_comment_info":0,"uagb_excerpt":"El nuevo modelo de rendici\u00f3n de cuentas se desarrolla en base a la metodolog\u00eda establecida en el manual aprobado por el Decreto N\u00ba 2991\/19, que encarga a las autoridades de las instituciones del Poder Ejecutivo, a impulsar actividades de rendici\u00f3n sobre su gesti\u00f3n, dirigidos al sujeto destinatario del servicio (el ciudadano), de forma sencilla, amigable&hellip;","_links":{"self":[{"href":"https:\/\/www.mtess.gov.py\/index.php?rest_route=\/wp\/v2\/pages\/30930","targetHints":{"allow":["GET"]}}],"collection":[{"href":"https:\/\/www.mtess.gov.py\/index.php?rest_route=\/wp\/v2\/pages"}],"about":[{"href":"https:\/\/www.mtess.gov.py\/index.php?rest_route=\/wp\/v2\/types\/page"}],"author":[{"embeddable":true,"href":"https:\/\/www.mtess.gov.py\/index.php?rest_route=\/wp\/v2\/users\/3"}],"replies":[{"embeddable":true,"href":"https:\/\/www.mtess.gov.py\/index.php?rest_route=%2Fwp%2Fv2%2Fcomments&post=30930"}],"version-history":[{"count":49,"href":"https:\/\/www.mtess.gov.py\/index.php?rest_route=\/wp\/v2\/pages\/30930\/revisions"}],"predecessor-version":[{"id":35311,"href":"https:\/\/www.mtess.gov.py\/index.php?rest_route=\/wp\/v2\/pages\/30930\/revisions\/35311"}],"wp:attachment":[{"href":"https:\/\/www.mtess.gov.py\/index.php?rest_route=%2Fwp%2Fv2%2Fmedia&parent=30930"}],"curies":[{"name":"wp","href":"https:\/\/api.w.org\/{rel}","templated":true}]}}