{"id":31813,"date":"2025-10-06T12:43:07","date_gmt":"2025-10-06T15:43:07","guid":{"rendered":"https:\/\/www.mtess.gov.py\/?page_id=31813"},"modified":"2026-02-19T11:05:31","modified_gmt":"2026-02-19T14:05:31","slug":"declaracion-jurada-de-intereses","status":"publish","type":"page","link":"https:\/\/www.mtess.gov.py\/?page_id=31813","title":{"rendered":"Declaraci\u00f3n Jurada de Intereses"},"content":{"rendered":"\n<p><\/p>\n\n\n\n<div class=\"wp-block-uagb-container enlaces-botones uagb-block-9e013759 alignfull uagb-is-root-container\"><div class=\"uagb-container-inner-blocks-wrap\">\n<p><a href=\"https:\/\/www.mtess.gov.py\/?page_id=31820\" data-type=\"link\" data-id=\"https:\/\/www.mtess.gov.py\/?page_id=31820\" target=\"_self\" rel=\"noreferrer noopener\">Declaraci\u00f3n Jurada de intereses 2024<\/a><\/p>\n\n\n\n<p><a href=\"https:\/\/www.mtess.gov.py\/?page_id=31815\" data-type=\"link\" data-id=\"https:\/\/www.mtess.gov.py\/?page_id=31815\" target=\"_self\" rel=\"noreferrer noopener\">Declaraci\u00f3n Jurada de intereses 2025<\/a><\/p>\n\n\n\n<p class=\"has-medium-font-size\" style=\"border-style:none;border-width:0px\"><a href=\"https:\/\/www.mtess.gov.py\/?page_id=35185\" data-type=\"link\" data-id=\"https:\/\/www.mtess.gov.py\/?page_id=31815\">Declaraci\u00f3n Jurada de intereses 2026<\/a><\/p>\n<\/div><\/div>\n\n\n\n<p><\/p>\n\n\n\n<p><\/p>\n","protected":false},"excerpt":{"rendered":"<p>Declaraci\u00f3n Jurada de intereses 2024 Declaraci\u00f3n Jurada de intereses 2025 Declaraci\u00f3n Jurada de intereses 2026<\/p>\n","protected":false},"author":4,"featured_media":0,"parent":0,"menu_order":0,"comment_status":"closed","ping_status":"closed","template":"","meta":{"_acf_changed":false,"_uag_custom_page_level_css":"\/* \ud83c\udfa8 Botones modernos dentro del contenedor *\/\n.enlaces-botones p a {\n  display: inline-block;\n  background-color: #002053;   \/* Azul profundo *\/\n  color: #ffffff;             \/* Texto blanco *\/\n  padding: 12px 24px;\n  margin: 8px 10px 0 0;\n  border-radius: 10px;\n  text-decoration: none;\n  font-weight: 600;\n  font-size: 16px;\n  letter-spacing: 0.3px;\n  transition: all 0.3s ease;\n  box-shadow: 0 4px 8px rgba(0, 0, 0, 0.15);\n}\n\n\/* \u2728 Hover moderno *\/\n.enlaces-botones p a:hover {\n  background-color: #00153a;  \/* Azul m\u00e1s oscuro al pasar *\/\n  transform: translateY(-3px);\n  box-shadow: 0 6px 14px rgba(0, 0, 0, 0.25);\n}\n\n\/* \ud83d\udcd0 Centrado y separaci\u00f3n *\/\n.enlaces-botones {\n  text-align: center;\n  margin: 24px 0;\n}\n\n\/* \ud83c\udf10 Responsivo: que se vean bien en m\u00f3viles *\/\n@media (max-width: 600px) {\n  .enlaces-botones p a {\n    display: block;\n    margin: 10px auto;\n    width: 80%;\n    text-align: center;\n  }\n}","footnotes":""},"class_list":["post-31813","page","type-page","status-publish","hentry"],"acf":[],"uagb_featured_image_src":{"full":false,"thumbnail":false,"medium":false,"medium_large":false,"large":false,"1536x1536":false,"2048x2048":false,"depicter-thumbnail":false},"uagb_author_info":{"display_name":"Roberto Ayala","author_link":"https:\/\/www.mtess.gov.py\/?author=4"},"uagb_comment_info":0,"uagb_excerpt":"Declaraci\u00f3n Jurada de intereses 2024 Declaraci\u00f3n Jurada de intereses 2025 Declaraci\u00f3n Jurada de intereses 2026","_links":{"self":[{"href":"https:\/\/www.mtess.gov.py\/index.php?rest_route=\/wp\/v2\/pages\/31813","targetHints":{"allow":["GET"]}}],"collection":[{"href":"https:\/\/www.mtess.gov.py\/index.php?rest_route=\/wp\/v2\/pages"}],"about":[{"href":"https:\/\/www.mtess.gov.py\/index.php?rest_route=\/wp\/v2\/types\/page"}],"author":[{"embeddable":true,"href":"https:\/\/www.mtess.gov.py\/index.php?rest_route=\/wp\/v2\/users\/4"}],"replies":[{"embeddable":true,"href":"https:\/\/www.mtess.gov.py\/index.php?rest_route=%2Fwp%2Fv2%2Fcomments&post=31813"}],"version-history":[{"count":8,"href":"https:\/\/www.mtess.gov.py\/index.php?rest_route=\/wp\/v2\/pages\/31813\/revisions"}],"predecessor-version":[{"id":35196,"href":"https:\/\/www.mtess.gov.py\/index.php?rest_route=\/wp\/v2\/pages\/31813\/revisions\/35196"}],"wp:attachment":[{"href":"https:\/\/www.mtess.gov.py\/index.php?rest_route=%2Fwp%2Fv2%2Fmedia&parent=31813"}],"curies":[{"name":"wp","href":"https:\/\/api.w.org\/{rel}","templated":true}]}}