{"id":31815,"date":"2025-10-07T16:51:31","date_gmt":"2025-10-07T19:51:31","guid":{"rendered":"https:\/\/www.mtess.gov.py\/?page_id=31815"},"modified":"2026-02-19T10:52:55","modified_gmt":"2026-02-19T13:52:55","slug":"declaracion-jurada-de-intereses-2025","status":"publish","type":"page","link":"https:\/\/www.mtess.gov.py\/?page_id=31815","title":{"rendered":"Declaraci\u00f3n Jurada de Intereses 2025"},"content":{"rendered":"\n<p>&nbsp;<\/p>\n\n\n\n<div class=\"wp-block-uagb-container uagb-block-3f8a6395 alignfull uagb-is-root-container\"><div class=\"uagb-container-inner-blocks-wrap\">\n<p>Declaraci\u00f3n Jurada de Intereses &#8211; Ley N\u00b0 7089\/23, \u201cQue establece el r\u00e9gimen de prevenci\u00f3n, correcci\u00f3n y sanci\u00f3n de Conflictos de Intereses en la funci\u00f3n p\u00fablica\u201d, modificado por Ley N\u00b0 7236\/24 y reglamentada por la Resoluci\u00f3n CGR N\u00b0 154\/24 de la Contralor\u00eda General de la Rep\u00fablica.<\/p>\n\n\n\n<div class=\"wp-block-uagb-container uagb-block-37d18363\">\n<!-- Bootstrap 5 CSS -->\n<link href=\"https:\/\/cdn.jsdelivr.net\/npm\/bootstrap@5.3.0\/dist\/css\/bootstrap.min.css\" rel=\"stylesheet\">\n\n<div class=\"container mt-4\">\n    <div class=\"row justify-content-center\">\n        <div class=\"col-lg-12\">\n            <!-- A\u00f1o 2025 -->\n            <div class=\"card shadow-sm mb-5\">\n                  <div class=\"card-header bg-primary text-white text-center py-3\">\n                    <h2 class=\"mb-0\">\n                        <i class=\"fas fa-calendar-alt me-2\"><\/i>\n                        Periodo 2025\n                    <\/h2>\n                <\/div>\n                \n                <div class=\"card-body\">\n                    <!-- Altas 2025 -->\n                    <div class=\"mb-5\">\n                        <div class=\"d-flex align-items-center mb-4\">\n                            <i class=\"fas fa-file-excel fa-2x text-success me-3\"><\/i>\n                            <h3 class=\"mb-0 text-success\">Lista de Altas<\/h3>\n                        <\/div>\n                        \n                        <div class=\"row g-3\">\n                            <!-- Meses disponibles -->\n                            <div class=\"col-xl-3 col-lg-4 col-md-6\">\n                                <a href=\"https:\/\/www.mtess.gov.py\/wp-content\/uploads\/2025\/10\/LISTA-DE-DATOS-ALTAS-ENERO-2025-DJI-MTESS.xlsx\" \n                                   class=\"btn btn-outline-success w-100 h-100 text-start p-3 d-flex align-items-center\" \n                                   target=\"_blank\">\n                                    <i class=\"fas fa-download me-3 fs-5\"><\/i>\n                                    <div>\n                                        <strong class=\"d-block\">Enero<\/strong>\n                                        <small class=\"text-muted\">Lista de Datos &#8211; Altas<\/small>\n                                    <\/div>\n                                <\/a>\n                            <\/div>\n                            \n                            <div class=\"col-xl-3 col-lg-4 col-md-6\">\n                                <a href=\"https:\/\/www.mtess.gov.py\/wp-content\/uploads\/2025\/10\/LISTA-DE-DATOS-ALTAS-FEBRERO-2025-DJI-MTESS.xlsx\" \n                                   class=\"btn btn-outline-success w-100 h-100 text-start p-3 d-flex align-items-center\" \n                                   target=\"_blank\">\n                                    <i class=\"fas fa-download me-3 fs-5\"><\/i>\n                                    <div>\n                                        <strong class=\"d-block\">Febrero<\/strong>\n                                        <small class=\"text-muted\">Lista de Datos &#8211; Altas<\/small>\n                                    <\/div>\n                                <\/a>\n                            <\/div>\n                            \n                            <div class=\"col-xl-3 col-lg-4 col-md-6\">\n                                <a href=\"https:\/\/www.mtess.gov.py\/wp-content\/uploads\/2025\/10\/LISTA-DE-DATOS-ALTAS-MARZO-2025-DJI-MTESS.xlsx\" \n                                   class=\"btn btn-outline-success w-100 h-100 text-start p-3 d-flex align-items-center\" \n                                   target=\"_blank\">\n                                    <i class=\"fas fa-download me-3 fs-5\"><\/i>\n                                    <div>\n                                        <strong class=\"d-block\">Marzo<\/strong>\n                                        <small class=\"text-muted\">Lista de Datos &#8211; Altas<\/small>\n                                    <\/div>\n                                <\/a>\n                            <\/div>\n                            \n                            <div class=\"col-xl-3 col-lg-4 col-md-6\">\n                                <a href=\"https:\/\/www.mtess.gov.py\/wp-content\/uploads\/2025\/10\/LISTA-DE-DATOS-ALTAS-ABRIL-2025-DJI-MTESS.xlsx\" \n                                   class=\"btn btn-outline-success w-100 h-100 text-start p-3 d-flex align-items-center\" \n                                   target=\"_blank\">\n                                    <i class=\"fas fa-download me-3 fs-5\"><\/i>\n                                    <div>\n                                        <strong class=\"d-block\">Abril<\/strong>\n                                        <small class=\"text-muted\">Lista de Datos &#8211; Altas<\/small>\n                                    <\/div>\n                                <\/a>\n                            <\/div>\n                            \n                            <div class=\"col-xl-3 col-lg-4 col-md-6\">\n                                <a href=\"https:\/\/www.mtess.gov.py\/wp-content\/uploads\/2025\/10\/LISTA-DE-DATOS-ALTAS-MAYO-2025-DJI-MTESS.xlsx\" \n                                   class=\"btn btn-outline-success w-100 h-100 text-start p-3 d-flex align-items-center\" \n                                   target=\"_blank\">\n                                    <i class=\"fas fa-download me-3 fs-5\"><\/i>\n                                    <div>\n                                        <strong class=\"d-block\">Mayo<\/strong>\n                                        <small class=\"text-muted\">Lista de Datos &#8211; Altas<\/small>\n                                    <\/div>\n                                <\/a>\n                            <\/div>\n                            \n                            <div class=\"col-xl-3 col-lg-4 col-md-6\">\n                                <a href=\"https:\/\/www.mtess.gov.py\/wp-content\/uploads\/2025\/10\/LISTA-DE-DATOS-ALTAS-JUNIO-2025-DJI-MTESS.xlsx\" \n                                   class=\"btn btn-outline-success w-100 h-100 text-start p-3 d-flex align-items-center\" \n                                   target=\"_blank\">\n                                    <i class=\"fas fa-download me-3 fs-5\"><\/i>\n                                    <div>\n                                        <strong class=\"d-block\">Junio<\/strong>\n                                        <small class=\"text-muted\">Lista de Datos &#8211; Altas<\/small>\n                                    <\/div>\n                                <\/a>\n                            <\/div>\n                            \n                            <div class=\"col-xl-3 col-lg-4 col-md-6\">\n                                <a href=\"https:\/\/www.mtess.gov.py\/wp-content\/uploads\/2025\/10\/LISTA-DE-DATOS-ALTAS-JULIO-2025-DJI-MTESS.xlsx\" \n                                   class=\"btn btn-outline-success w-100 h-100 text-start p-3 d-flex align-items-center\" \n                                   target=\"_blank\">\n                                    <i class=\"fas fa-download me-3 fs-5\"><\/i>\n                                    <div>\n                                        <strong class=\"d-block\">Julio<\/strong>\n                                        <small class=\"text-muted\">Lista de Datos &#8211; Altas<\/small>\n                                    <\/div>\n                                <\/a>\n                            <\/div>\n                            \n                            <div class=\"col-xl-3 col-lg-4 col-md-6\">\n                                <a href=\"https:\/\/www.mtess.gov.py\/wp-content\/uploads\/2025\/10\/LISTA-DE-DATOS-ALTAS-AGOSTO-2025-DJI-MTESS.xlsx\" \n                                   class=\"btn btn-outline-success w-100 h-100 text-start p-3 d-flex align-items-center\" \n                                   target=\"_blank\">\n                                    <i class=\"fas fa-download me-3 fs-5\"><\/i>\n                                    <div>\n                                        <strong class=\"d-block\">Agosto<\/strong>\n                                        <small class=\"text-muted\">Lista de Datos &#8211; Altas<\/small>\n                                    <\/div>\n                                <\/a>\n                            <\/div>\n                            \n                           \n                          <div class=\"col-xl-3 col-lg-4 col-md-6\">\n                                <a href=\"https:\/\/www.mtess.gov.py\/wp-content\/uploads\/2026\/01\/LISTA-DE-DATOS-ALTAS-SEPTIEMBRE-2025-DJI-MTESS.xlsx\" \n                                   class=\"btn btn-outline-success w-100 h-100 text-start p-3 d-flex align-items-center\" \n                                   target=\"_blank\">\n                                    <i class=\"fas fa-download me-3 fs-5\"><\/i>\n                                    <div>\n                                        <strong class=\"d-block\">Septiempre<\/strong>\n                                        <small class=\"text-muted\">Lista de Datos &#8211; Altas<\/small>\n                                    <\/div>\n                                <\/a>\n                            <\/div>\n                            \n                               <div class=\"col-xl-3 col-lg-4 col-md-6\">\n                                <a href=\"https:\/\/www.mtess.gov.py\/wp-content\/uploads\/2026\/01\/LISTA-DE-DATOS-ALTAS-OCTUBRE-2025-DJI-MTESS.xlsx\" \n                                   class=\"btn btn-outline-success w-100 h-100 text-start p-3 d-flex align-items-center\" \n                                   target=\"_blank\">\n                                    <i class=\"fas fa-download me-3 fs-5\"><\/i>\n                                    <div>\n                                        <strong class=\"d-block\">Octubre<\/strong>\n                                        <small class=\"text-muted\">Lista de Datos &#8211; Altas<\/small>\n                                    <\/div>\n                                <\/a>\n                            <\/div>\n                            \n                            <div class=\"col-xl-3 col-lg-4 col-md-6\">\n                                <a href=\"https:\/\/www.mtess.gov.py\/wp-content\/uploads\/2026\/01\/LISTA-DE-DATOS-ALTAS-NOVIEMBRE-2025-DJI-MTESS.xlsx\" \n                                   class=\"btn btn-outline-success w-100 h-100 text-start p-3 d-flex align-items-center\" \n                                   target=\"_blank\">\n                                    <i class=\"fas fa-download me-3 fs-5\"><\/i>\n                                    <div>\n                                        <strong class=\"d-block\">Noviembre<\/strong>\n                                        <small class=\"text-muted\">Lista de Datos &#8211; Altas<\/small>\n                                    <\/div>\n                                <\/a>\n                            <\/div>\n                            \n                               <div class=\"col-xl-3 col-lg-4 col-md-6\">\n                                <a href=\"https:\/\/www.mtess.gov.py\/wp-content\/uploads\/2026\/01\/LISTA-DE-DATOS-ALTAS-DICIEMBRE-2025-DJI-MTESS.xlsx\" \n                                   class=\"btn btn-outline-success w-100 h-100 text-start p-3 d-flex align-items-center\" \n                                   target=\"_blank\">\n                                    <i class=\"fas fa-download me-3 fs-5\"><\/i>\n                                    <div>\n                                        <strong class=\"d-block\">Diciembre<\/strong>\n                                        <small class=\"text-muted\">Lista de Datos &#8211; Altas<\/small>\n                                    <\/div>\n                                <\/a>\n                            <\/div>\n                             <!-- Meses no disponibles -->\n                        <\/div>\n                    <\/div>\n                    \n                    <!-- Separador -->\n                    <hr class=\"my-5\">\n                    \n                    <!-- Bajas 2025 -->\n                    <div class=\"mb-4\">\n                        <div class=\"d-flex align-items-center mb-4\">\n                            <i class=\"fas fa-file-excel fa-2x text-danger me-3\"><\/i>\n                            <h3 class=\"mb-0 text-danger\">Lista de Bajas<\/h3>\n                        <\/div>\n                        \n                        <div class=\"row g-3\">\n                            <!-- Meses disponibles -->\n                            <div class=\"col-xl-3 col-lg-4 col-md-6\">\n                                <a href=\"https:\/\/www.mtess.gov.py\/wp-content\/uploads\/2025\/10\/LISTA-DE-DATOS-BAJAS-ENERO-2025-DJI-MTESS.xlsx\" \n                                   class=\"btn btn-outline-danger w-100 h-100 text-start p-3 d-flex align-items-center\" \n                                   target=\"_blank\">\n                                    <i class=\"fas fa-download me-3 fs-5\"><\/i>\n                                    <div>\n                                        <strong class=\"d-block\">Enero<\/strong>\n                                        <small class=\"text-muted\">Lista de Datos &#8211; Bajas<\/small>\n                                    <\/div>\n                                <\/a>\n                            <\/div>\n                            \n                            <div class=\"col-xl-3 col-lg-4 col-md-6\">\n                                <a href=\"https:\/\/www.mtess.gov.py\/wp-content\/uploads\/2025\/10\/LISTA-DE-DATOS-BAJAS-FEBRERO-2025-DJI-MTESS.xlsx\" \n                                   class=\"btn btn-outline-danger w-100 h-100 text-start p-3 d-flex align-items-center\" \n                                   target=\"_blank\">\n                                    <i class=\"fas fa-download me-3 fs-5\"><\/i>\n                                    <div>\n                                        <strong class=\"d-block\">Febrero<\/strong>\n                                        <small class=\"text-muted\">Lista de Datos &#8211; Bajas<\/small>\n                                    <\/div>\n                                <\/a>\n                            <\/div>\n                            \n                            <div class=\"col-xl-3 col-lg-4 col-md-6\">\n                                <a href=\"https:\/\/www.mtess.gov.py\/wp-content\/uploads\/2025\/10\/LISTA-DE-DATOS-BAJAS-MARZO-2025-DJI-MTESS.xlsx\" \n                                   class=\"btn btn-outline-danger w-100 h-100 text-start p-3 d-flex align-items-center\" \n                                   target=\"_blank\">\n                                    <i class=\"fas fa-download me-3 fs-5\"><\/i>\n                                    <div>\n                                        <strong class=\"d-block\">Marzo<\/strong>\n                                        <small class=\"text-muted\">Lista de Datos &#8211; Bajas<\/small>\n                                    <\/div>\n                                <\/a>\n                            <\/div>\n                            \n                            <div class=\"col-xl-3 col-lg-4 col-md-6\">\n                                <a href=\"https:\/\/www.mtess.gov.py\/wp-content\/uploads\/2025\/10\/LISTA-DE-DATOS-BAJAS-ABRIL-2025-DJI-MTESS.xlsx\" \n                                   class=\"btn btn-outline-danger w-100 h-100 text-start p-3 d-flex align-items-center\" \n                                   target=\"_blank\">\n                                    <i class=\"fas fa-download me-3 fs-5\"><\/i>\n                                    <div>\n                                        <strong class=\"d-block\">Abril<\/strong>\n                                        <small class=\"text-muted\">Lista de Datos &#8211; Bajas<\/small>\n                                    <\/div>\n                                <\/a>\n                            <\/div>\n                            \n                            <div class=\"col-xl-3 col-lg-4 col-md-6\">\n                                <a href=\"https:\/\/www.mtess.gov.py\/wp-content\/uploads\/2025\/10\/LISTA-DE-DATOS-BAJAS-MAYO-2025-DJI-MTESS.xlsx\" \n                                   class=\"btn btn-outline-danger w-100 h-100 text-start p-3 d-flex align-items-center\" \n                                   target=\"_blank\">\n                                    <i class=\"fas fa-download me-3 fs-5\"><\/i>\n                                    <div>\n                                        <strong class=\"d-block\">Mayo<\/strong>\n                                        <small class=\"text-muted\">Lista de Datos &#8211; Bajas<\/small>\n                                    <\/div>\n                                <\/a>\n                            <\/div>\n                            \n                            <div class=\"col-xl-3 col-lg-4 col-md-6\">\n                                <a href=\"https:\/\/www.mtess.gov.py\/wp-content\/uploads\/2025\/10\/LISTA-DE-DATOS-BAJAS-JUNIO-2025-DJI-MTESS.xlsx\" \n                                   class=\"btn btn-outline-danger w-100 h-100 text-start p-3 d-flex align-items-center\" \n                                   target=\"_blank\">\n                                    <i class=\"fas fa-download me-3 fs-5\"><\/i>\n                                    <div>\n                                        <strong class=\"d-block\">Junio<\/strong>\n                                        <small class=\"text-muted\">Lista de Datos &#8211; Bajas<\/small>\n                                    <\/div>\n                                <\/a>\n                            <\/div>\n                            \n                            <div class=\"col-xl-3 col-lg-4 col-md-6\">\n                                <a href=\"https:\/\/www.mtess.gov.py\/wp-content\/uploads\/2025\/10\/LISTA-DE-DATOS-BAJAS-JULIO-2025-DJI-MTESS.xlsx\" \n                                   class=\"btn btn-outline-danger w-100 h-100 text-start p-3 d-flex align-items-center\" \n                                   target=\"_blank\">\n                                    <i class=\"fas fa-download me-3 fs-5\"><\/i>\n                                    <div>\n                                        <strong class=\"d-block\">Julio<\/strong>\n                                        <small class=\"text-muted\">Lista de Datos &#8211; Bajas<\/small>\n                                    <\/div>\n                                <\/a>\n                            <\/div>\n                            \n                            <div class=\"col-xl-3 col-lg-4 col-md-6\">\n                                <a href=\"https:\/\/www.mtess.gov.py\/wp-content\/uploads\/2025\/10\/LISTA-DE-DATOS-BAJAS-AGOSTO-2025-DJI-MTESS.xlsx\" \n                                   class=\"btn btn-outline-danger w-100 h-100 text-start p-3 d-flex align-items-center\" \n                                   target=\"_blank\">\n                                    <i class=\"fas fa-download me-3 fs-5\"><\/i>\n                                    <div>\n                                        <strong class=\"d-block\">Agosto<\/strong>\n                                        <small class=\"text-muted\">Lista de Datos &#8211; Bajas<\/small>\n                                    <\/div>\n                                <\/a>\n                            <\/div>\n                            \n                        \n\n                            <div class=\"col-xl-3 col-lg-4 col-md-6\">\n                                <a href=\"https:\/\/www.mtess.gov.py\/wp-content\/uploads\/2026\/01\/LISTA-DE-DATOS-BAJAS-SEPTIEMBRE-2025-DJI-MTESS.xlsx\" \n                                   class=\"btn btn-outline-danger w-100 h-100 text-start p-3 d-flex align-items-center\" \n                                   target=\"_blank\">\n                                    <i class=\"fas fa-download me-3 fs-5\"><\/i>\n                                    <div>\n                                        <strong class=\"d-block\">Septiembre<\/strong>\n                                        <small class=\"text-muted\">Lista de Datos &#8211; Bajas<\/small>\n                                    <\/div>\n                                <\/a>\n                            <\/div>\n\n\n                            <div class=\"col-xl-3 col-lg-4 col-md-6\">\n                                <a href=\"https:\/\/www.mtess.gov.py\/wp-content\/uploads\/2026\/01\/LISTA-DE-DATOS-BAJAS-OCTUBRE-2025-DJI-MTESS.xlsx\" \n                                   class=\"btn btn-outline-danger w-100 h-100 text-start p-3 d-flex align-items-center\" \n                                   target=\"_blank\">\n                                    <i class=\"fas fa-download me-3 fs-5\"><\/i>\n                                    <div>\n                                        <strong class=\"d-block\">Octubre<\/strong>\n                                        <small class=\"text-muted\">Lista de Datos &#8211; Bajas<\/small>\n                                    <\/div>\n                                <\/a>\n                            <\/div>\n\n\n                            <div class=\"col-xl-3 col-lg-4 col-md-6\">\n                                <a href=\"https:\/\/www.mtess.gov.py\/wp-content\/uploads\/2026\/01\/LISTA-DE-DATOS-BAJAS-NOVIEMBRE-2025-DJI-MTESS.xlsx\" \n                                   class=\"btn btn-outline-danger w-100 h-100 text-start p-3 d-flex align-items-center\" \n                                   target=\"_blank\">\n                                    <i class=\"fas fa-download me-3 fs-5\"><\/i>\n                                    <div>\n                                        <strong class=\"d-block\">Noviembre<\/strong>\n                                        <small class=\"text-muted\">Lista de Datos &#8211; Bajas<\/small>\n                                    <\/div>\n                                <\/a>\n                            <\/div>\n\n\n                            <div class=\"col-xl-3 col-lg-4 col-md-6\">\n                                <a href=\"https:\/\/www.mtess.gov.py\/wp-content\/uploads\/2026\/01\/LISTA-DE-DATOS-BAJAS-DICIEMBRE-2025-DJI-MTESS.xlsx\" \n                                   class=\"btn btn-outline-danger w-100 h-100 text-start p-3 d-flex align-items-center\" \n                                   target=\"_blank\">\n                                    <i class=\"fas fa-download me-3 fs-5\"><\/i>\n                                    <div>\n                                        <strong class=\"d-block\">Diciembre<\/strong>\n                                        <small class=\"text-muted\">Lista de Datos &#8211; Bajas<\/small>\n                                    <\/div>\n                                <\/a>\n                            <\/div>\n                        <\/div>\n                    <\/div>\n                <\/div>\n            <\/div>\n        <\/div>\n    <\/div>\n<\/div>\n\n<!-- Bootstrap 5 JS -->\n<script src=\"https:\/\/cdn.jsdelivr.net\/npm\/bootstrap@5.3.0\/dist\/js\/bootstrap.bundle.min.js\"><\/script>\n<!-- Font Awesome -->\n<link rel=\"stylesheet\" href=\"https:\/\/cdnjs.cloudflare.com\/ajax\/libs\/font-awesome\/6.0.0\/css\/all.min.css\">\n<\/div>\n<\/div><\/div>\n","protected":false},"excerpt":{"rendered":"<p>&nbsp; Declaraci\u00f3n Jurada de Intereses &#8211; Ley N\u00b0 7089\/23, \u201cQue establece el r\u00e9gimen de prevenci\u00f3n, correcci\u00f3n y sanci\u00f3n de Conflictos de Intereses en la funci\u00f3n p\u00fablica\u201d, modificado por Ley N\u00b0 7236\/24 y reglamentada por la Resoluci\u00f3n CGR N\u00b0 154\/24 de la Contralor\u00eda General de la Rep\u00fablica. Periodo 2025 Lista de Altas Enero Lista de Datos [&hellip;]<\/p>\n","protected":false},"author":4,"featured_media":0,"parent":0,"menu_order":0,"comment_status":"closed","ping_status":"closed","template":"","meta":{"_acf_changed":false,"_uag_custom_page_level_css":"","footnotes":""},"class_list":["post-31815","page","type-page","status-publish","hentry"],"acf":[],"uagb_featured_image_src":{"full":false,"thumbnail":false,"medium":false,"medium_large":false,"large":false,"1536x1536":false,"2048x2048":false,"depicter-thumbnail":false},"uagb_author_info":{"display_name":"Roberto Ayala","author_link":"https:\/\/www.mtess.gov.py\/?author=4"},"uagb_comment_info":0,"uagb_excerpt":"&nbsp; Declaraci\u00f3n Jurada de Intereses &#8211; Ley N\u00b0 7089\/23, \u201cQue establece el r\u00e9gimen de prevenci\u00f3n, correcci\u00f3n y sanci\u00f3n de Conflictos de Intereses en la funci\u00f3n p\u00fablica\u201d, modificado por Ley N\u00b0 7236\/24 y reglamentada por la Resoluci\u00f3n CGR N\u00b0 154\/24 de la Contralor\u00eda General de la Rep\u00fablica. Periodo 2025 Lista de Altas Enero Lista de Datos&hellip;","_links":{"self":[{"href":"https:\/\/www.mtess.gov.py\/index.php?rest_route=\/wp\/v2\/pages\/31815","targetHints":{"allow":["GET"]}}],"collection":[{"href":"https:\/\/www.mtess.gov.py\/index.php?rest_route=\/wp\/v2\/pages"}],"about":[{"href":"https:\/\/www.mtess.gov.py\/index.php?rest_route=\/wp\/v2\/types\/page"}],"author":[{"embeddable":true,"href":"https:\/\/www.mtess.gov.py\/index.php?rest_route=\/wp\/v2\/users\/4"}],"replies":[{"embeddable":true,"href":"https:\/\/www.mtess.gov.py\/index.php?rest_route=%2Fwp%2Fv2%2Fcomments&post=31815"}],"version-history":[{"count":12,"href":"https:\/\/www.mtess.gov.py\/index.php?rest_route=\/wp\/v2\/pages\/31815\/revisions"}],"predecessor-version":[{"id":35189,"href":"https:\/\/www.mtess.gov.py\/index.php?rest_route=\/wp\/v2\/pages\/31815\/revisions\/35189"}],"wp:attachment":[{"href":"https:\/\/www.mtess.gov.py\/index.php?rest_route=%2Fwp%2Fv2%2Fmedia&parent=31815"}],"curies":[{"name":"wp","href":"https:\/\/api.w.org\/{rel}","templated":true}]}}