{"id":31940,"date":"2025-09-22T15:01:36","date_gmt":"2025-09-22T18:01:36","guid":{"rendered":"https:\/\/www.mtess.gov.py\/?page_id=31940"},"modified":"2025-11-06T10:49:42","modified_gmt":"2025-11-06T13:49:42","slug":"contacto-2","status":"publish","type":"page","link":"https:\/\/www.mtess.gov.py\/?page_id=31940","title":{"rendered":"Contacto"},"content":{"rendered":"\n<p><\/p>\n\n\n\n<div class=\"contacto-page\">\n\n  <div class=\"contacto-bloque\">\n    <h2>Direcci\u00f3n Central<\/h2>\n    <p><strong>Direcci\u00f3n:<\/strong> Luis A. de Herrera e\/ Paraguari<\/p>\n    <p><strong>Tel\u00e9fono:<\/strong> (+595 21) 729 &#8211; 0100<\/p>\n    <p><strong>Horario de Atenci\u00f3n:<\/strong> 07:00hs a 15:00hs<\/p>\n  <\/div>\n<div class=\"contacto-bloque\">\n    <h2>Recepci\u00f3n de Documentos en l\u00ednea<\/h2>\n    <p><a href=\"https:\/\/tramites.mtess.gov.py\/virtu\/documentos_virtu_add.php\" target=\"_blank\" class=\"btn-enlace\">Acceder al portal de recepci\u00f3n de documentos<\/a><\/p>\n    <p><strong>Correo electr\u00f3nico:<\/strong> <a href=\"mailto:secretariageneral@mtess.gov.py\">secretariageneral@mtess.gov.py<\/a><\/p>\n  <\/div>\n\n\n\n  <div class=\"contacto-bloque\">\n    <h2>Reclamos en general<\/h2>\n    <p><strong>Correo electr\u00f3nico:<\/strong> <a href=\"mailto:reclamos@mtess.gov.py\">reclamos@mtess.gov.py<\/a><\/p>\n  <\/div>\n\n  <div class=\"contacto-bloque\">\n    <h2>Direcci\u00f3n de Registro Obrero Patronal (REOP\/REGOBPAT)<\/h2>\n    <p><strong>Correo electr\u00f3nico:<\/strong> <a href=\"mailto:reop@mtess.gov.py\">reop@mtess.gov.py<\/a><\/p>\n    <p><strong>Tel\u00e9fono:<\/strong> (+595 21) 729 &#8211; 0100 \/ internos: 526; 554; 556<\/p>\n    <p><strong>Whatsapp:<\/strong> <a href=\"https:\/\/api.whatsapp.com\/send?phone=595986790101\" target=\"_blank\">(0986) 790 101<\/a><\/p>\n  <\/div>\n\n  <div class=\"contacto-bloque\">\n    <h2>Direcci\u00f3n de Salud y Seguridad Ocupacional<\/h2>\n    <p><strong>Correo electr\u00f3nico:<\/strong> <a href=\"mailto:dsso@mtess.gov.py\">dsso@mtess.gov.py<\/a><\/p>\n    <p><strong>Tel\u00e9fono:<\/strong> (0981) 401 082<\/p>\n  <\/div>\n\n  \n <div class=\"contacto-bloque\">\n  <h2>Quejas y Sugerencias<\/h2>\n  <p>Realice su queja y\/o sugerencia sobre los servicios que ofrece o recibi\u00f3 del Ministerio de Trabajo<\/p>\n  <p><a href=\"https:\/\/www.mtess.gov.py\/?page_id=31925\" class=\"btn-enlace\">Ir al Formulario<\/a><\/p>\n<\/div>\n\n<\/div>\n","protected":false},"excerpt":{"rendered":"<p>Direcci\u00f3n Central Direcci\u00f3n: Luis A. de Herrera e\/ Paraguari Tel\u00e9fono: (+595 21) 729 &#8211; 0100 Horario de Atenci\u00f3n: 07:00hs a 15:00hs Recepci\u00f3n de Documentos en l\u00ednea Acceder al portal de recepci\u00f3n de documentos Correo electr\u00f3nico: secretariageneral@mtess.gov.py Reclamos en general Correo electr\u00f3nico: reclamos@mtess.gov.py Direcci\u00f3n de Registro Obrero Patronal (REOP\/REGOBPAT) Correo electr\u00f3nico: reop@mtess.gov.py Tel\u00e9fono: (+595 21) 729 [&hellip;]<\/p>\n","protected":false},"author":9,"featured_media":0,"parent":0,"menu_order":0,"comment_status":"closed","ping_status":"closed","template":"","meta":{"_acf_changed":false,"_uag_custom_page_level_css":"\/* Contenedor de la p\u00e1gina de contacto *\/\n.contacto-page {\n  max-width: 900px;\n  margin: 0 auto;\n  padding: 30px 20px;\n  font-family: Arial, sans-serif;\n}\n\n\/* Bloques separados *\/\n.contacto-bloque {\n  background: #fff;\n  border: 1px solid #e1e1e1;\n  border-radius: 12px;\n  box-shadow: 0 4px 12px rgba(0,0,0,0.05);\n  padding: 25px;\n  margin-bottom: 25px;\n  transition: transform 0.2s ease, box-shadow 0.2s ease;\n}\n\n.contacto-bloque:hover {\n  transform: translateY(-3px);\n  box-shadow: 0 6px 18px rgba(0,0,0,0.08);\n}\n\n\/* T\u00edtulos *\/\n.contacto-bloque h2 {\n  margin-bottom: 15px;\n  font-size: 20px;\n  color: #004085;\n  font-weight: bold;\n  border-left: 5px solid #0156b3;\n  padding-left: 10px;\n}\n\n\/* P\u00e1rrafos *\/\n.contacto-bloque p {\n  margin: 8px 0;\n  font-size: 15px;\n  color: #333;\n}\n\n\/* Links *\/\n.contacto-bloque a {\n  color: #0156b3;\n  font-weight: 600;\n  text-decoration: none;\n}\n\n.contacto-bloque a:hover {\n  text-decoration: underline;\n}\n\n\/* Botones estilo enlace *\/\n.btn-enlace {\n  display: inline-block;\n  background: #0156b3;\n  color: #fff !important;\n  padding: 10px 18px;\n  border-radius: 8px;\n  font-size: 14px;\n  font-weight: bold;\n  text-decoration: none;\n  transition: background 0.3s ease;\n}\n\n.btn-enlace:hover {\n  background: #1063bc;\n}\n\n\n\n\n\n\n","footnotes":""},"class_list":["post-31940","page","type-page","status-publish","hentry"],"acf":[],"uagb_featured_image_src":{"full":false,"thumbnail":false,"medium":false,"medium_large":false,"large":false,"1536x1536":false,"2048x2048":false,"depicter-thumbnail":false},"uagb_author_info":{"display_name":"Junior Gonz\u00e1lez","author_link":"https:\/\/www.mtess.gov.py\/?author=9"},"uagb_comment_info":0,"uagb_excerpt":"Direcci\u00f3n Central Direcci\u00f3n: Luis A. de Herrera e\/ Paraguari Tel\u00e9fono: (+595 21) 729 &#8211; 0100 Horario de Atenci\u00f3n: 07:00hs a 15:00hs Recepci\u00f3n de Documentos en l\u00ednea Acceder al portal de recepci\u00f3n de documentos Correo electr\u00f3nico: secretariageneral@mtess.gov.py Reclamos en general Correo electr\u00f3nico: reclamos@mtess.gov.py Direcci\u00f3n de Registro Obrero Patronal (REOP\/REGOBPAT) Correo electr\u00f3nico: reop@mtess.gov.py Tel\u00e9fono: (+595 21) 729&hellip;","_links":{"self":[{"href":"https:\/\/www.mtess.gov.py\/index.php?rest_route=\/wp\/v2\/pages\/31940","targetHints":{"allow":["GET"]}}],"collection":[{"href":"https:\/\/www.mtess.gov.py\/index.php?rest_route=\/wp\/v2\/pages"}],"about":[{"href":"https:\/\/www.mtess.gov.py\/index.php?rest_route=\/wp\/v2\/types\/page"}],"author":[{"embeddable":true,"href":"https:\/\/www.mtess.gov.py\/index.php?rest_route=\/wp\/v2\/users\/9"}],"replies":[{"embeddable":true,"href":"https:\/\/www.mtess.gov.py\/index.php?rest_route=%2Fwp%2Fv2%2Fcomments&post=31940"}],"version-history":[{"count":7,"href":"https:\/\/www.mtess.gov.py\/index.php?rest_route=\/wp\/v2\/pages\/31940\/revisions"}],"predecessor-version":[{"id":32969,"href":"https:\/\/www.mtess.gov.py\/index.php?rest_route=\/wp\/v2\/pages\/31940\/revisions\/32969"}],"wp:attachment":[{"href":"https:\/\/www.mtess.gov.py\/index.php?rest_route=%2Fwp%2Fv2%2Fmedia&parent=31940"}],"curies":[{"name":"wp","href":"https:\/\/api.w.org\/{rel}","templated":true}]}}