{"id":34835,"date":"2026-01-28T11:46:23","date_gmt":"2026-01-28T14:46:23","guid":{"rendered":"https:\/\/www.mtess.gov.py\/?page_id=34835"},"modified":"2026-01-28T11:54:35","modified_gmt":"2026-01-28T14:54:35","slug":"galeria-de-fotos","status":"publish","type":"page","link":"https:\/\/www.mtess.gov.py\/?page_id=34835","title":{"rendered":"GALERIA DE FOTOS"},"content":{"rendered":"\n<div class=\"conaeti-contenedor-fijo\">\n    <style>\n        .conaeti-contenedor-fijo {\n            font-family: 'Nunito', sans-serif;\n            max-width: 1100px; \n            margin: 0 auto;\n            padding: 30px;\n            color: #333;\n        }\n\n        .conaeti-titulo-subrayado {\n            color: #003087 !important;\n            font-size: 24px !important;\n            margin: 0 0 25px 0 !important;\n            padding-bottom: 10px !important;\n            border-bottom: 3px solid #ee3124 !important;\n            font-weight: 800 !important;\n            text-transform: uppercase;\n            display: block;\n        }\n\n        .conaeti-grid-ajustado {\n            display: grid;\n            grid-template-columns: repeat(3, 1fr);\n            gap: 25px;\n            margin-bottom: 50px;\n        }\n\n        .conaeti-unidad {\n            display: flex;\n            flex-direction: column;\n            background-color: #fdfdfd; \/* Fondo blanco-gris muy tenue *\/\n            border: 1px solid #f0f0f0; \/* Borde muy suave *\/\n            border-radius: 10px;\n            overflow: hidden;\n            transition: all 0.3s ease;\n        }\n\n        \/* Efecto sutil al pasar el mouse *\/\n        .conaeti-unidad:hover {\n            border-color: #e0e0e0;\n            box-shadow: 0 5px 15px rgba(0,0,0,0.03);\n        }\n\n        .conaeti-foto-limpia {\n            width: 100%;\n            aspect-ratio: 4 \/ 3;\n            overflow: hidden;\n        }\n\n        .conaeti-foto-limpia img {\n            width: 100%;\n            height: 100%;\n            object-fit: cover;\n            display: block;\n            border: none;\n        }\n\n        .conaeti-leyenda {\n            padding: 15px 10px;\n            text-align: center;\n            color: #1e293b;\n            font-weight: 700;\n            font-size: 13px;\n            text-transform: uppercase;\n            line-height: 1.3;\n        }\n\n        \/* Ajustes de pantalla *\/\n        @media (max-width: 900px) {\n            .conaeti-grid-ajustado { grid-template-columns: repeat(2, 1fr); }\n        }\n        @media (max-width: 600px) {\n            .conaeti-grid-ajustado { grid-template-columns: 1fr; }\n            .conaeti-contenedor-fijo { padding: 15px; }\n            .conaeti-titulo-subrayado { font-size: 19px !important; }\n        }\n    <\/style>\n\n    <h2 class=\"conaeti-titulo-subrayado\">REUNIONES ORDINARIAS DE LA CONAETI A\u00d1O 2024<\/h2>\n    <div class=\"conaeti-grid-ajustado\">\n        <div class=\"conaeti-unidad\">\n            <div class=\"conaeti-foto-limpia\">\n                <img decoding=\"async\" src=\"https:\/\/www.mtess.gov.py\/wp-content\/uploads\/2026\/01\/Captura-de-pantalla-2026-01-28-105832.png\">\n            <\/div>\n            <div class=\"conaeti-leyenda\">Primera Reuni\u00f3n CONAETI 2024<\/div>\n        <\/div>\n        <div class=\"conaeti-unidad\">\n            <div class=\"conaeti-foto-limpia\">\n                <img decoding=\"async\" src=\"https:\/\/www.mtess.gov.py\/wp-content\/uploads\/2026\/01\/Captura-de-pantalla-2026-01-28-105846.png\">\n            <\/div>\n            <div class=\"conaeti-leyenda\">Segunda Reuni\u00f3n CONAETI 2024<\/div>\n        <\/div>\n        <div class=\"conaeti-unidad\">\n            <div class=\"conaeti-foto-limpia\">\n                <img decoding=\"async\" src=\"https:\/\/www.mtess.gov.py\/wp-content\/uploads\/2026\/01\/Captura-de-pantalla-2026-01-28-105855.png\">\n            <\/div>\n            <div class=\"conaeti-leyenda\">Tercera Reuni\u00f3n CONAETI 2024<\/div>\n        <\/div>\n        <div class=\"conaeti-unidad\">\n            <div class=\"conaeti-foto-limpia\">\n                <img decoding=\"async\" src=\"https:\/\/www.mtess.gov.py\/wp-content\/uploads\/2026\/01\/Captura-de-pantalla-2026-01-28-105901.png\">\n            <\/div>\n            <div class=\"conaeti-leyenda\">Cuarta Reuni\u00f3n CONAETI 2024<\/div>\n        <\/div>\n    <\/div>\n\n    <h2 class=\"conaeti-titulo-subrayado\" style=\"margin-top: 20px !important;\">REUNIONES ORDINARIAS DE LA CONAETI 2025<\/h2>\n    <div class=\"conaeti-grid-ajustado\">\n        <div class=\"conaeti-unidad\">\n            <div class=\"conaeti-foto-limpia\">\n                <img decoding=\"async\" src=\"https:\/\/www.mtess.gov.py\/wp-content\/uploads\/2026\/01\/Captura-de-pantalla-2026-01-28-105914.png\">\n            <\/div>\n            <div class=\"conaeti-leyenda\">Primera Reuni\u00f3n CONAETI 2025<\/div>\n        <\/div>\n        <div class=\"conaeti-unidad\">\n            <div class=\"conaeti-foto-limpia\">\n                <img decoding=\"async\" src=\"https:\/\/www.mtess.gov.py\/wp-content\/uploads\/2026\/01\/Captura-de-pantalla-2026-01-28-105921.png\">\n            <\/div>\n            <div class=\"conaeti-leyenda\">Segunda Reuni\u00f3n CONAETI 2025<\/div>\n        <\/div>\n        <div class=\"conaeti-unidad\">\n            <div class=\"conaeti-foto-limpia\">\n                <img decoding=\"async\" src=\"https:\/\/www.mtess.gov.py\/wp-content\/uploads\/2026\/01\/Captura-de-pantalla-2026-01-28-105932.png\">\n            <\/div>\n            <div class=\"conaeti-leyenda\">Tercera Reuni\u00f3n CONAETI 2025<\/div>\n        <\/div>\n        <div class=\"conaeti-unidad\">\n            <div class=\"conaeti-foto-limpia\">\n                <img decoding=\"async\" src=\"https:\/\/www.mtess.gov.py\/wp-content\/uploads\/2026\/01\/Captura-de-pantalla-2026-01-28-105939.png\">\n            <\/div>\n            <div class=\"conaeti-leyenda\">Cuarta Reuni\u00f3n CONAETI 2025<\/div>\n        <\/div>\n        <div class=\"conaeti-unidad\">\n            <div class=\"conaeti-foto-limpia\">\n                <img decoding=\"async\" src=\"https:\/\/www.mtess.gov.py\/wp-content\/uploads\/2026\/01\/Captura-de-pantalla-2026-01-28-105954.png\">\n            <\/div>\n            <div class=\"conaeti-leyenda\">Quinta Reuni\u00f3n CONAETI 2025<\/div>\n        <\/div>\n    <\/div>\n<\/div>\n\n\n\n<p><\/p>\n","protected":false},"excerpt":{"rendered":"<p>REUNIONES ORDINARIAS DE LA CONAETI A\u00d1O 2024 Primera Reuni\u00f3n CONAETI 2024 Segunda Reuni\u00f3n CONAETI 2024 Tercera Reuni\u00f3n CONAETI 2024 Cuarta Reuni\u00f3n CONAETI 2024 REUNIONES ORDINARIAS DE LA CONAETI 2025 Primera Reuni\u00f3n CONAETI 2025 Segunda Reuni\u00f3n CONAETI 2025 Tercera Reuni\u00f3n CONAETI 2025 Cuarta Reuni\u00f3n CONAETI 2025 Quinta Reuni\u00f3n CONAETI 2025<\/p>\n","protected":false},"author":3,"featured_media":0,"parent":0,"menu_order":0,"comment_status":"closed","ping_status":"closed","template":"","meta":{"_acf_changed":false,"_uag_custom_page_level_css":"","footnotes":""},"class_list":["post-34835","page","type-page","status-publish","hentry"],"acf":[],"uagb_featured_image_src":{"full":false,"thumbnail":false,"medium":false,"medium_large":false,"large":false,"1536x1536":false,"2048x2048":false,"depicter-thumbnail":false},"uagb_author_info":{"display_name":"Santiago Barrios","author_link":"https:\/\/www.mtess.gov.py\/?author=3"},"uagb_comment_info":0,"uagb_excerpt":"REUNIONES ORDINARIAS DE LA CONAETI A\u00d1O 2024 Primera Reuni\u00f3n CONAETI 2024 Segunda Reuni\u00f3n CONAETI 2024 Tercera Reuni\u00f3n CONAETI 2024 Cuarta Reuni\u00f3n CONAETI 2024 REUNIONES ORDINARIAS DE LA CONAETI 2025 Primera Reuni\u00f3n CONAETI 2025 Segunda Reuni\u00f3n CONAETI 2025 Tercera Reuni\u00f3n CONAETI 2025 Cuarta Reuni\u00f3n CONAETI 2025 Quinta Reuni\u00f3n CONAETI 2025","_links":{"self":[{"href":"https:\/\/www.mtess.gov.py\/index.php?rest_route=\/wp\/v2\/pages\/34835","targetHints":{"allow":["GET"]}}],"collection":[{"href":"https:\/\/www.mtess.gov.py\/index.php?rest_route=\/wp\/v2\/pages"}],"about":[{"href":"https:\/\/www.mtess.gov.py\/index.php?rest_route=\/wp\/v2\/types\/page"}],"author":[{"embeddable":true,"href":"https:\/\/www.mtess.gov.py\/index.php?rest_route=\/wp\/v2\/users\/3"}],"replies":[{"embeddable":true,"href":"https:\/\/www.mtess.gov.py\/index.php?rest_route=%2Fwp%2Fv2%2Fcomments&post=34835"}],"version-history":[{"count":3,"href":"https:\/\/www.mtess.gov.py\/index.php?rest_route=\/wp\/v2\/pages\/34835\/revisions"}],"predecessor-version":[{"id":34852,"href":"https:\/\/www.mtess.gov.py\/index.php?rest_route=\/wp\/v2\/pages\/34835\/revisions\/34852"}],"wp:attachment":[{"href":"https:\/\/www.mtess.gov.py\/index.php?rest_route=%2Fwp%2Fv2%2Fmedia&parent=34835"}],"curies":[{"name":"wp","href":"https:\/\/api.w.org\/{rel}","templated":true}]}}