{"id":35587,"date":"2026-04-16T08:07:47","date_gmt":"2026-04-16T11:07:47","guid":{"rendered":"https:\/\/www.mtess.gov.py\/?page_id=35587"},"modified":"2026-04-16T08:07:48","modified_gmt":"2026-04-16T11:07:48","slug":"tutoriales-reop","status":"publish","type":"page","link":"https:\/\/www.mtess.gov.py\/?page_id=35587","title":{"rendered":"TUTORIALES REOP"},"content":{"rendered":"\n<div class=\"wp-block-uagb-container uagb-block-85436946 alignfull uagb-is-root-container\"><div class=\"uagb-container-inner-blocks-wrap\">\n<!DOCTYPE html>\n<html lang=\"es\">\n<head>\n    <meta charset=\"UTF-8\">\n    <meta name=\"viewport\" content=\"width=device-width, initial-scale=1.0\">\n    <style>\n        :root {\n            --primary-color: #0056b3;\n            --secondary-color: #f8f9fa;\n            --text-color: #333;\n            --border-radius: 8px;\n        }\n\n        .video-container {\n            font-family: 'Segoe UI', Tahoma, Geneva, Verdana, sans-serif;\n            max-width: 1000px;\n            margin: 20px auto;\n            padding: 20px;\n        }\n\n        .video-grid {\n            display: grid;\n            grid-template-columns: repeat(auto-fit, minmax(300px, 1fr));\n            gap: 20px;\n        }\n\n        .video-card {\n            background: var(--secondary-color);\n            border: 1px solid #ddd;\n            border-radius: var(--border-radius);\n            padding: 15px;\n            transition: transform 0.2s, box-shadow 0.2s;\n            display: flex;\n            flex-direction: column;\n            justify-content: space-between;\n        }\n\n        .video-card:hover {\n            transform: translateY(-5px);\n            box-shadow: 0 4px 15px rgba(0,0,0,0.1);\n        }\n\n        .video-card h3 {\n            font-size: 1.1rem;\n            margin-top: 0;\n            color: var(--primary-color);\n            min-height: 3em;\n        }\n\n        .video-link {\n            display: inline-block;\n            text-decoration: none;\n            background-color: var(--primary-color);\n            color: white;\n            padding: 10px 15px;\n            border-radius: 5px;\n            text-align: center;\n            font-weight: bold;\n            margin-top: 10px;\n        }\n\n        .video-link:hover {\n            background-color: #004494;\n        }\n\n        .platform-tag {\n            font-size: 0.8rem;\n            color: #666;\n            margin-bottom: 5px;\n            text-transform: uppercase;\n            font-weight: bold;\n        }\n    <\/style>\n<\/head>\n<body>\n\n<div class=\"video-container\">\n   \n    <div class=\"video-grid\">\n\n        <div class=\"video-card\">\n            <span class=\"platform-tag\">TikTok<\/span>\n            <h3>Adhesi\u00f3n al programa Emplea Py Joven<\/h3>\n            <a href=\"https:\/\/www.tiktok.com\/@ministeriodetrabajo1\/video\/7545119357731441926\" target=\"_blank\" class=\"video-link\">Ver Tutorial<\/a>\n        <\/div>\n\n        <div class=\"video-card\">\n            <span class=\"platform-tag\">TikTok<\/span>\n            <h3>Declarar vacancias laborales &#8211; Emplea Py Joven<\/h3>\n            <a href=\"https:\/\/www.tiktok.com\/@ministeriodetrabajo1\/video\/7547723247249313030\" target=\"_blank\" class=\"video-link\">Ver Tutorial<\/a>\n        <\/div>\n\n        <div class=\"video-card\">\n            <span class=\"platform-tag\">YouTube<\/span>\n            <h3>Entrada de empleados al IPS (Emplea Py Joven)<\/h3>\n            <a href=\"https:\/\/www.youtube.com\/watch?v=E9lU8ZndAdc&#038;t=1s\" target=\"_blank\" class=\"video-link\">Ver Tutorial<\/a>\n        <\/div>\n\n        <div class=\"video-card\">\n            <span class=\"platform-tag\">TikTok<\/span>\n            <h3>Generar recibos de salarios electr\u00f3nicamente<\/h3>\n            <a href=\"https:\/\/www.tiktok.com\/@ministeriodetrabajo1\/video\/7571093896915127563\" target=\"_blank\" class=\"video-link\">Ver Tutorial<\/a>\n        <\/div>\n\n        <div class=\"video-card\">\n            <span class=\"platform-tag\">YouTube<\/span>\n            <h3>Comunicaci\u00f3n de salarios y recibos electr\u00f3nicos<\/h3>\n            <a href=\"https:\/\/www.youtube.com\/watch?v=-X3Sus1I1S0&#038;t=3327s\" target=\"_blank\" class=\"video-link\">Ver Tutorial<\/a>\n        <\/div>\n\n        <div class=\"video-card\">\n            <span class=\"platform-tag\">Instagram<\/span>\n            <h3>Comunicaci\u00f3n de sucursales<\/h3>\n            <a href=\"https:\/\/www.instagram.com\/reel\/DXJ1Q9ZCZV-\/?igsh=Y3d2NzN0OTl2NmRn\" target=\"_blank\" class=\"video-link\">Ver Tutorial<\/a>\n        <\/div>\n\n        <div class=\"video-card\">\n            <span class=\"platform-tag\">TikTok<\/span>\n            <h3>Fraccionamiento de multas (REOP)<\/h3>\n            <a href=\"https:\/\/www.tiktok.com\/@ministeriodetrabajo1\/video\/7555890908562984248\" target=\"_blank\" class=\"video-link\">Ver Tutorial<\/a>\n        <\/div>\n\n        <div class=\"video-card\">\n            <span class=\"platform-tag\">TikTok<\/span>\n            <h3>Actualizaci\u00f3n de datos (REOP)<\/h3>\n            <a href=\"https:\/\/www.tiktok.com\/@ministeriodetrabajo1\/video\/7541079156918881592\" target=\"_blank\" class=\"video-link\">Ver Tutorial<\/a>\n        <\/div>\n\n        <div class=\"video-card\">\n            <span class=\"platform-tag\">YouTube<\/span>\n            <h3>Reglamento Interno de Trabajo<\/h3>\n            <a href=\"https:\/\/www.youtube.com\/watch?v=kYja1fsfJOM\" target=\"_blank\" class=\"video-link\">Ver Tutorial<\/a>\n        <\/div>\n\n        <div class=\"video-card\">\n            <span class=\"platform-tag\">YouTube<\/span>\n            <h3>Suspensi\u00f3n de Contratos de Trabajo<\/h3>\n            <a href=\"https:\/\/www.youtube.com\/watch?v=3mjnYjllVlw\" target=\"_blank\" class=\"video-link\">Ver Tutorial<\/a>\n        <\/div>\n\n    <\/div>\n<\/div>\n\n<\/body>\n<\/html>\n<\/div><\/div>\n","protected":false},"excerpt":{"rendered":"<p>TikTok Adhesi\u00f3n al programa Emplea Py Joven Ver Tutorial TikTok Declarar vacancias laborales &#8211; Emplea Py Joven Ver Tutorial YouTube Entrada de empleados al IPS (Emplea Py Joven) Ver Tutorial TikTok Generar recibos de salarios electr\u00f3nicamente Ver Tutorial YouTube Comunicaci\u00f3n de salarios y recibos electr\u00f3nicos Ver Tutorial Instagram Comunicaci\u00f3n de sucursales Ver Tutorial TikTok Fraccionamiento [&hellip;]<\/p>\n","protected":false},"author":3,"featured_media":0,"parent":0,"menu_order":0,"comment_status":"closed","ping_status":"closed","template":"","meta":{"_acf_changed":false,"_uag_custom_page_level_css":"","footnotes":""},"class_list":["post-35587","page","type-page","status-publish","hentry"],"acf":[],"uagb_featured_image_src":{"full":false,"thumbnail":false,"medium":false,"medium_large":false,"large":false,"1536x1536":false,"2048x2048":false,"depicter-thumbnail":false},"uagb_author_info":{"display_name":"Santiago Barrios","author_link":"https:\/\/www.mtess.gov.py\/?author=3"},"uagb_comment_info":0,"uagb_excerpt":"TikTok Adhesi\u00f3n al programa Emplea Py Joven Ver Tutorial TikTok Declarar vacancias laborales &#8211; Emplea Py Joven Ver Tutorial YouTube Entrada de empleados al IPS (Emplea Py Joven) Ver Tutorial TikTok Generar recibos de salarios electr\u00f3nicamente Ver Tutorial YouTube Comunicaci\u00f3n de salarios y recibos electr\u00f3nicos Ver Tutorial Instagram Comunicaci\u00f3n de sucursales Ver Tutorial TikTok Fraccionamiento&hellip;","_links":{"self":[{"href":"https:\/\/www.mtess.gov.py\/index.php?rest_route=\/wp\/v2\/pages\/35587","targetHints":{"allow":["GET"]}}],"collection":[{"href":"https:\/\/www.mtess.gov.py\/index.php?rest_route=\/wp\/v2\/pages"}],"about":[{"href":"https:\/\/www.mtess.gov.py\/index.php?rest_route=\/wp\/v2\/types\/page"}],"author":[{"embeddable":true,"href":"https:\/\/www.mtess.gov.py\/index.php?rest_route=\/wp\/v2\/users\/3"}],"replies":[{"embeddable":true,"href":"https:\/\/www.mtess.gov.py\/index.php?rest_route=%2Fwp%2Fv2%2Fcomments&post=35587"}],"version-history":[{"count":1,"href":"https:\/\/www.mtess.gov.py\/index.php?rest_route=\/wp\/v2\/pages\/35587\/revisions"}],"predecessor-version":[{"id":35590,"href":"https:\/\/www.mtess.gov.py\/index.php?rest_route=\/wp\/v2\/pages\/35587\/revisions\/35590"}],"wp:attachment":[{"href":"https:\/\/www.mtess.gov.py\/index.php?rest_route=%2Fwp%2Fv2%2Fmedia&parent=35587"}],"curies":[{"name":"wp","href":"https:\/\/api.w.org\/{rel}","templated":true}]}}