{"id":35684,"date":"2026-04-22T14:32:41","date_gmt":"2026-04-22T17:32:41","guid":{"rendered":"https:\/\/www.mtess.gov.py\/?page_id=35684"},"modified":"2026-04-22T14:43:58","modified_gmt":"2026-04-22T17:43:58","slug":"historial-2026","status":"publish","type":"page","link":"https:\/\/www.mtess.gov.py\/?page_id=35684","title":{"rendered":"Historial 2026"},"content":{"rendered":"\n<div class=\"wp-block-uagb-container uagb-block-b682b023 alignfull uagb-is-root-container\"><div class=\"uagb-container-inner-blocks-wrap\">\n<style>\n        \/* Encapsulated styles for the 'resumen' section *\/\n        .resumen-anual-container {\n            width: 80%;\n            margin: 20px auto;\n            font-family: Arial, sans-serif;\n        }\n        \n        .resumen-anual-titulo {\n            color: #000000;\n            font-size: 18px;\n            font-weight: bold;\n            text-align: left;\n            margin-bottom: 10px;\n        }\n        \n        .resumen-anual-box {\n            background-color: #F8F8F8;\n            padding: 15px;\n            border: 1px solid #E0E0E0;\n            border-radius: 8px;\n            box-shadow: 0 2px 8px rgba(0, 0, 0, 0.1);\n            text-align: center;\n            font-size: 18px;\n            font-weight: bold;\n            color: #2F4F4F;\n            transition: background-color 0.3s ease, box-shadow 0.3s ease;\n        }\n\n        .resumen-anual-box a {\n            text-decoration: none;\n            color: inherit; \/* Inheriting the color from the parent *\/\n        }\n        \n        .resumen-anual-box:hover {\n            background-color: #E0E0E0;\n            box-shadow: 0 4px 12px rgba(0, 0, 0, 0.15);\n        }\n        \n        .resumen-anual-divider {\n            width: 100%;\n            height: 1px;\n            background-color: #E0E0E0;\n            margin: 15px 0;\n        }\n\n        #seccion-presupuesto {\n            width: 1200px; \/* Tama\u00f1o del contenedor *\/\n            padding: 20px;\n            border-radius: 8px;\n            text-align: left; \/* Alineaci\u00f3n a la izquierda *\/\n            background: none; \/* Sin fondo *\/\n            box-shadow: none; \/* Sin sombra *\/\n            margin: 0 auto; \/* Centrar el contenedor horizontalmente *\/\n        }\n\n        #seccion-presupuesto .titulo {\n            color: #000; \/* Color negro para el t\u00edtulo *\/\n            font-family: Arial, sans-serif; \/* Fuente Arial para el t\u00edtulo *\/\n            font-weight: bold; \/* Negrita para el t\u00edtulo *\/\n            font-size: 18px; \/* Tama\u00f1o de fuente reducido *\/\n            margin-bottom: 20px; \/* Espacio debajo del t\u00edtulo *\/\n        }\n\n        #seccion-presupuesto .mes {\n            font-size: 18px; \/* Tama\u00f1o de fuente para el mes *\/\n            font-weight: bold; \/* Negrita para el mes *\/\n            margin-bottom: 20px; \/* Espacio debajo del mes *\/\n            padding: 10px;\n            background-color: #f9f9f9; \/* Fondo para la secci\u00f3n del mes *\/\n            border-radius: 5px; \/* Bordes redondeados *\/\n            box-shadow: 0 2px 5px rgba(0, 0, 0, 0.1); \/* Sombra suave *\/\n        }\n\n        #seccion-presupuesto .enlaces {\n            display: flex;\n            flex-wrap: wrap;\n            justify-content: center;\n            gap: 15px; \/* Espacio entre los enlaces *\/\n        }\n\n        #seccion-presupuesto .enlace {\n            display: inline-block;\n            background-color: #f0f0f0; \/* Color de fondo m\u00e1s claro para los enlaces *\/\n            color: #333;\n            padding: 15px 25px; \/* Padding ajustado para un mejor espaciado *\/\n            border-radius: 5px;\n            text-decoration: none;\n            transition: background-color 0.3s, transform 0.3s; \/* A\u00f1adido efecto de transformaci\u00f3n *\/\n        }\n\n        #seccion-presupuesto .enlace:hover {\n            background-color: #e0e0e0; \/* Color al pasar el cursor *\/\n            transform: scale(1.05); \/* Efecto de escalado al pasar el cursor *\/\n        }\n\n    <\/style>\n\n    <div class=\"resumen-anual-container\">\n        \n        <div class=\"resumen-anual-divider\"><\/div>\n        <div class=\"resumen-anual-box\">\n            <a href=\"#\" class=\"enlace\" target=\"_blank\" rel=\"noopener\">Resumen anual de Pagos 2026<\/a>\n        <\/div>\n    <\/div>\n\n    <div style=\"width: 100%; margin: 0 auto; text-align: center; padding: 20px;\">\n        <h2 style=\"font-size: 18px; color: #000; text-align: left; margin-bottom: 30px; font-weight: bold; font-family: Arial, sans-serif;\">\n            NOMINA DE FUNCIONARIOS\n        <\/h2>\n        <div style=\"display: grid; grid-template-columns: repeat(3, 1fr); gap: 10px;\">\n            <a href=\"https:\/\/www.mtess.gov.py\/wp-content\/uploads\/2026\/04\/01.-LEY-DE-TRANSPARENCIA-ENERO-2026.xlsx\" style=\"text-decoration: none;\">\n                <div style=\"background-color: #f7f7f7; border: 1px solid #ddd; padding: 20px; text-align: center; font-size: 14px; color: #4b4f56; font-weight: bold; transition: background-color 0.3s ease; font-family: Arial, sans-serif;\" onmouseover=\"this.style.backgroundColor='#e0e0e0'\" onmouseout=\"this.style.backgroundColor='#f7f7f7'\">ENERO<\/div>\n            <\/a>\n            <a href=\"https:\/\/www.mtess.gov.py\/wp-content\/uploads\/2026\/04\/02._LEY_DE_TRANSPARENCIA_-_FEBRERO_2026.xlsx\" style=\"text-decoration: none;\">\n                <div style=\"background-color: #f7f7f7; border: 1px solid #ddd; padding: 20px; text-align: center; font-size: 14px; color: #4b4f56; font-weight: bold; transition: background-color 0.3s ease; font-family: Arial, sans-serif;\" onmouseover=\"this.style.backgroundColor='#e0e0e0'\" onmouseout=\"this.style.backgroundColor='#f7f7f7'\">FEBRERO<\/div>\n            <\/a>\n            <a href=\"https:\/\/www.mtess.gov.py\/wp-content\/uploads\/2026\/04\/03._LEY_DE_TRANSPARENCIA_-_MARZO_2026-2.xlsx\" style=\"text-decoration: none;\">\n                <div style=\"background-color: #f7f7f7; border: 1px solid #ddd; padding: 20px; text-align: center; font-size: 14px; color: #4b4f56; font-weight: bold; transition: background-color 0.3s ease; font-family: Arial, sans-serif;\" onmouseover=\"this.style.backgroundColor='#e0e0e0'\" onmouseout=\"this.style.backgroundColor='#f7f7f7'\">MARZO<\/div>\n            <\/a>\n            <a href=\"#\" style=\"text-decoration: none;\">\n                <div style=\"background-color: #f7f7f7; border: 1px solid #ddd; padding: 20px; text-align: center; font-size: 14px; color: #4b4f56; font-weight: bold; transition: background-color 0.3s ease; font-family: Arial, sans-serif;\" onmouseover=\"this.style.backgroundColor='#e0e0e0'\" onmouseout=\"this.style.backgroundColor='#f7f7f7'\">ABRIL<\/div>\n            <\/a>\n            <a href=\"#\" style=\"text-decoration: none;\">\n                <div style=\"background-color: #f7f7f7; border: 1px solid #ddd; padding: 20px; text-align: center; font-size: 14px; color: #4b4f56; font-weight: bold; transition: background-color 0.3s ease; font-family: Arial, sans-serif;\" onmouseover=\"this.style.backgroundColor='#e0e0e0'\" onmouseout=\"this.style.backgroundColor='#f7f7f7'\">MAYO<\/div>\n            <\/a>\n            <a href=\"#\" style=\"text-decoration: none;\">\n                <div style=\"background-color: #f7f7f7; border: 1px solid #ddd; padding: 20px; text-align: center; font-size: 14px; color: #4b4f56; font-weight: bold; transition: background-color 0.3s ease; font-family: Arial, sans-serif;\" onmouseover=\"this.style.backgroundColor='#e0e0e0'\" onmouseout=\"this.style.backgroundColor='#f7f7f7'\">JUNIO<\/div>\n            <\/a>\n            <a href=\"#\" style=\"text-decoration: none;\">\n                <div style=\"background-color: #f7f7f7; border: 1px solid #ddd; padding: 20px; text-align: center; font-size: 14px; color: #4b4f56; font-weight: bold; transition: background-color 0.3s ease; font-family: Arial, sans-serif;\" onmouseover=\"this.style.backgroundColor='#e0e0e0'\" onmouseout=\"this.style.backgroundColor='#f7f7f7'\">JULIO<\/div>\n            <\/a>\n            <a href=\"#\" style=\"text-decoration: none;\">\n                <div style=\"background-color: #f7f7f7; border: 1px solid #ddd; padding: 20px; text-align: center; font-size: 14px; color: #4b4f56; font-weight: bold; transition: background-color 0.3s ease; font-family: Arial, sans-serif;\" onmouseover=\"this.style.backgroundColor='#e0e0e0'\" onmouseout=\"this.style.backgroundColor='#f7f7f7'\">AGOSTO<\/div>\n            <\/a>\n            <a href=\"#\" style=\"text-decoration: none;\">\n                <div style=\"background-color: #f7f7f7; border: 1px solid #ddd; padding: 20px; text-align: center; font-size: 14px; color: #4b4f56; font-weight: bold; transition: background-color 0.3s ease; font-family: Arial, sans-serif;\" onmouseover=\"this.style.backgroundColor='#e0e0e0'\" onmouseout=\"this.style.backgroundColor='#f7f7f7'\">SETIEMBRE<\/div>\n            <\/a>\n            <a href=\"#\" style=\"text-decoration: none;\">\n                <div style=\"background-color: #f7f7f7; border: 1px solid #ddd; padding: 20px; text-align: center; font-size: 14px; color: #4b4f56; font-weight: bold; transition: background-color 0.3s ease; font-family: Arial, sans-serif;\" onmouseover=\"this.style.backgroundColor='#e0e0e0'\" onmouseout=\"this.style.backgroundColor='#f7f7f7'\">OCTUBRE<\/div>\n            <\/a>\n            <a href=\"#\" style=\"text-decoration: none;\">\n                <div style=\"background-color: #f7f7f7; border: 1px solid #ddd; padding: 20px; text-align: center; font-size: 14px; color: #4b4f56; font-weight: bold; transition: background-color 0.3s ease; font-family: Arial, sans-serif;\" onmouseover=\"this.style.backgroundColor='#e0e0e0'\" onmouseout=\"this.style.backgroundColor='#f7f7f7'\">NOVIEMBRE<\/div>\n            <\/a>\n            <a href=\"#\" style=\"text-decoration: none;\">\n                <div style=\"background-color: #f7f7f7; border: 1px solid #ddd; padding: 20px; text-align: center; font-size: 14px; color: #4b4f56; font-weight: bold; transition: background-color 0.3s ease; font-family: Arial, sans-serif;\" onmouseover=\"this.style.backgroundColor='#e0e0e0'\" onmouseout=\"this.style.backgroundColor='#f7f7f7'\">DICIEMBRE<\/div>\n            <\/a>\n        <\/div>\n    <\/div>\n\n    <div class=\"container\" id=\"seccion-presupuesto\"> \n        <h1 class=\"titulo\">PRESUPUESTO<\/h1>\n       \n        <div class=\"mes\"> \n            Enero\n            <div class=\"enlaces\">\n                <a href=\"#\" class=\"enlace\">Anexo Personal<\/a>\n                <a href=\"#\" class=\"enlace\">Ejecuci\u00f3n de Ingresos<\/a>\n                <a href=\"#\" class=\"enlace\">Ejecuci\u00f3n de Gastos<\/a>\n                <a href=\"#\" class=\"enlace\">Vi\u00e1ticos I<\/a>\n                <a href=\"#\" class=\"enlace\">Vacancias<\/a>\n                <a href=\"#\" class=\"enlace\">Vi\u00e1ticos II<\/a>\n            <\/div>\n        <\/div>\n\n        <div class=\"mes\">\n            Febrero\n            <div class=\"enlaces\">\n                <a href=\"#\" class=\"enlace\">Ejecuci\u00f3n de Gastos<\/a>\n                <a href=\"#\" class=\"enlace\">Ejecuci\u00f3n de Ingresos<\/a>\n                <a href=\"#\" class=\"enlace\">Vacancias<\/a>\n                <a href=\"#\" class=\"enlace\">Anexo Personal<\/a>\n                <a href=\"#\" class=\"enlace\">Vi\u00e1ticos<\/a>\n                <a href=\"#\" class=\"enlace\">Vi\u00e1ticos II<\/a>\n                <a href=\"#\" class=\"enlace\">Vi\u00e1ticos III<\/a>\n            <\/div>\n        <\/div>\n    \n        <div class=\"mes\"> \n            Marzo\n            <div class=\"enlaces\">\n                <a href=\"#\" class=\"enlace\">Anexo Personal<\/a>\n                <a href=\"#\" class=\"enlace\">Ejecuci\u00f3n de Gastos<\/a>\n                <a href=\"#\" class=\"enlace\">Ejecuci\u00f3n de Ingresos<\/a>\n                <a href=\"#\" class=\"enlace\">Vacancias<\/a>\n                <a href=\"#\" class=\"enlace\">Vi\u00e1ticos<\/a>\n                <a href=\"#\" class=\"enlace\">Vi\u00e1ticos II<\/a>\n                <a href=\"#\" class=\"enlace\">Vi\u00e1ticos III<\/a>\n            <\/div>\n        <\/div>\n    \n        <div class=\"mes\"> \n            Abril\n            <div class=\"enlaces\">\n                <a href=\"#\" class=\"enlace\">Anexo Personal<\/a>\n                <a href=\"#\" class=\"enlace\">Ejecuci\u00f3n de Gastos<\/a>\n                <a href=\"#\" class=\"enlace\">Ejecuci\u00f3n de Ingresos<\/a>\n                <a href=\"#\" class=\"enlace\">Vacancias<\/a>\n                <a href=\"#\" class=\"enlace\">Vi\u00e1ticos<\/a>\n                <a href=\"#\" class=\"enlace\">Vi\u00e1ticos II<\/a>\n                <a href=\"#\" class=\"enlace\">Vi\u00e1ticos III<\/a>\n            <\/div>\n        <\/div>\n\n        <div class=\"mes\">\n            Mayo\n            <div class=\"enlaces\">\n                <a href=\"#\" class=\"enlace\">Anexo Personal<\/a>\n                <a href=\"#\" class=\"enlace\">Ejecuci\u00f3n de Gastos<\/a>\n                <a href=\"#\" class=\"enlace\">Ejecuci\u00f3n de Ingresos<\/a>\n                <a href=\"#\" class=\"enlace\">Vacancias<\/a>\n                <a href=\"#\" class=\"enlace\">Vi\u00e1ticos<\/a>\n                <a href=\"#\" class=\"enlace\">Vi\u00e1ticos II<\/a>\n                <a href=\"#\" class=\"enlace\">Vi\u00e1ticos III<\/a>\n            <\/div>\n        <\/div>\n\n        <div class=\"mes\"> \n            Junio\n            <div class=\"enlaces\">\n                <a href=\"#\" class=\"enlace\">Anexo Personal<\/a>\n                <a href=\"#\" class=\"enlace\">Ejecuci\u00f3n de Gastos<\/a>\n                <a href=\"#\" class=\"enlace\">Ejecuci\u00f3n de Ingresos<\/a>\n                <a href=\"#\" class=\"enlace\">Vacancias<\/a>\n                <a href=\"#\" class=\"enlace\">Vi\u00e1ticos<\/a>\n                <a href=\"#\" class=\"enlace\">Vi\u00e1ticos II<\/a>\n                <a href=\"#\" class=\"enlace\">Vi\u00e1ticos III<\/a>\n            <\/div>\n        <\/div>\n\n        <div class=\"mes\"> \n            Julio\n            <div class=\"enlaces\">\n                <a href=\"#\" class=\"enlace\">Ejecuci\u00f3n de Gastos<\/a>\n                <a href=\"#\" class=\"enlace\">Ejecuci\u00f3n de Ingresos<\/a>\n                <a href=\"#\" class=\"enlace\">Vacancias<\/a>\n                <a href=\"#\" class=\"enlace\">Vi\u00e1ticos<\/a>\n                <a href=\"#\" class=\"enlace\">Vi\u00e1ticos II<\/a>\n                <a href=\"#\" class=\"enlace\">Vi\u00e1ticos III<\/a>\n            <\/div>\n        <\/div>\n\n        <div class=\"mes\"> \n            Agosto\n            <div class=\"enlaces\">\n                <a href=\"#\" class=\"enlace\">Ejecuci\u00f3n de Gastos<\/a>\n                <a href=\"#\" class=\"enlace\">Ejecuci\u00f3n de Ingresos<\/a>\n                <a href=\"#\" class=\"enlace\">Vacancias<\/a>\n                <a href=\"#\" class=\"enlace\">Vi\u00e1ticos<\/a>\n                <a href=\"#\" class=\"enlace\">Vi\u00e1ticos II<\/a>\n                <a href=\"#\" class=\"enlace\">Vi\u00e1ticos III<\/a>\n            <\/div>\n        <\/div>\n\n        <div class=\"mes\"> \n            Setiembre\n            <div class=\"enlaces\">\n                <a href=\"#\" class=\"enlace\">Ejecuci\u00f3n de Gastos<\/a>\n                <a href=\"#\" class=\"enlace\">Ejecuci\u00f3n de Ingresos<\/a>\n                <a href=\"#\" class=\"enlace\">Vacancias<\/a>\n                <a href=\"#\" class=\"enlace\">Vi\u00e1ticos<\/a>\n                <a href=\"#\" class=\"enlace\">Vi\u00e1ticos II<\/a>\n                <a href=\"#\" class=\"enlace\">Vi\u00e1ticos III<\/a>\n            <\/div>\n        <\/div>\n\n        <div class=\"mes\"> \n            Octubre\n            <div class=\"enlaces\">\n                <a href=\"#\" class=\"enlace\">Ejecuci\u00f3n de Gastos<\/a>\n                <a href=\"#\" class=\"enlace\">Ejecuci\u00f3n de Ingresos<\/a>\n                <a href=\"#\" class=\"enlace\">Vacancias<\/a>\n                <a href=\"#\" class=\"enlace\">Vi\u00e1ticos<\/a>\n                <a href=\"#\" class=\"enlace\">Vi\u00e1ticos II<\/a>\n                <a href=\"#\" class=\"enlace\">Vi\u00e1ticos III<\/a>\n            <\/div>\n        <\/div>\n\n        <div class=\"mes\"> \n            Noviembre\n            <div class=\"enlaces\">\n                <a href=\"#\" class=\"enlace\">Ejecuci\u00f3n de Gastos<\/a>\n                <a href=\"#\" class=\"enlace\">Ejecuci\u00f3n de Ingresos<\/a>\n                <a href=\"#\" class=\"enlace\">Vacancias<\/a>\n                <a href=\"#\" class=\"enlace\">Vi\u00e1ticos<\/a>\n                <a href=\"#\" class=\"enlace\">Vi\u00e1ticos II<\/a>\n                <a href=\"#\" class=\"enlace\">Vi\u00e1ticos III<\/a>\n            <\/div>\n        <\/div>\n\n        <div class=\"mes\"> \n            Diciembre\n            <div class=\"enlaces\">\n                <a href=\"#\" class=\"enlace\">Ejecuci\u00f3n de Gastos<\/a>\n                <a href=\"#\" class=\"enlace\">Ejecuci\u00f3n de Ingresos<\/a>\n                <a href=\"#\" class=\"enlace\">Vacancias<\/a>\n                <a href=\"#\" class=\"enlace\">Vi\u00e1ticos<\/a>\n                <a href=\"#\" class=\"enlace\">Vi\u00e1ticos II<\/a>\n                <a href=\"#\" class=\"enlace\">Vi\u00e1ticos III<\/a>\n            <\/div>\n        <\/div>\n    <\/div>\n<\/div><\/div>\n","protected":false},"excerpt":{"rendered":"<p>Resumen anual de Pagos 2026 NOMINA DE FUNCIONARIOS ENERO FEBRERO MARZO ABRIL MAYO JUNIO JULIO AGOSTO SETIEMBRE OCTUBRE NOVIEMBRE DICIEMBRE PRESUPUESTO Enero Anexo Personal Ejecuci\u00f3n de Ingresos Ejecuci\u00f3n de Gastos Vi\u00e1ticos I Vacancias Vi\u00e1ticos II Febrero Ejecuci\u00f3n de Gastos Ejecuci\u00f3n de Ingresos Vacancias Anexo Personal Vi\u00e1ticos Vi\u00e1ticos II Vi\u00e1ticos III Marzo Anexo Personal Ejecuci\u00f3n de [&hellip;]<\/p>\n","protected":false},"author":3,"featured_media":0,"parent":0,"menu_order":0,"comment_status":"closed","ping_status":"closed","template":"","meta":{"_acf_changed":false,"_uag_custom_page_level_css":"","footnotes":""},"class_list":["post-35684","page","type-page","status-publish","hentry"],"acf":[],"uagb_featured_image_src":{"full":false,"thumbnail":false,"medium":false,"medium_large":false,"large":false,"1536x1536":false,"2048x2048":false,"depicter-thumbnail":false},"uagb_author_info":{"display_name":"Santiago Barrios","author_link":"https:\/\/www.mtess.gov.py\/?author=3"},"uagb_comment_info":0,"uagb_excerpt":"Resumen anual de Pagos 2026 NOMINA DE FUNCIONARIOS ENERO FEBRERO MARZO ABRIL MAYO JUNIO JULIO AGOSTO SETIEMBRE OCTUBRE NOVIEMBRE DICIEMBRE PRESUPUESTO Enero Anexo Personal Ejecuci\u00f3n de Ingresos Ejecuci\u00f3n de Gastos Vi\u00e1ticos I Vacancias Vi\u00e1ticos II Febrero Ejecuci\u00f3n de Gastos Ejecuci\u00f3n de Ingresos Vacancias Anexo Personal Vi\u00e1ticos Vi\u00e1ticos II Vi\u00e1ticos III Marzo Anexo Personal Ejecuci\u00f3n de&hellip;","_links":{"self":[{"href":"https:\/\/www.mtess.gov.py\/index.php?rest_route=\/wp\/v2\/pages\/35684","targetHints":{"allow":["GET"]}}],"collection":[{"href":"https:\/\/www.mtess.gov.py\/index.php?rest_route=\/wp\/v2\/pages"}],"about":[{"href":"https:\/\/www.mtess.gov.py\/index.php?rest_route=\/wp\/v2\/types\/page"}],"author":[{"embeddable":true,"href":"https:\/\/www.mtess.gov.py\/index.php?rest_route=\/wp\/v2\/users\/3"}],"replies":[{"embeddable":true,"href":"https:\/\/www.mtess.gov.py\/index.php?rest_route=%2Fwp%2Fv2%2Fcomments&post=35684"}],"version-history":[{"count":2,"href":"https:\/\/www.mtess.gov.py\/index.php?rest_route=\/wp\/v2\/pages\/35684\/revisions"}],"predecessor-version":[{"id":35694,"href":"https:\/\/www.mtess.gov.py\/index.php?rest_route=\/wp\/v2\/pages\/35684\/revisions\/35694"}],"wp:attachment":[{"href":"https:\/\/www.mtess.gov.py\/index.php?rest_route=%2Fwp%2Fv2%2Fmedia&parent=35684"}],"curies":[{"name":"wp","href":"https:\/\/api.w.org\/{rel}","templated":true}]}}